{"id":50789,"date":"2023-06-27T13:33:13","date_gmt":"2023-06-27T11:33:13","guid":{"rendered":"https:\/\/moreda.com\/contact\/canaux-dinformation-et-de-plainte\/"},"modified":"2024-09-10T15:42:41","modified_gmt":"2024-09-10T13:42:41","slug":"canaux-dinformation-et-de-plainte","status":"publish","type":"page","link":"https:\/\/moreda.com\/fr\/contact\/canaux-dinformation-et-de-plainte\/","title":{"rendered":"Canaux d\u2019information et de plainte"},"content":{"rendered":"\t\t<div data-elementor-type=\"wp-page\" data-elementor-id=\"50789\" class=\"elementor elementor-50789 elementor-33903\" data-elementor-post-type=\"page\">\n\t\t\t\t\t\t<section class=\"elementor-section elementor-top-section elementor-element elementor-element-8644077 elementor-section-boxed elementor-section-height-default elementor-section-height-default\" data-id=\"8644077\" data-element_type=\"section\" data-e-type=\"section\">\n\t\t\t\t\t\t<div class=\"elementor-container elementor-column-gap-default\">\n\t\t\t\t\t<div class=\"elementor-column elementor-col-100 elementor-top-column elementor-element elementor-element-30998ba\" data-id=\"30998ba\" data-element_type=\"column\" data-e-type=\"column\">\n\t\t\t<div class=\"elementor-widget-wrap elementor-element-populated\">\n\t\t\t\t\t\t<div class=\"elementor-element elementor-element-270f132 elementor-widget elementor-widget-spacer\" data-id=\"270f132\" data-element_type=\"widget\" data-e-type=\"widget\" data-widget_type=\"spacer.default\">\n\t\t\t\t<div class=\"elementor-widget-container\">\n\t\t\t\t\t\t\t<div class=\"elementor-spacer\">\n\t\t\t<div class=\"elementor-spacer-inner\"><\/div>\n\t\t<\/div>\n\t\t\t\t\t\t<\/div>\n\t\t\t\t<\/div>\n\t\t\t\t<div class=\"elementor-element elementor-element-d4a4238 elementor-align-flex-start elementor-widget elementor-widget-raven-breadcrumbs\" data-id=\"d4a4238\" data-element_type=\"widget\" data-e-type=\"widget\" data-widget_type=\"raven-breadcrumbs.default\">\n\t\t\t\t<div class=\"elementor-widget-container\">\n\t\t\t\t\t<div class=\"raven-breadcrumbs raven-breadcrumbs-default\"><div class=\"breadcrumb\">\t\t\t\t<div class=\"breadcrumb-item active\" aria-current=\"page\"><span>Home<\/span><\/div>\n\n\t\t\t\t<\/div><\/div>\t\t\t\t<\/div>\n\t\t\t\t<\/div>\n\t\t\t\t<div class=\"elementor-element elementor-element-ebc6a83 elementor-widget elementor-widget-spacer\" data-id=\"ebc6a83\" data-element_type=\"widget\" data-e-type=\"widget\" data-widget_type=\"spacer.default\">\n\t\t\t\t<div class=\"elementor-widget-container\">\n\t\t\t\t\t\t\t<div class=\"elementor-spacer\">\n\t\t\t<div class=\"elementor-spacer-inner\"><\/div>\n\t\t<\/div>\n\t\t\t\t\t\t<\/div>\n\t\t\t\t<\/div>\n\t\t\t\t\t<\/div>\n\t\t<\/div>\n\t\t\t\t\t<\/div>\n\t\t<\/section>\n\t\t\t\t<section class=\"elementor-section elementor-top-section elementor-element elementor-element-3f47b14 elementor-section-boxed elementor-section-height-default elementor-section-height-default\" data-id=\"3f47b14\" data-element_type=\"section\" data-e-type=\"section\">\n\t\t\t\t\t\t<div class=\"elementor-container elementor-column-gap-default\">\n\t\t\t\t\t<div class=\"elementor-column elementor-col-100 elementor-top-column elementor-element elementor-element-8e2cf7d\" data-id=\"8e2cf7d\" data-element_type=\"column\" data-e-type=\"column\">\n\t\t\t<div class=\"elementor-widget-wrap elementor-element-populated\">\n\t\t\t\t\t\t<section class=\"elementor-section elementor-inner-section elementor-element elementor-element-c1dc350 elementor-section-boxed elementor-section-height-default elementor-section-height-default\" data-id=\"c1dc350\" data-element_type=\"section\" data-e-type=\"section\">\n\t\t\t\t\t\t<div class=\"elementor-container elementor-column-gap-default\">\n\t\t\t\t\t<div class=\"elementor-column elementor-col-100 elementor-inner-column elementor-element elementor-element-44ada5d\" data-id=\"44ada5d\" data-element_type=\"column\" data-e-type=\"column\">\n\t\t\t<div class=\"elementor-widget-wrap elementor-element-populated\">\n\t\t\t\t\t\t<div class=\"elementor-element elementor-element-fcef183 elementor-widget elementor-widget-heading\" data-id=\"fcef183\" data-element_type=\"widget\" data-e-type=\"widget\" data-widget_type=\"heading.default\">\n\t\t\t\t<div class=\"elementor-widget-container\">\n\t\t\t\t\t<h2 class=\"elementor-heading-title elementor-size-default\"><h1><span style=\"margin: 0px;padding: 0px;border: 0px;font: inherit;vertical-align: baseline\">Canaux d\u2019information et de plainte <\/span><\/h1><\/h2>\t\t\t\t<\/div>\n\t\t\t\t<\/div>\n\t\t\t\t\t<\/div>\n\t\t<\/div>\n\t\t\t\t\t<\/div>\n\t\t<\/section>\n\t\t\t\t\t<\/div>\n\t\t<\/div>\n\t\t\t\t\t<\/div>\n\t\t<\/section>\n\t\t\t\t<section class=\"elementor-section elementor-top-section elementor-element elementor-element-e019d3a elementor-section-boxed elementor-section-height-default elementor-section-height-default\" data-id=\"e019d3a\" data-element_type=\"section\" data-e-type=\"section\">\n\t\t\t\t\t\t<div class=\"elementor-container elementor-column-gap-default\">\n\t\t\t\t\t<div class=\"elementor-column elementor-col-100 elementor-top-column elementor-element elementor-element-9dacad4\" data-id=\"9dacad4\" data-element_type=\"column\" data-e-type=\"column\">\n\t\t\t<div class=\"elementor-widget-wrap elementor-element-populated\">\n\t\t\t\t\t\t<div class=\"elementor-element elementor-element-ca5fd16 elementor-widget elementor-widget-spacer\" data-id=\"ca5fd16\" data-element_type=\"widget\" data-e-type=\"widget\" data-widget_type=\"spacer.default\">\n\t\t\t\t<div class=\"elementor-widget-container\">\n\t\t\t\t\t\t\t<div class=\"elementor-spacer\">\n\t\t\t<div class=\"elementor-spacer-inner\"><\/div>\n\t\t<\/div>\n\t\t\t\t\t\t<\/div>\n\t\t\t\t<\/div>\n\t\t\t\t<div class=\"elementor-element elementor-element-2e06a4c elementor-widget elementor-widget-text-editor\" data-id=\"2e06a4c\" data-element_type=\"widget\" data-e-type=\"widget\" data-widget_type=\"text-editor.default\">\n\t\t\t\t<div class=\"elementor-widget-container\">\n\t\t\t\t\t\t\t\t\t<p>Dans le cadre de son engagement en mati\u00e8re d\u2019\u00e9thique, CELSA Group met \u00e0 la disposition de ses parties prenantes des canaux par lesquels elles peuvent demander des informations et\/ou poser des questions sur des sujets \u00e9thiques.<\/p>\n<p>Le syst\u00e8me interne d\u2019information permet de communiquer des informations sur les infractions susceptibles de constituer un d\u00e9lit p\u00e9nal ou administratif grave ou tr\u00e8s grave, ainsi que sur les infractions dans le domaine du droit du travail, de la sant\u00e9 et de la s\u00e9curit\u00e9. Il est con\u00e7u, mis en place et g\u00e9r\u00e9 de mani\u00e8re s\u00e9curis\u00e9e, afin de garantir la confidentialit\u00e9 de l\u2019identit\u00e9 de l\u2019informateur et de tout tiers mentionn\u00e9 dans la communication, ainsi que des actions men\u00e9es dans le cadre de la gestion et du traitement de celle-ci, de m\u00eame que la protection des donn\u00e9es, en emp\u00eachant l\u2019acc\u00e8s par du personnel non autoris\u00e9. Le canal permet de pr\u00e9senter des communications orales et \u00e9crites. Les communications anonymes sont \u00e9galement autoris\u00e9es.   <\/p>\n<p>La possibilit\u00e9 d\u2019utiliser des canaux externes d\u2019information aux autorit\u00e9s comp\u00e9tentes et, le cas \u00e9ch\u00e9ant, aux institutions, organes ou agences de l\u2019Union europ\u00e9enne sera notifi\u00e9e aux plaignants lorsque l\u2019\u00ab Autorit\u00e9 ind\u00e9pendante pour la protection de l\u2019informateur \u00bb sera mise en place conform\u00e9ment aux dispositions des r\u00e9glementations europ\u00e9enne et nationale.<\/p>\n\t\t\t\t\t\t\t\t<\/div>\n\t\t\t\t<\/div>\n\t\t\t\t<div class=\"elementor-element elementor-element-b1937af elementor-widget elementor-widget-text-editor\" data-id=\"b1937af\" data-element_type=\"widget\" data-e-type=\"widget\" data-widget_type=\"text-editor.default\">\n\t\t\t\t<div class=\"elementor-widget-container\">\n\t\t\t\t\t\t\t\t\t<div class=\"wpb_row vc_row vc_row-fluid jupiter-donut- mk-fullwidth-false attched-false fila-direcciones-denuncia vc_custom_1687353638900 js-master-row mk-grid mk-in-viewport\">\n<div class=\"vc_col-sm-12 wpb_column column_container jupiter-donut- _ jupiter-donut-height-full\">\n<div class=\" vc_custom_1687348305873\">\n<div id=\"text-block-15\" class=\"mk-text-block jupiter-donut- font-size-canales-denuncia\">\n<p>\u00c0 l&#8217;attention de :<\/p>\n<p>Responsable du syst\u00e8me interne des canaux d\u2019information<\/p>\n<p>Adresse :<\/p>\n<p>Rond Point Claudius Magnin F-64340 Boucau <\/p>\n<div class=\"clearboth\"> <\/div>\n<\/div>\n<\/div>\n<\/div>\n<\/div>\n<div class=\"wpb_row vc_row vc_row-fluid jupiter-donut- mk-fullwidth-false add-padding-0 attched-true fila-direcciones-denuncia vc_custom_1687353908078 js-master-row mk-grid mk-in-viewport\">\n<div class=\"vc_col-sm-6 wpb_column column_container jupiter-donut- _ jupiter-donut-height-full\">\n<div class=\" vc_custom_1687348383117\">\n<div id=\"text-block-17\" class=\"mk-text-block jupiter-donut- font-size-canales-denuncia\">\n<p>Adresse \u00e9lectronique : <a href=\"mailto:speakup@gcelsa.com\" target=\"_blank\" rel=\"noopener\">speakup@gcelsa.com<\/a><\/p>\n<\/div>\n<\/div>\n<\/div>\n<div class=\"vc_col-sm-6 wpb_column column_container jupiter-donut- _ jupiter-donut-height-full\">\n<div class=\" vc_custom_1687348428828\">\n<div id=\"text-block-19\" class=\"mk-text-block jupiter-donut- font-size-canales-denuncia\">\n<p>T\u00e9l. <a href=\"tel:+33559644100\" target=\"_blank\" rel=\"noopener\">+33 (0)5 59 64 41 00<\/a><\/p>\n<\/div>\n<\/div>\n<\/div>\n<\/div>\n\t\t\t\t\t\t\t\t<\/div>\n\t\t\t\t<\/div>\n\t\t\t\t<div class=\"elementor-element elementor-element-70b4fbb elementor-widget elementor-widget-text-editor\" data-id=\"70b4fbb\" data-element_type=\"widget\" data-e-type=\"widget\" data-widget_type=\"text-editor.default\">\n\t\t\t\t<div class=\"elementor-widget-container\">\n\t\t\t\t\t\t\t\t\t<p>Les informateurs b\u00e9n\u00e9ficient des droits d\u00e9coulant de l\u2019application des principes de protection des personnes qui signalent la commission d\u2019actes ou d\u2019omissions susceptibles de constituer des infractions p\u00e9nales, administratives, au droit du travail ou au droit de l\u2019Union europ\u00e9enne, encourageant la collaboration citoyenne en reconnaissant les droits des informateurs et en \u00e9tablissant pour eux des garanties contre d\u2019\u00e9ventuelles repr\u00e9sailles, le tout en int\u00e9grant les principes \u00e9nonc\u00e9s dans la directive (UE) 2019\/1937 du Parlement europ\u00e9en et du Conseil du 23 octobre 2019.<\/p>\n<p>En cons\u00e9quence, les informateurs ne peuvent faire l\u2019objet de repr\u00e9sailles, c\u2019est-\u00e0-dire tout acte entra\u00eenant directement ou indirectement un traitement d\u00e9favorable qui place les personnes qui le subissent dans une situation particuli\u00e8rement d\u00e9savantageuse dans le contexte du travail, uniquement en raison de leur statut d\u2019informateur. Les menaces de repr\u00e9sailles et les tentatives de repr\u00e9sailles \u00e0 l\u2019encontre des personnes qui soumettent une communication conform\u00e9ment \u00e0 la loi sont \u00e9galement interdites. \u00c0 titre d\u2019exemple, sont consid\u00e9r\u00e9es comme repr\u00e9sailles interdites : la suspension du contrat de travail, le licenciement ou la r\u00e9siliation de la relation de travail, l\u2019annulation des contrats, l\u2019imposition de mesures disciplinaires ; les dommages, y compris les atteintes \u00e0 la r\u00e9putation, ou les pertes \u00e9conomiques, la coercition, l\u2019intimidation ou le harc\u00e8lement ; les \u00e9valuations ou r\u00e9f\u00e9rences n\u00e9gatives concernant les performances professionnelles ; l\u2019\u00e9tablissement de listes noires ou la diffusion d\u2019informations qui entravent l\u2019acc\u00e8s \u00e0 l\u2019emploi ou \u00e0 la passation de march\u00e9s ; le refus d\u2019un cong\u00e9 ; le refus de formation ; un traitement d\u00e9favorable ou injuste.  <\/p>\n\t\t\t\t\t\t\t\t<\/div>\n\t\t\t\t<\/div>\n\t\t\t\t\t<\/div>\n\t\t<\/div>\n\t\t\t\t\t<\/div>\n\t\t<\/section>\n\t\t\t\t<\/div>\n\t\t","protected":false},"excerpt":{"rendered":"<p>Home Canaux d\u2019information et de plainte Dans le cadre de son engagement en mati\u00e8re d\u2019\u00e9thique, CELSA Group met \u00e0 la disposition de ses parties prenantes des canaux par lesquels elles peuvent demander des informations et\/ou poser des questions sur des sujets \u00e9thiques. Le syst\u00e8me interne d\u2019information permet de communiquer des informations sur les infractions susceptibles [&hellip;]<\/p>\n","protected":false},"author":1,"featured_media":0,"parent":37789,"menu_order":0,"comment_status":"closed","ping_status":"open","template":"elementor_header_footer","meta":{"_acf_changed":false,"footnotes":""},"class_list":["post-50789","page","type-page","status-publish","hentry"],"acf":[],"yoast_head":"<!-- This site is optimized with the Yoast SEO plugin v27.2 - https:\/\/yoast.com\/product\/yoast-seo-wordpress\/ -->\n<title>Canaux d\u2019information et de plainte - Moreda Riviere Trefiler\u00edas. Fabricante de vallas y alambres<\/title>\n<meta name=\"description\" content=\"Nous vous offrons un portail pour les employ\u00e9s avec lequel vous pouvez obtenir des informations utiles et adapt\u00e9es \u00e0 vos besoins en temps r\u00e9el.\" \/>\n<meta name=\"robots\" content=\"noindex, follow\" \/>\n<meta property=\"og:locale\" content=\"fr_FR\" \/>\n<meta property=\"og:type\" content=\"article\" \/>\n<meta property=\"og:title\" content=\"Canaux d\u2019information et de plainte - Moreda Riviere Trefiler\u00edas. Fabricante de vallas y alambres\" \/>\n<meta property=\"og:description\" content=\"Nous vous offrons un portail pour les employ\u00e9s avec lequel vous pouvez obtenir des informations utiles et adapt\u00e9es \u00e0 vos besoins en temps r\u00e9el.\" \/>\n<meta property=\"og:url\" content=\"https:\/\/moreda.com\/fr\/contact\/canaux-dinformation-et-de-plainte\/\" \/>\n<meta property=\"og:site_name\" content=\"MRT\" \/>\n<meta property=\"article:publisher\" content=\"https:\/\/www.facebook.com\/moredarivieretrefileriassa\" \/>\n<meta property=\"article:modified_time\" content=\"2024-09-10T13:42:41+00:00\" \/>\n<meta property=\"og:image\" content=\"https:\/\/moreda.com\/wp-content\/uploads\/2022\/05\/MRT-logo-header.png\" \/>\n\t<meta property=\"og:image:width\" content=\"88\" \/>\n\t<meta property=\"og:image:height\" content=\"99\" \/>\n\t<meta property=\"og:image:type\" content=\"image\/png\" \/>\n<meta name=\"twitter:card\" content=\"summary_large_image\" \/>\n<meta name=\"twitter:site\" content=\"@MoredaRiviere\" \/>\n<meta name=\"twitter:label1\" content=\"Dur\u00e9e de lecture estim\u00e9e\" \/>\n\t<meta name=\"twitter:data1\" content=\"3 minutes\" \/>\n<script type=\"application\/ld+json\" class=\"yoast-schema-graph\">{\"@context\":\"https:\/\/schema.org\",\"@graph\":[{\"@type\":\"WebPage\",\"@id\":\"https:\/\/moreda.com\/fr\/contact\/canaux-dinformation-et-de-plainte\/\",\"url\":\"https:\/\/moreda.com\/fr\/contact\/canaux-dinformation-et-de-plainte\/\",\"name\":\"Canaux d\u2019information et de plainte - Moreda Riviere Trefiler\u00edas. Fabricante de vallas y alambres\",\"isPartOf\":{\"@id\":\"https:\/\/moreda.com\/fr\/#website\"},\"datePublished\":\"2023-06-27T11:33:13+00:00\",\"dateModified\":\"2024-09-10T13:42:41+00:00\",\"description\":\"Nous vous offrons un portail pour les employ\u00e9s avec lequel vous pouvez obtenir des informations utiles et adapt\u00e9es \u00e0 vos besoins en temps r\u00e9el.\",\"breadcrumb\":{\"@id\":\"https:\/\/moreda.com\/fr\/contact\/canaux-dinformation-et-de-plainte\/#breadcrumb\"},\"inLanguage\":\"fr-FR\",\"potentialAction\":[{\"@type\":\"ReadAction\",\"target\":[\"https:\/\/moreda.com\/fr\/contact\/canaux-dinformation-et-de-plainte\/\"]}]},{\"@type\":\"BreadcrumbList\",\"@id\":\"https:\/\/moreda.com\/fr\/contact\/canaux-dinformation-et-de-plainte\/#breadcrumb\",\"itemListElement\":[{\"@type\":\"ListItem\",\"position\":1,\"name\":\"Portada\",\"item\":\"https:\/\/moreda.com\/fr\/home\/\"},{\"@type\":\"ListItem\",\"position\":2,\"name\":\"Contact\",\"item\":\"https:\/\/moreda.com\/fr\/contacto\/\"},{\"@type\":\"ListItem\",\"position\":3,\"name\":\"Canaux d\u2019information et de plainte\"}]},{\"@type\":\"WebSite\",\"@id\":\"https:\/\/moreda.com\/fr\/#website\",\"url\":\"https:\/\/moreda.com\/fr\/\",\"name\":\"MRT - Moreda Riviere Trefiler\u00edas\",\"description\":\"Moreda Riviere Trefiler\u00edas. Fabricante de vallas y alambres\",\"publisher\":{\"@id\":\"https:\/\/moreda.com\/fr\/#organization\"},\"alternateName\":\"MRT\",\"potentialAction\":[{\"@type\":\"SearchAction\",\"target\":{\"@type\":\"EntryPoint\",\"urlTemplate\":\"https:\/\/moreda.com\/fr\/?s={search_term_string}\"},\"query-input\":{\"@type\":\"PropertyValueSpecification\",\"valueRequired\":true,\"valueName\":\"search_term_string\"}}],\"inLanguage\":\"fr-FR\"},{\"@type\":\"Organization\",\"@id\":\"https:\/\/moreda.com\/fr\/#organization\",\"name\":\"Moreda Riviere Trefiler\u00edas\",\"alternateName\":\"MRT\",\"url\":\"https:\/\/moreda.com\/fr\/\",\"logo\":{\"@type\":\"ImageObject\",\"inLanguage\":\"fr-FR\",\"@id\":\"https:\/\/moreda.com\/fr\/#\/schema\/logo\/image\/\",\"url\":\"https:\/\/moreda.com\/wp-content\/uploads\/2022\/05\/logo-moreda-stiky.svg\",\"contentUrl\":\"https:\/\/moreda.com\/wp-content\/uploads\/2022\/05\/logo-moreda-stiky.svg\",\"width\":541,\"height\":247,\"caption\":\"Moreda Riviere Trefiler\u00edas\"},\"image\":{\"@id\":\"https:\/\/moreda.com\/fr\/#\/schema\/logo\/image\/\"},\"sameAs\":[\"https:\/\/www.facebook.com\/moredarivieretrefileriassa\",\"https:\/\/x.com\/MoredaRiviere\",\"https:\/\/www.youtube.com\/user\/MOREDARIVIERE\",\"https:\/\/www.linkedin.com\/company\/trefilerias-moreda-riviere\",\"https:\/\/www.instagram.com\/moreda.riviere.trefilerias\/\"]}]}<\/script>\n<!-- \/ Yoast SEO plugin. -->","yoast_head_json":{"title":"Canaux d\u2019information et de plainte - Moreda Riviere Trefiler\u00edas. Fabricante de vallas y alambres","description":"Nous vous offrons un portail pour les employ\u00e9s avec lequel vous pouvez obtenir des informations utiles et adapt\u00e9es \u00e0 vos besoins en temps r\u00e9el.","robots":{"index":"noindex","follow":"follow"},"og_locale":"fr_FR","og_type":"article","og_title":"Canaux d\u2019information et de plainte - Moreda Riviere Trefiler\u00edas. Fabricante de vallas y alambres","og_description":"Nous vous offrons un portail pour les employ\u00e9s avec lequel vous pouvez obtenir des informations utiles et adapt\u00e9es \u00e0 vos besoins en temps r\u00e9el.","og_url":"https:\/\/moreda.com\/fr\/contact\/canaux-dinformation-et-de-plainte\/","og_site_name":"MRT","article_publisher":"https:\/\/www.facebook.com\/moredarivieretrefileriassa","article_modified_time":"2024-09-10T13:42:41+00:00","og_image":[{"width":88,"height":99,"url":"https:\/\/moreda.com\/wp-content\/uploads\/2022\/05\/MRT-logo-header.png","type":"image\/png"}],"twitter_card":"summary_large_image","twitter_site":"@MoredaRiviere","twitter_misc":{"Dur\u00e9e de lecture estim\u00e9e":"3 minutes"},"schema":{"@context":"https:\/\/schema.org","@graph":[{"@type":"WebPage","@id":"https:\/\/moreda.com\/fr\/contact\/canaux-dinformation-et-de-plainte\/","url":"https:\/\/moreda.com\/fr\/contact\/canaux-dinformation-et-de-plainte\/","name":"Canaux d\u2019information et de plainte - Moreda Riviere Trefiler\u00edas. Fabricante de vallas y alambres","isPartOf":{"@id":"https:\/\/moreda.com\/fr\/#website"},"datePublished":"2023-06-27T11:33:13+00:00","dateModified":"2024-09-10T13:42:41+00:00","description":"Nous vous offrons un portail pour les employ\u00e9s avec lequel vous pouvez obtenir des informations utiles et adapt\u00e9es \u00e0 vos besoins en temps r\u00e9el.","breadcrumb":{"@id":"https:\/\/moreda.com\/fr\/contact\/canaux-dinformation-et-de-plainte\/#breadcrumb"},"inLanguage":"fr-FR","potentialAction":[{"@type":"ReadAction","target":["https:\/\/moreda.com\/fr\/contact\/canaux-dinformation-et-de-plainte\/"]}]},{"@type":"BreadcrumbList","@id":"https:\/\/moreda.com\/fr\/contact\/canaux-dinformation-et-de-plainte\/#breadcrumb","itemListElement":[{"@type":"ListItem","position":1,"name":"Portada","item":"https:\/\/moreda.com\/fr\/home\/"},{"@type":"ListItem","position":2,"name":"Contact","item":"https:\/\/moreda.com\/fr\/contacto\/"},{"@type":"ListItem","position":3,"name":"Canaux d\u2019information et de plainte"}]},{"@type":"WebSite","@id":"https:\/\/moreda.com\/fr\/#website","url":"https:\/\/moreda.com\/fr\/","name":"MRT - Moreda Riviere Trefiler\u00edas","description":"Moreda Riviere Trefiler\u00edas. Fabricante de vallas y alambres","publisher":{"@id":"https:\/\/moreda.com\/fr\/#organization"},"alternateName":"MRT","potentialAction":[{"@type":"SearchAction","target":{"@type":"EntryPoint","urlTemplate":"https:\/\/moreda.com\/fr\/?s={search_term_string}"},"query-input":{"@type":"PropertyValueSpecification","valueRequired":true,"valueName":"search_term_string"}}],"inLanguage":"fr-FR"},{"@type":"Organization","@id":"https:\/\/moreda.com\/fr\/#organization","name":"Moreda Riviere Trefiler\u00edas","alternateName":"MRT","url":"https:\/\/moreda.com\/fr\/","logo":{"@type":"ImageObject","inLanguage":"fr-FR","@id":"https:\/\/moreda.com\/fr\/#\/schema\/logo\/image\/","url":"https:\/\/moreda.com\/wp-content\/uploads\/2022\/05\/logo-moreda-stiky.svg","contentUrl":"https:\/\/moreda.com\/wp-content\/uploads\/2022\/05\/logo-moreda-stiky.svg","width":541,"height":247,"caption":"Moreda Riviere Trefiler\u00edas"},"image":{"@id":"https:\/\/moreda.com\/fr\/#\/schema\/logo\/image\/"},"sameAs":["https:\/\/www.facebook.com\/moredarivieretrefileriassa","https:\/\/x.com\/MoredaRiviere","https:\/\/www.youtube.com\/user\/MOREDARIVIERE","https:\/\/www.linkedin.com\/company\/trefilerias-moreda-riviere","https:\/\/www.instagram.com\/moreda.riviere.trefilerias\/"]}]}},"_links":{"self":[{"href":"https:\/\/moreda.com\/fr\/wp-json\/wp\/v2\/pages\/50789","targetHints":{"allow":["GET"]}}],"collection":[{"href":"https:\/\/moreda.com\/fr\/wp-json\/wp\/v2\/pages"}],"about":[{"href":"https:\/\/moreda.com\/fr\/wp-json\/wp\/v2\/types\/page"}],"author":[{"embeddable":true,"href":"https:\/\/moreda.com\/fr\/wp-json\/wp\/v2\/users\/1"}],"replies":[{"embeddable":true,"href":"https:\/\/moreda.com\/fr\/wp-json\/wp\/v2\/comments?post=50789"}],"version-history":[{"count":9,"href":"https:\/\/moreda.com\/fr\/wp-json\/wp\/v2\/pages\/50789\/revisions"}],"predecessor-version":[{"id":50805,"href":"https:\/\/moreda.com\/fr\/wp-json\/wp\/v2\/pages\/50789\/revisions\/50805"}],"up":[{"embeddable":true,"href":"https:\/\/moreda.com\/fr\/wp-json\/wp\/v2\/pages\/37789"}],"wp:attachment":[{"href":"https:\/\/moreda.com\/fr\/wp-json\/wp\/v2\/media?parent=50789"}],"curies":[{"name":"wp","href":"https:\/\/api.w.org\/{rel}","templated":true}]}}