{"id":50549,"date":"2021-11-25T08:39:27","date_gmt":"2021-11-25T06:39:27","guid":{"rendered":"https:\/\/moreda.com\/?page_id=50549"},"modified":"2025-03-03T13:40:47","modified_gmt":"2025-03-03T11:40:47","slug":"mentions-legales","status":"publish","type":"page","link":"https:\/\/moreda.com\/fr\/mentions-legales\/","title":{"rendered":"Mentions l\u00e9gales"},"content":{"rendered":"\t\t<div data-elementor-type=\"wp-page\" data-elementor-id=\"50549\" class=\"elementor elementor-50549 elementor-8399\" data-elementor-post-type=\"page\">\n\t\t\t\t\t\t<section class=\"elementor-section elementor-top-section elementor-element elementor-element-3396e52 elementor-section-boxed elementor-section-height-default elementor-section-height-default\" data-id=\"3396e52\" data-element_type=\"section\" data-e-type=\"section\">\n\t\t\t\t\t\t<div class=\"elementor-container elementor-column-gap-default\">\n\t\t\t\t\t<div class=\"elementor-column elementor-col-100 elementor-top-column elementor-element elementor-element-b224b3e\" data-id=\"b224b3e\" data-element_type=\"column\" data-e-type=\"column\">\n\t\t\t<div class=\"elementor-widget-wrap elementor-element-populated\">\n\t\t\t\t\t\t<div class=\"elementor-element elementor-element-0b6817f elementor-widget elementor-widget-spacer\" data-id=\"0b6817f\" data-element_type=\"widget\" data-e-type=\"widget\" data-widget_type=\"spacer.default\">\n\t\t\t\t<div class=\"elementor-widget-container\">\n\t\t\t\t\t\t\t<div class=\"elementor-spacer\">\n\t\t\t<div class=\"elementor-spacer-inner\"><\/div>\n\t\t<\/div>\n\t\t\t\t\t\t<\/div>\n\t\t\t\t<\/div>\n\t\t\t\t<div class=\"elementor-element elementor-element-26fe0f4 elementor-widget elementor-widget-text-editor\" data-id=\"26fe0f4\" data-element_type=\"widget\" data-e-type=\"widget\" data-widget_type=\"text-editor.default\">\n\t\t\t\t<div class=\"elementor-widget-container\">\n\t\t\t\t\t\t\t\t\t<div class=\"vc_row wpb_row vc_row-fluid\"><div class=\"wpb_column vc_column_container vc_col-sm-12\"><div class=\"vc_column-inner\"><div class=\"wpb_wrapper\"><h1><b>Mentions l\u00e9gales<\/b><\/h1><h2 class=\"vc_custom_heading\" style=\"text-align: left;\">\u00a0<\/h2><p><span style=\"font-weight: 400;\">Ce site Internet appartient \u00e0 Moreda Riviere Trefiler\u00edas, S.A. (ci-apr\u00e8s \u00ab\u2009<\/span><b>CELSA <\/b><span style=\"font-weight: 400;\">\u00bb), dont le si\u00e8ge social est sis Carrer de la Ferralla, 12, Pol. Ind. San Vicente 08755 &#8211; Castellbisbal (Barcelone &#8211; Espagne), code d\u2019identification fiscale (CIF) A59525113 et adresse \u00e9lectronique <\/span><a href=\"mailto:GDPR@gcelsa.com\"><span style=\"font-weight: 400;\">GDPR@gcelsa.com<\/span><\/a><span style=\"font-weight: 400;\">.<\/span><\/p><p><span style=\"font-weight: 400;\">Les noms de domaine par lesquels vous avez acc\u00e9d\u00e9 au portail sont la propri\u00e9t\u00e9 de CELSA. Ces noms de domaine ne peuvent pas \u00eatre utilis\u00e9s en relation avec d&#8217;autres contenus, produits ou services qui n&#8217;appartiennent pas \u00e0 CELSA, ni d&#8217;une mani\u00e8re qui pourrait cr\u00e9er une confusion parmi les utilisateurs finaux ou nuire \u00e0 la r\u00e9putation de Celsa.<\/span><\/p><h2 class=\"vc_custom_heading\" style=\"text-align: left;\">\u00a0<\/h2><h2><b>Objet<\/b><\/h2><p><span style=\"font-weight: 400;\">Le pr\u00e9sent avis juridique contient les termes et conditions qui r\u00e9gissent : l&#8217;acc\u00e8s, la navigation et l&#8217;utilisation du site web ; les responsabilit\u00e9s d\u00e9coulant de l&#8217;utilisation du site web et de la fourniture et\/ou de l&#8217;adjudication des produits ou services qui, le cas \u00e9ch\u00e9ant, peuvent \u00eatre offerts \u00e0 travers le site web ; et la fourniture et l&#8217;utilisation des contenus du site web.<\/span><\/p><p><span style=\"font-weight: 400;\">Le simple fait d&#8217;acc\u00e9der au site web, de remplir des formulaires, d&#8217;envoyer des demandes d&#8217;information, des requ\u00eates, des plaintes, des offres de recrutement, des curriculum vitae et, en g\u00e9n\u00e9ral, tout acte de nature similaire \u00e0 ce qui pr\u00e9c\u00e8de effectu\u00e9 par le biais des formulaires et\/ou des bo\u00eetes aux lettres \u00e9lectroniques existant sur le site web implique, de votre part, l&#8217;acceptation sans r\u00e9serve de toutes et de chacune des r\u00e8gles incluses dans le pr\u00e9sent avis juridique et l&#8217;acquisition de la consid\u00e9ration d&#8217;utilisateur du site web. Par cons\u00e9quent, vous devez lire attentivement et comprendre le contenu de cet avis juridique.<\/span><\/p><h2 class=\"vc_custom_heading\" style=\"text-align: left;\">\u00a0<\/h2><h2><b>Utilisation correcte du contenu<\/b><\/h2><p><span style=\"font-weight: 400;\">L&#8217;utilisateur s&#8217;engage \u00e0 utiliser les contenus mis \u00e0 disposition sur le site web, \u00e0 savoir, sans que cette liste soit limitative, les informations, les communications, les logiciels, les photos, les vid\u00e9os, les graphiques, la musique, les sons, les images, les ic\u00f4nes, la conception graphique et les autres mat\u00e9riels et services (ci-apr\u00e8s, les &#8220;contenus&#8221;) de mani\u00e8re diligente, correcte et conforme la loi, aux pr\u00e9sentes conditions et aux autres avis, r\u00e8glements et instructions port\u00e9s \u00e0 sa connaissance, ainsi qu&#8217;\u00e0 la morale et aux bonnes coutumes g\u00e9n\u00e9ralement accept\u00e9es et \u00e0 l&#8217;ordre public.\u00a0<\/span><\/p><p><span style=\"font-weight: 400;\">En cas de non-respect de l&#8217;une de ces obligations et\/ou d&#8217;autres obligations pr\u00e9vues dans les pr\u00e9sentes conditions, Celsa se r\u00e9serve le droit de prendre les mesures juridiques appropri\u00e9es, ainsi que le droit de restreindre l&#8217;acc\u00e8s au site web.<\/span>\u00a0<\/p><h2>\u00a0<\/h2><h2><b>Propri\u00e9t\u00e9 et droits de propri\u00e9t\u00e9 intellectuelle et industrielle<\/b><\/h2><p><span style=\"font-weight: 400;\">Le contenu du site est soit la propri\u00e9t\u00e9 de Celsa, soit sous licence de fournisseurs de contenu ind\u00e9pendants. En acceptant les pr\u00e9sentes conditions, Celsa vous autorise \u00e0 consulter et \u00e0 utiliser le mat\u00e9riel contenu dans ce site uniquement pour votre usage personnel et non commercial et sous r\u00e9serve des pr\u00e9sentes conditions.<\/span><\/p><p><span style=\"font-weight: 400;\">En particulier, les droits de propri\u00e9t\u00e9 intellectuelle et industrielle d\u00e9riv\u00e9s de tous les Contenus du site appartiennent, en propre ou en tant que licenci\u00e9, \u00e0 Celsa. En ce sens, la reproduction -sauf pour un usage priv\u00e9-, la transformation, la distribution, la communication publique, la mise \u00e0 disposition du public ou toute autre exploitation des Contenus du site web est interdite sans l&#8217;accord pr\u00e9alable, expr\u00e8s et \u00e9crit de Celsa.<\/span><\/p><p><span style=\"font-weight: 400;\">Vous n&#8217;\u00eates pas autoris\u00e9 \u00e0 \u00e9tablir un lien vers un site web de Celsa ou \u00e0 publier du contenu \u00e0 partir d&#8217;une URL sans l&#8217;autorisation \u00e9crite expresse de Celsa. Pour ce faire, veuillez contacter le webmestre mentionn\u00e9 dans l&#8217;en-t\u00eate du pr\u00e9sent avis si vous avez des questions ou des suggestions.<\/span><\/p><p><span style=\"font-weight: 400;\">En particulier, les comportements suivants sont interdits, \u00e0 titre d&#8217;exemple seulement :<\/span><\/p><ol><li style=\"font-weight: 400;\" aria-level=\"1\"><span style=\"font-weight: 400;\">La reproduction totale ou partielle du contenu du site web, sous quelque format que ce soit.<\/span><\/li><li style=\"font-weight: 400;\" aria-level=\"1\"><span style=\"font-weight: 400;\">La copie, la distribution, ainsi que la mise \u00e0 disposition du public par toute forme de communication publique, la transformation ou la modification du contenu.<\/span><\/li><li style=\"font-weight: 400;\" aria-level=\"1\"><span style=\"font-weight: 400;\">La diffusion de textes publi\u00e9s sur le site web, sans en indiquer la source.<\/span><\/li><li style=\"font-weight: 400;\" aria-level=\"1\"><span style=\"font-weight: 400;\">L&#8217;utilisation ou la modification de marques, dessins, logos, formulaires ou autres, en tout ou en partie.<\/span><\/li><\/ol><p><span style=\"font-weight: 400;\">Pour l&#8217;utilisation du contenu de ce site web dans les m\u00e9dias et similaires, veuillez contacter GDPR@gcelsa.com afin d&#8217;obtenir l&#8217;autorisation n\u00e9cessaire ou pour poser toutes les questions que vous pourriez avoir.<\/span><\/p><p><span style=\"font-weight: 400;\">Toute utilisation non autoris\u00e9e du contenu de cette Plateforme constituera une infraction aux lois sur la propri\u00e9t\u00e9 intellectuelle, la propri\u00e9t\u00e9 industrielle et\/ou la concurrence d\u00e9loyale, ainsi qu&#8217;\u00e0 d&#8217;autres r\u00e9glementations \u00e9ventuelles. Celsa utilisera les dispositions de la loi, en exer\u00e7ant les actions civiles et\/ou p\u00e9nales qui correspondent \u00e0 ceux qui enfreignent ou l\u00e8sent leurs droits.<\/span><\/p><h2>\u00a0<\/h2><h2><b>Limitation de responsabilit\u00e9<\/b><\/h2><p><span style=\"font-weight: 400;\">Toute utilisation du site web et de son contenu est pr\u00e9sum\u00e9e \u00eatre effectu\u00e9e par l&#8217;utilisateur \u00e0 ses propres risques. Par cons\u00e9quent, l&#8217;acc\u00e8s au site se fait aux risques et p\u00e9rils de l&#8217;utilisateur, auquel il incombe d&#8217;utiliser les moyens appropri\u00e9s pour \u00e9viter tout dommage ou virus. De m\u00eame, l&#8217;utilisateur s&#8217;engage \u00e0 \u00e9viter tout comportement susceptible d&#8217;endommager, de rendre inutilisable, de d\u00e9t\u00e9riorer, de surcharger ou de nuire, de quelque mani\u00e8re que ce soit, au site web et \u00e0 son utilisation.<\/span><\/p><p><span style=\"font-weight: 400;\">De m\u00eame, Celsa ne contr\u00f4le ni ne garantit l&#8217;absence de virus ou d&#8217;autres \u00e9l\u00e9ments que son site web peut contenir et qui peuvent provoquer des alt\u00e9rations dans votre syst\u00e8me informatique (logiciel et mat\u00e9riel) ou dans les fichiers qu&#8217;il contient.<\/span><\/p><p><span style=\"font-weight: 400;\">Le Celsa n&#8217;assume aucune responsabilit\u00e9 quant au mat\u00e9riel, au contenu ou aux \u00e9l\u00e9ments incorpor\u00e9s au site web par des tiers qui pr\u00e9tendent en \u00eatre les propri\u00e9taires l\u00e9gitimes, la v\u00e9racit\u00e9 et la l\u00e9gitimit\u00e9 des droits sur ce mat\u00e9riel relevant de la seule responsabilit\u00e9 de ces tiers. En particulier, Celsa n&#8217;est pas responsable de l&#8217;exactitude des informations fournies par des tiers (c&#8217;est-\u00e0-dire des hyperliens vers d&#8217;autres sites web g\u00e9r\u00e9s par des tiers) et incluses directement ou par lien sur ce site web.<\/span><\/p><p><span style=\"font-weight: 400;\">Pour cette raison, Celsa, qui a pris toutes les mesures n\u00e9cessaires en son pouvoir pour \u00e9viter tout dommage, d\u00e9cline &#8211; dans toute la mesure permise par la loi &#8211; toute responsabilit\u00e9 pour les dommages qui pourraient survenir \u00e0 cet \u00e9gard.<\/span><\/p><p><span style=\"font-weight: 400;\">En outre, Celsa d\u00e9cline toute responsabilit\u00e9 et, par cons\u00e9quent, vous ne pouvez pas tenir Celsa pour responsable de tout retard, panne, interruption ou inexactitude de toute donn\u00e9e ou autre information transmise dans le cadre de l&#8217;utilisation du site.<\/span><\/p><h2>\u00a0<\/h2><h2><b>Modifications<\/b><\/h2><p><span style=\"font-weight: 400;\">Celsa se r\u00e9serve le droit de modifier toutes les conditions qu&#8217;elle juge appropri\u00e9es dans le contenu de son site web sans pr\u00e9avis ni responsabilit\u00e9.<\/span><\/p><p><span style=\"font-weight: 400;\">Les conditions sont susceptibles d&#8217;\u00eatre modifi\u00e9es \u00e0 tout moment \u00e0 la discr\u00e9tion de Celsa, principalement pour les adapter \u00e0 des caract\u00e9ristiques ou \u00e0 des r\u00e9glementations nouvelles ou renouvel\u00e9es du syst\u00e8me ou pour modifier des dispositions inappropri\u00e9es.<\/span><\/p><p><span style=\"font-weight: 400;\">Il est donc recommand\u00e9 d&#8217;acc\u00e9der \u00e0 ces conditions autant de fois que vous acc\u00e9dez au site web afin d&#8217;en prendre connaissance.<\/span><\/p><p><span style=\"font-weight: 400;\">Celsa peut r\u00e9silier, suspendre ou interrompre, \u00e0 tout moment et sans pr\u00e9avis, l&#8217;acc\u00e8s aux contenus publi\u00e9s, sans que l&#8217;utilisateur puisse pr\u00e9tendre \u00e0 une quelconque indemnisation. Apr\u00e8s cette r\u00e9siliation, les interdictions d&#8217;utilisation des contenus \u00e9nonc\u00e9es ci-dessus dans le pr\u00e9sent avis juridique resteront en vigueur.<\/span><\/p><h2>\u00a0<\/h2><h2><b>D\u00e9claration de confidentialit\u00e9<\/b><\/h2><p>Les donn\u00e9es \u00e0 caract\u00e8re personnel que vous pouvez nous fournir sur ce site web seront trait\u00e9es par Celsa conform\u00e9ment aux dispositions de notre<a href=\"\/fr\/politique-de-confidentialite\/\"> politique de confidentialit\u00e9<\/a>.<\/p><h2>\u00a0<\/h2><h2><b>Utilisation de cookies sur le site web<\/b><\/h2><p><span style=\"font-weight: 400;\">Lors de l&#8217;utilisation de ce site web, des cookies peuvent \u00eatre install\u00e9s sur votre appareil. Ces cookies sont utilis\u00e9s dans le but de personnaliser les services et les contenus, de faciliter la navigation et de r\u00e9aliser des statistiques sur l&#8217;utilisation de la page, conform\u00e9ment aux dispositions de notre <\/span><span style=\"font-weight: 400;\"><a href=\"\/fr\/politique-en-matiere-de-cookies\/\">politique en mati\u00e8re de cookies<\/a>.<\/span><\/p><h2>\u00a0<\/h2><h2><b>Droit applicable et juridiction comp\u00e9tente<\/b><\/h2><p>Le Celsa se r\u00e9serve \u00e9galement le droit d&#8217;intenter toute action civile ou p\u00e9nale qu&#8217;il juge appropri\u00e9e en cas d&#8217;utilisation inappropri\u00e9e de ses pages web et de son contenu ou en cas de violation des pr\u00e9sentes conditions.<br \/>La relation entre l&#8217;utilisateur et Celsa est r\u00e9gie par la l\u00e9gislation espagnole en vigueur et les cours et tribunaux de la ville de Barcelone sont comp\u00e9tents pour trancher tout litige pouvant survenir entre eux ou li\u00e9 aux pr\u00e9sentes conditions.<\/p><h4>\u00a0<\/h4><h4><b>\u00a9 2025 Moreda Riviere Trefiler\u00edas &#8211; Tous droits r\u00e9serv\u00e9s.<\/b><\/h4><h2 class=\"vc_custom_heading\" style=\"text-align: left;\">\u00a0<\/h2><\/div><\/div><\/div><\/div>\t\t\t\t\t\t\t\t<\/div>\n\t\t\t\t<\/div>\n\t\t\t\t<div class=\"elementor-element elementor-element-644261d elementor-widget elementor-widget-spacer\" data-id=\"644261d\" data-element_type=\"widget\" data-e-type=\"widget\" data-widget_type=\"spacer.default\">\n\t\t\t\t<div class=\"elementor-widget-container\">\n\t\t\t\t\t\t\t<div class=\"elementor-spacer\">\n\t\t\t<div class=\"elementor-spacer-inner\"><\/div>\n\t\t<\/div>\n\t\t\t\t\t\t<\/div>\n\t\t\t\t<\/div>\n\t\t\t\t\t<\/div>\n\t\t<\/div>\n\t\t\t\t\t<\/div>\n\t\t<\/section>\n\t\t\t\t<section class=\"elementor-section elementor-top-section elementor-element elementor-element-3d4ac8d elementor-section-boxed elementor-section-height-default elementor-section-height-default\" data-id=\"3d4ac8d\" data-element_type=\"section\" data-e-type=\"section\">\n\t\t\t\t\t\t<div class=\"elementor-container elementor-column-gap-default\">\n\t\t\t\t\t<div class=\"elementor-column elementor-col-100 elementor-top-column elementor-element elementor-element-aebd62b\" data-id=\"aebd62b\" data-element_type=\"column\" data-e-type=\"column\">\n\t\t\t<div class=\"elementor-widget-wrap elementor-element-populated\">\n\t\t\t\t\t\t<div class=\"elementor-element elementor-element-da77ac9 elementor-align-right elementor-widget__width-initial elementor-fixed elementor-invisible elementor-widget elementor-widget-global elementor-global-48526 elementor-global-29112 elementor-widget-button\" data-id=\"da77ac9\" data-element_type=\"widget\" data-e-type=\"widget\" data-settings=\"{&quot;_position&quot;:&quot;fixed&quot;,&quot;_animation&quot;:&quot;fadeInUp&quot;}\" data-widget_type=\"button.default\">\n\t\t\t\t<div class=\"elementor-widget-container\">\n\t\t\t\t\t\t\t\t\t<div class=\"elementor-button-wrapper\">\n\t\t\t\t\t<a class=\"elementor-button elementor-button-link elementor-size-xl\" href=\"https:\/\/moreda.com\/fr\/contact\/contactez-nous\/#contacto-formulario-directo\">\n\t\t\t\t\t\t<span class=\"elementor-button-content-wrapper\">\n\t\t\t\t\t\t<span class=\"elementor-button-icon\">\n\t\t\t\t<i aria-hidden=\"true\" class=\"fas fa-envelope\"><\/i>\t\t\t<\/span>\n\t\t\t\t\t\t\t\t<\/span>\n\t\t\t\t\t<\/a>\n\t\t\t\t<\/div>\n\t\t\t\t\t\t\t\t<\/div>\n\t\t\t\t<\/div>\n\t\t\t\t\t<\/div>\n\t\t<\/div>\n\t\t\t\t\t<\/div>\n\t\t<\/section>\n\t\t\t\t<\/div>\n\t\t","protected":false},"excerpt":{"rendered":"<p>Mentions l\u00e9gales \u00a0 Ce site Internet appartient \u00e0 Moreda Riviere Trefiler\u00edas, S.A. (ci-apr\u00e8s \u00ab\u2009CELSA \u00bb), dont le si\u00e8ge social est sis Carrer de la Ferralla, 12, Pol. Ind. San Vicente 08755 &#8211; Castellbisbal (Barcelone &#8211; Espagne), code d\u2019identification fiscale (CIF) A59525113 et adresse \u00e9lectronique GDPR@gcelsa.com. Les noms de domaine par lesquels vous avez acc\u00e9d\u00e9 au [&hellip;]<\/p>\n","protected":false},"author":34,"featured_media":0,"parent":0,"menu_order":0,"comment_status":"closed","ping_status":"open","template":"elementor_header_footer","meta":{"_acf_changed":false,"footnotes":""},"class_list":["post-50549","page","type-page","status-publish","hentry"],"acf":[],"yoast_head":"<!-- This site is optimized with the Yoast SEO plugin v27.2 - https:\/\/yoast.com\/product\/yoast-seo-wordpress\/ -->\n<title>Mentions l\u00e9gales - Moreda Riviere Trefiler\u00edas. Fabricante de vallas y alambres<\/title>\n<meta name=\"robots\" content=\"noindex, follow\" \/>\n<meta property=\"og:locale\" content=\"fr_FR\" \/>\n<meta property=\"og:type\" content=\"article\" \/>\n<meta property=\"og:title\" content=\"Mentions l\u00e9gales - Moreda Riviere Trefiler\u00edas. Fabricante de vallas y alambres\" \/>\n<meta property=\"og:description\" content=\"Mentions l\u00e9gales \u00a0 Ce site Internet appartient \u00e0 Moreda Riviere Trefiler\u00edas, S.A. (ci-apr\u00e8s \u00ab\u2009CELSA \u00bb), dont le si\u00e8ge social est sis Carrer de la Ferralla, 12, Pol. Ind. San Vicente 08755 &#8211; Castellbisbal (Barcelone &#8211; Espagne), code d\u2019identification fiscale (CIF) A59525113 et adresse \u00e9lectronique GDPR@gcelsa.com. Les noms de domaine par lesquels vous avez acc\u00e9d\u00e9 au [&hellip;]\" \/>\n<meta property=\"og:url\" content=\"https:\/\/moreda.com\/fr\/mentions-legales\/\" \/>\n<meta property=\"og:site_name\" content=\"MRT\" \/>\n<meta property=\"article:publisher\" content=\"https:\/\/www.facebook.com\/moredarivieretrefileriassa\" \/>\n<meta property=\"article:modified_time\" content=\"2025-03-03T11:40:47+00:00\" \/>\n<meta property=\"og:image\" content=\"https:\/\/moreda.com\/wp-content\/uploads\/2022\/05\/MRT-logo-header.png\" \/>\n\t<meta property=\"og:image:width\" content=\"88\" \/>\n\t<meta property=\"og:image:height\" content=\"99\" \/>\n\t<meta property=\"og:image:type\" content=\"image\/png\" \/>\n<meta name=\"twitter:card\" content=\"summary_large_image\" \/>\n<meta name=\"twitter:site\" content=\"@MoredaRiviere\" \/>\n<meta name=\"twitter:label1\" content=\"Dur\u00e9e de lecture estim\u00e9e\" \/>\n\t<meta name=\"twitter:data1\" content=\"7 minutes\" \/>\n<script type=\"application\/ld+json\" class=\"yoast-schema-graph\">{\"@context\":\"https:\/\/schema.org\",\"@graph\":[{\"@type\":\"WebPage\",\"@id\":\"https:\/\/moreda.com\/fr\/mentions-legales\/\",\"url\":\"https:\/\/moreda.com\/fr\/mentions-legales\/\",\"name\":\"Mentions l\u00e9gales - Moreda Riviere Trefiler\u00edas. Fabricante de vallas y alambres\",\"isPartOf\":{\"@id\":\"https:\/\/moreda.com\/fr\/#website\"},\"datePublished\":\"2021-11-25T06:39:27+00:00\",\"dateModified\":\"2025-03-03T11:40:47+00:00\",\"breadcrumb\":{\"@id\":\"https:\/\/moreda.com\/fr\/mentions-legales\/#breadcrumb\"},\"inLanguage\":\"fr-FR\",\"potentialAction\":[{\"@type\":\"ReadAction\",\"target\":[\"https:\/\/moreda.com\/fr\/mentions-legales\/\"]}]},{\"@type\":\"BreadcrumbList\",\"@id\":\"https:\/\/moreda.com\/fr\/mentions-legales\/#breadcrumb\",\"itemListElement\":[{\"@type\":\"ListItem\",\"position\":1,\"name\":\"Portada\",\"item\":\"https:\/\/moreda.com\/fr\/home\/\"},{\"@type\":\"ListItem\",\"position\":2,\"name\":\"Mentions l\u00e9gales\"}]},{\"@type\":\"WebSite\",\"@id\":\"https:\/\/moreda.com\/fr\/#website\",\"url\":\"https:\/\/moreda.com\/fr\/\",\"name\":\"MRT - Moreda Riviere Trefiler\u00edas\",\"description\":\"Moreda Riviere Trefiler\u00edas. Fabricante de vallas y alambres\",\"publisher\":{\"@id\":\"https:\/\/moreda.com\/fr\/#organization\"},\"alternateName\":\"MRT\",\"potentialAction\":[{\"@type\":\"SearchAction\",\"target\":{\"@type\":\"EntryPoint\",\"urlTemplate\":\"https:\/\/moreda.com\/fr\/?s={search_term_string}\"},\"query-input\":{\"@type\":\"PropertyValueSpecification\",\"valueRequired\":true,\"valueName\":\"search_term_string\"}}],\"inLanguage\":\"fr-FR\"},{\"@type\":\"Organization\",\"@id\":\"https:\/\/moreda.com\/fr\/#organization\",\"name\":\"Moreda Riviere Trefiler\u00edas\",\"alternateName\":\"MRT\",\"url\":\"https:\/\/moreda.com\/fr\/\",\"logo\":{\"@type\":\"ImageObject\",\"inLanguage\":\"fr-FR\",\"@id\":\"https:\/\/moreda.com\/fr\/#\/schema\/logo\/image\/\",\"url\":\"https:\/\/moreda.com\/wp-content\/uploads\/2022\/05\/logo-moreda-stiky.svg\",\"contentUrl\":\"https:\/\/moreda.com\/wp-content\/uploads\/2022\/05\/logo-moreda-stiky.svg\",\"width\":541,\"height\":247,\"caption\":\"Moreda Riviere Trefiler\u00edas\"},\"image\":{\"@id\":\"https:\/\/moreda.com\/fr\/#\/schema\/logo\/image\/\"},\"sameAs\":[\"https:\/\/www.facebook.com\/moredarivieretrefileriassa\",\"https:\/\/x.com\/MoredaRiviere\",\"https:\/\/www.youtube.com\/user\/MOREDARIVIERE\",\"https:\/\/www.linkedin.com\/company\/trefilerias-moreda-riviere\",\"https:\/\/www.instagram.com\/moreda.riviere.trefilerias\/\"]}]}<\/script>\n<!-- \/ Yoast SEO plugin. -->","yoast_head_json":{"title":"Mentions l\u00e9gales - Moreda Riviere Trefiler\u00edas. Fabricante de vallas y alambres","robots":{"index":"noindex","follow":"follow"},"og_locale":"fr_FR","og_type":"article","og_title":"Mentions l\u00e9gales - Moreda Riviere Trefiler\u00edas. Fabricante de vallas y alambres","og_description":"Mentions l\u00e9gales \u00a0 Ce site Internet appartient \u00e0 Moreda Riviere Trefiler\u00edas, S.A. (ci-apr\u00e8s \u00ab\u2009CELSA \u00bb), dont le si\u00e8ge social est sis Carrer de la Ferralla, 12, Pol. Ind. San Vicente 08755 &#8211; Castellbisbal (Barcelone &#8211; Espagne), code d\u2019identification fiscale (CIF) A59525113 et adresse \u00e9lectronique GDPR@gcelsa.com. Les noms de domaine par lesquels vous avez acc\u00e9d\u00e9 au [&hellip;]","og_url":"https:\/\/moreda.com\/fr\/mentions-legales\/","og_site_name":"MRT","article_publisher":"https:\/\/www.facebook.com\/moredarivieretrefileriassa","article_modified_time":"2025-03-03T11:40:47+00:00","og_image":[{"width":88,"height":99,"url":"https:\/\/moreda.com\/wp-content\/uploads\/2022\/05\/MRT-logo-header.png","type":"image\/png"}],"twitter_card":"summary_large_image","twitter_site":"@MoredaRiviere","twitter_misc":{"Dur\u00e9e de lecture estim\u00e9e":"7 minutes"},"schema":{"@context":"https:\/\/schema.org","@graph":[{"@type":"WebPage","@id":"https:\/\/moreda.com\/fr\/mentions-legales\/","url":"https:\/\/moreda.com\/fr\/mentions-legales\/","name":"Mentions l\u00e9gales - Moreda Riviere Trefiler\u00edas. Fabricante de vallas y alambres","isPartOf":{"@id":"https:\/\/moreda.com\/fr\/#website"},"datePublished":"2021-11-25T06:39:27+00:00","dateModified":"2025-03-03T11:40:47+00:00","breadcrumb":{"@id":"https:\/\/moreda.com\/fr\/mentions-legales\/#breadcrumb"},"inLanguage":"fr-FR","potentialAction":[{"@type":"ReadAction","target":["https:\/\/moreda.com\/fr\/mentions-legales\/"]}]},{"@type":"BreadcrumbList","@id":"https:\/\/moreda.com\/fr\/mentions-legales\/#breadcrumb","itemListElement":[{"@type":"ListItem","position":1,"name":"Portada","item":"https:\/\/moreda.com\/fr\/home\/"},{"@type":"ListItem","position":2,"name":"Mentions l\u00e9gales"}]},{"@type":"WebSite","@id":"https:\/\/moreda.com\/fr\/#website","url":"https:\/\/moreda.com\/fr\/","name":"MRT - Moreda Riviere Trefiler\u00edas","description":"Moreda Riviere Trefiler\u00edas. Fabricante de vallas y alambres","publisher":{"@id":"https:\/\/moreda.com\/fr\/#organization"},"alternateName":"MRT","potentialAction":[{"@type":"SearchAction","target":{"@type":"EntryPoint","urlTemplate":"https:\/\/moreda.com\/fr\/?s={search_term_string}"},"query-input":{"@type":"PropertyValueSpecification","valueRequired":true,"valueName":"search_term_string"}}],"inLanguage":"fr-FR"},{"@type":"Organization","@id":"https:\/\/moreda.com\/fr\/#organization","name":"Moreda Riviere Trefiler\u00edas","alternateName":"MRT","url":"https:\/\/moreda.com\/fr\/","logo":{"@type":"ImageObject","inLanguage":"fr-FR","@id":"https:\/\/moreda.com\/fr\/#\/schema\/logo\/image\/","url":"https:\/\/moreda.com\/wp-content\/uploads\/2022\/05\/logo-moreda-stiky.svg","contentUrl":"https:\/\/moreda.com\/wp-content\/uploads\/2022\/05\/logo-moreda-stiky.svg","width":541,"height":247,"caption":"Moreda Riviere Trefiler\u00edas"},"image":{"@id":"https:\/\/moreda.com\/fr\/#\/schema\/logo\/image\/"},"sameAs":["https:\/\/www.facebook.com\/moredarivieretrefileriassa","https:\/\/x.com\/MoredaRiviere","https:\/\/www.youtube.com\/user\/MOREDARIVIERE","https:\/\/www.linkedin.com\/company\/trefilerias-moreda-riviere","https:\/\/www.instagram.com\/moreda.riviere.trefilerias\/"]}]}},"_links":{"self":[{"href":"https:\/\/moreda.com\/fr\/wp-json\/wp\/v2\/pages\/50549","targetHints":{"allow":["GET"]}}],"collection":[{"href":"https:\/\/moreda.com\/fr\/wp-json\/wp\/v2\/pages"}],"about":[{"href":"https:\/\/moreda.com\/fr\/wp-json\/wp\/v2\/types\/page"}],"author":[{"embeddable":true,"href":"https:\/\/moreda.com\/fr\/wp-json\/wp\/v2\/users\/34"}],"replies":[{"embeddable":true,"href":"https:\/\/moreda.com\/fr\/wp-json\/wp\/v2\/comments?post=50549"}],"version-history":[{"count":14,"href":"https:\/\/moreda.com\/fr\/wp-json\/wp\/v2\/pages\/50549\/revisions"}],"predecessor-version":[{"id":52388,"href":"https:\/\/moreda.com\/fr\/wp-json\/wp\/v2\/pages\/50549\/revisions\/52388"}],"wp:attachment":[{"href":"https:\/\/moreda.com\/fr\/wp-json\/wp\/v2\/media?parent=50549"}],"curies":[{"name":"wp","href":"https:\/\/api.w.org\/{rel}","templated":true}]}}