{"id":37787,"date":"2021-11-12T08:25:57","date_gmt":"2021-11-12T06:25:57","guid":{"rendered":"https:\/\/moreda.com\/secteurs\/service-aux-particuliers\/"},"modified":"2024-08-07T14:37:15","modified_gmt":"2024-08-07T12:37:15","slug":"service-aux-particuliers","status":"publish","type":"page","link":"https:\/\/moreda.com\/fr\/secteurs\/service-aux-particuliers\/","title":{"rendered":"Service aux particuliers"},"content":{"rendered":"\t\t<div data-elementor-type=\"wp-page\" data-elementor-id=\"37787\" class=\"elementor elementor-37787 elementor-1159\" data-elementor-post-type=\"page\">\n\t\t\t\t\t\t<section class=\"elementor-section elementor-top-section elementor-element elementor-element-a91fbfe elementor-section-height-min-height elementor-section-boxed elementor-section-height-default elementor-section-items-middle\" data-id=\"a91fbfe\" data-element_type=\"section\" data-e-type=\"section\" data-settings=\"{&quot;background_background&quot;:&quot;classic&quot;}\">\n\t\t\t\t\t\t<div class=\"elementor-container elementor-column-gap-default\">\n\t\t\t\t\t<div class=\"elementor-column elementor-col-100 elementor-top-column elementor-element elementor-element-d09df7a\" data-id=\"d09df7a\" data-element_type=\"column\" data-e-type=\"column\">\n\t\t\t<div class=\"elementor-widget-wrap elementor-element-populated\">\n\t\t\t\t\t\t<div class=\"elementor-element elementor-element-845417f elementor-widget elementor-widget-heading\" data-id=\"845417f\" data-element_type=\"widget\" data-e-type=\"widget\" data-widget_type=\"heading.default\">\n\t\t\t\t<div class=\"elementor-widget-container\">\n\t\t\t\t\t<h1 class=\"elementor-heading-title elementor-size-default\">SERVICE AUX PARTICULIERS<\/h1>\t\t\t\t<\/div>\n\t\t\t\t<\/div>\n\t\t\t\t\t<\/div>\n\t\t<\/div>\n\t\t\t\t\t<\/div>\n\t\t<\/section>\n\t\t\t\t<section class=\"elementor-section elementor-top-section elementor-element elementor-element-6268966 elementor-section-boxed elementor-section-height-default elementor-section-height-default\" data-id=\"6268966\" data-element_type=\"section\" data-e-type=\"section\">\n\t\t\t\t\t\t<div class=\"elementor-container elementor-column-gap-default\">\n\t\t\t\t\t<div class=\"elementor-column elementor-col-100 elementor-top-column elementor-element elementor-element-67fe764\" data-id=\"67fe764\" data-element_type=\"column\" data-e-type=\"column\">\n\t\t\t<div class=\"elementor-widget-wrap elementor-element-populated\">\n\t\t\t\t\t\t<div class=\"elementor-element elementor-element-e579e9c elementor-widget elementor-widget-spacer\" data-id=\"e579e9c\" data-element_type=\"widget\" data-e-type=\"widget\" data-widget_type=\"spacer.default\">\n\t\t\t\t<div class=\"elementor-widget-container\">\n\t\t\t\t\t\t\t<div class=\"elementor-spacer\">\n\t\t\t<div class=\"elementor-spacer-inner\"><\/div>\n\t\t<\/div>\n\t\t\t\t\t\t<\/div>\n\t\t\t\t<\/div>\n\t\t\t\t<div class=\"elementor-element elementor-element-ce69e29 elementor-align-flex-start elementor-widget elementor-widget-raven-breadcrumbs\" data-id=\"ce69e29\" data-element_type=\"widget\" data-e-type=\"widget\" data-widget_type=\"raven-breadcrumbs.default\">\n\t\t\t\t<div class=\"elementor-widget-container\">\n\t\t\t\t\t<div class=\"raven-breadcrumbs raven-breadcrumbs-default\"><div class=\"breadcrumb\">\t\t\t\t<div class=\"breadcrumb-item active\" aria-current=\"page\"><span>Home<\/span><\/div>\n\n\t\t\t\t<\/div><\/div>\t\t\t\t<\/div>\n\t\t\t\t<\/div>\n\t\t\t\t\t<\/div>\n\t\t<\/div>\n\t\t\t\t\t<\/div>\n\t\t<\/section>\n\t\t\t\t<section class=\"elementor-section elementor-top-section elementor-element elementor-element-df27068 elementor-section-boxed elementor-section-height-default elementor-section-height-default\" data-id=\"df27068\" data-element_type=\"section\" data-e-type=\"section\">\n\t\t\t\t\t\t<div class=\"elementor-container elementor-column-gap-default\">\n\t\t\t\t\t<div class=\"elementor-column elementor-col-100 elementor-top-column elementor-element elementor-element-3534d66\" data-id=\"3534d66\" data-element_type=\"column\" data-e-type=\"column\">\n\t\t\t<div class=\"elementor-widget-wrap elementor-element-populated\">\n\t\t\t\t\t\t<div class=\"elementor-element elementor-element-25b76bd elementor-widget elementor-widget-spacer\" data-id=\"25b76bd\" data-element_type=\"widget\" data-e-type=\"widget\" data-widget_type=\"spacer.default\">\n\t\t\t\t<div class=\"elementor-widget-container\">\n\t\t\t\t\t\t\t<div class=\"elementor-spacer\">\n\t\t\t<div class=\"elementor-spacer-inner\"><\/div>\n\t\t<\/div>\n\t\t\t\t\t\t<\/div>\n\t\t\t\t<\/div>\n\t\t\t\t<div class=\"elementor-element elementor-element-2f0d682 elementor-widget elementor-widget-text-editor\" data-id=\"2f0d682\" data-element_type=\"widget\" data-e-type=\"widget\" data-widget_type=\"text-editor.default\">\n\t\t\t\t<div class=\"elementor-widget-container\">\n\t\t\t\t\t\t\t\t\t<h2 style=\"text-align: left;\">Gamme pour les particuliers<\/h2>\n\t\t\t\t\t\t\t\t<\/div>\n\t\t\t\t<\/div>\n\t\t\t\t<div class=\"elementor-element elementor-element-db1b642 elementor-widget elementor-widget-text-editor\" data-id=\"db1b642\" data-element_type=\"widget\" data-e-type=\"widget\" data-widget_type=\"text-editor.default\">\n\t\t\t\t<div class=\"elementor-widget-container\">\n\t\t\t\t\t\t\t\t\t<p>De plus en plus, les particuliers ont des exigences \u00e9lev\u00e9es en mati\u00e8re de qualit\u00e9 pour la <strong>cl\u00f4ture de leur jardin<\/strong>, de leur maison ou de leur propri\u00e9t\u00e9. C&#8217;est pourquoi il convient d\u2019utiliser des mat\u00e9riaux employ\u00e9s par les professionnels du secteur. En outre, la fonction de la cl\u00f4ture a \u00e9volu\u00e9\u00a0: auparavant, elle consistait uniquement \u00e0 <strong>d\u00e9limiter la propri\u00e9t\u00e9<\/strong>, tandis qu\u2019il s\u2019agit \u00e9galement \u00e0 pr\u00e9sent de <strong>le prot\u00e9ger contre les intrusions<\/strong>et des regards des voisins, sans oublier le caract\u00e8re esth\u00e9tique\u00a0: elle doit aussi \u00eatre d\u00e9corative. En outre, la responsabilit\u00e9 du particulier \u00e0 l&#8217;\u00e9gard de sa cl\u00f4ture a chang\u00e9. Alors qu&#8217;auparavant vous pouviez faire installer n&#8217;importe quel type de portail dans votre maison, aujourd&#8217;hui vous avez l&#8217;obligation de vous assurer que le portail (battant ou coulissant, manuel ou motoris\u00e9) est conforme \u00e0 la r\u00e9glementation, comme en <strong>t\u00e9moignent les plaques\u00a0CE appos\u00e9es sur les portails MRT.<\/strong><\/p>\n<p><span style=\"color: var( --e-global-color-text );\">Chez MRT, nous avons d\u00e9velopp\u00e9 des cl\u00f4tures en r\u00e9ponse \u00e0 ces exigences et besoins l\u00e9gaux, en offrant de plus en plus d&#8217;options de cl\u00f4tures, que ce soit en termes de forme, de couleur, de dimensions, etc. Et bien s\u00fbr, avec la qualit\u00e9 \u00e0 laquelle nos distributeurs et installateurs professionnels sont habitu\u00e9s depuis de nombreuses ann\u00e9es. Afin de r\u00e9pondre aux sp\u00e9cifications du particulier, nous avons int\u00e9gr\u00e9 un <strong>serrurier professionnel<\/strong> dans nos usines, et nous sommes charg\u00e9s de conseiller nos clients pour d\u00e9finir la cl\u00f4ture la mieux adapt\u00e9e aux besoins du particulier. Nous avons cr\u00e9\u00e9 une documentation et des vid\u00e9os sur le sujet.<\/span><\/p>\n<p><span style=\"color: var( --e-global-color-text );\">Ainsi, si vous souhaitez obtenir plus d&#8217;informations sur les produits professionnels que nous avons d\u00e9velopp\u00e9s pour les particuliers, vous pouvez contacter directement les distributeurs et installateurs avec lesquels nous travaillons. Vous pouvez \u00e9galement nous envoyer votre demande via notre <a href=\"https:\/\/moreda.com\/fr\/contact\/contactez-nous\/#contacto-formulario-directo\">formulaire de contact<\/a>, afin que nous puissions la g\u00e9rer et vous orienter vers l&#8217;un de nos partenaires les plus proches.<\/span><\/p>\n\t\t\t\t\t\t\t\t<\/div>\n\t\t\t\t<\/div>\n\t\t\t\t<div class=\"elementor-element elementor-element-2c48b7b elementor-widget elementor-widget-spacer\" data-id=\"2c48b7b\" data-element_type=\"widget\" data-e-type=\"widget\" data-widget_type=\"spacer.default\">\n\t\t\t\t<div class=\"elementor-widget-container\">\n\t\t\t\t\t\t\t<div class=\"elementor-spacer\">\n\t\t\t<div class=\"elementor-spacer-inner\"><\/div>\n\t\t<\/div>\n\t\t\t\t\t\t<\/div>\n\t\t\t\t<\/div>\n\t\t\t\t\t<\/div>\n\t\t<\/div>\n\t\t\t\t\t<\/div>\n\t\t<\/section>\n\t\t\t\t<section class=\"elementor-section elementor-top-section elementor-element elementor-element-0396ba2 elementor-section-boxed elementor-section-height-default elementor-section-height-default\" data-id=\"0396ba2\" data-element_type=\"section\" data-e-type=\"section\">\n\t\t\t\t\t\t<div class=\"elementor-container elementor-column-gap-default\">\n\t\t\t\t\t<div class=\"elementor-column elementor-col-100 elementor-top-column elementor-element elementor-element-02b37f0\" data-id=\"02b37f0\" data-element_type=\"column\" data-e-type=\"column\">\n\t\t\t<div class=\"elementor-widget-wrap elementor-element-populated\">\n\t\t\t\t\t\t<div class=\"elementor-element elementor-element-9078972 elementor-align-right elementor-widget__width-initial elementor-fixed elementor-invisible elementor-widget elementor-widget-global elementor-global-48526 elementor-global-29112 elementor-widget-button\" data-id=\"9078972\" data-element_type=\"widget\" data-e-type=\"widget\" data-settings=\"{&quot;_position&quot;:&quot;fixed&quot;,&quot;_animation&quot;:&quot;fadeInUp&quot;}\" data-widget_type=\"button.default\">\n\t\t\t\t<div class=\"elementor-widget-container\">\n\t\t\t\t\t\t\t\t\t<div class=\"elementor-button-wrapper\">\n\t\t\t\t\t<a class=\"elementor-button elementor-button-link elementor-size-xl\" href=\"https:\/\/moreda.com\/fr\/contact\/contactez-nous\/#contacto-formulario-directo\">\n\t\t\t\t\t\t<span class=\"elementor-button-content-wrapper\">\n\t\t\t\t\t\t<span class=\"elementor-button-icon\">\n\t\t\t\t<i aria-hidden=\"true\" class=\"fas fa-envelope\"><\/i>\t\t\t<\/span>\n\t\t\t\t\t\t\t\t<\/span>\n\t\t\t\t\t<\/a>\n\t\t\t\t<\/div>\n\t\t\t\t\t\t\t\t<\/div>\n\t\t\t\t<\/div>\n\t\t\t\t\t<\/div>\n\t\t<\/div>\n\t\t\t\t\t<\/div>\n\t\t<\/section>\n\t\t\t\t<\/div>\n\t\t","protected":false},"excerpt":{"rendered":"<p>SERVICE AUX PARTICULIERS Home Gamme pour les particuliers De plus en plus, les particuliers ont des exigences \u00e9lev\u00e9es en mati\u00e8re de qualit\u00e9 pour la cl\u00f4ture de leur jardin, de leur maison ou de leur propri\u00e9t\u00e9. C&#8217;est pourquoi il convient d\u2019utiliser des mat\u00e9riaux employ\u00e9s par les professionnels du secteur. En outre, la fonction de la cl\u00f4ture [&hellip;]<\/p>\n","protected":false},"author":1,"featured_media":34021,"parent":37766,"menu_order":0,"comment_status":"closed","ping_status":"open","template":"elementor_header_footer","meta":{"_acf_changed":false,"footnotes":""},"class_list":["post-37787","page","type-page","status-publish","has-post-thumbnail","hentry"],"acf":[],"yoast_head":"<!-- This site is optimized with the Yoast SEO plugin v27.2 - https:\/\/yoast.com\/product\/yoast-seo-wordpress\/ -->\n<title>Service aux particuliers - Moreda Riviere Trefiler\u00edas. Fabricante de vallas y alambres<\/title>\n<meta name=\"description\" content=\"Dans cette section, vous trouverez des informations destin\u00e9es aux particuliers clients de MRT. Cliquez ici pour plus d&#039;informations.\" \/>\n<meta name=\"robots\" content=\"index, follow, max-snippet:-1, max-image-preview:large, max-video-preview:-1\" \/>\n<link rel=\"canonical\" href=\"https:\/\/moreda.com\/fr\/secteurs\/service-aux-particuliers\/\" \/>\n<meta property=\"og:locale\" content=\"fr_FR\" \/>\n<meta property=\"og:type\" content=\"article\" \/>\n<meta property=\"og:title\" content=\"Service aux particuliers - Moreda Riviere Trefiler\u00edas. Fabricante de vallas y alambres\" \/>\n<meta property=\"og:description\" content=\"Dans cette section, vous trouverez des informations destin\u00e9es aux particuliers clients de MRT. Cliquez ici pour plus d&#039;informations.\" \/>\n<meta property=\"og:url\" content=\"https:\/\/moreda.com\/fr\/secteurs\/service-aux-particuliers\/\" \/>\n<meta property=\"og:site_name\" content=\"MRT\" \/>\n<meta property=\"article:publisher\" content=\"https:\/\/www.facebook.com\/moredarivieretrefileriassa\" \/>\n<meta property=\"article:modified_time\" content=\"2024-08-07T12:37:15+00:00\" \/>\n<meta property=\"og:image\" content=\"https:\/\/moreda.com\/wp-content\/uploads\/2021\/11\/gama-mrt-particulares.webp\" \/>\n\t<meta property=\"og:image:width\" content=\"1280\" \/>\n\t<meta property=\"og:image:height\" content=\"853\" \/>\n\t<meta property=\"og:image:type\" content=\"image\/webp\" \/>\n<meta name=\"twitter:card\" content=\"summary_large_image\" \/>\n<meta name=\"twitter:site\" content=\"@MoredaRiviere\" \/>\n<meta name=\"twitter:label1\" content=\"Dur\u00e9e de lecture estim\u00e9e\" \/>\n\t<meta name=\"twitter:data1\" content=\"2 minutes\" \/>\n<script type=\"application\/ld+json\" class=\"yoast-schema-graph\">{\"@context\":\"https:\/\/schema.org\",\"@graph\":[{\"@type\":\"WebPage\",\"@id\":\"https:\/\/moreda.com\/fr\/secteurs\/service-aux-particuliers\/\",\"url\":\"https:\/\/moreda.com\/fr\/secteurs\/service-aux-particuliers\/\",\"name\":\"Service aux particuliers - Moreda Riviere Trefiler\u00edas. Fabricante de vallas y alambres\",\"isPartOf\":{\"@id\":\"https:\/\/moreda.com\/fr\/#website\"},\"primaryImageOfPage\":{\"@id\":\"https:\/\/moreda.com\/fr\/secteurs\/service-aux-particuliers\/#primaryimage\"},\"image\":{\"@id\":\"https:\/\/moreda.com\/fr\/secteurs\/service-aux-particuliers\/#primaryimage\"},\"thumbnailUrl\":\"https:\/\/moreda.com\/wp-content\/uploads\/2021\/11\/gama-mrt-particulares.webp\",\"datePublished\":\"2021-11-12T06:25:57+00:00\",\"dateModified\":\"2024-08-07T12:37:15+00:00\",\"description\":\"Dans cette section, vous trouverez des informations destin\u00e9es aux particuliers clients de MRT. Cliquez ici pour plus d'informations.\",\"breadcrumb\":{\"@id\":\"https:\/\/moreda.com\/fr\/secteurs\/service-aux-particuliers\/#breadcrumb\"},\"inLanguage\":\"fr-FR\",\"potentialAction\":[{\"@type\":\"ReadAction\",\"target\":[\"https:\/\/moreda.com\/fr\/secteurs\/service-aux-particuliers\/\"]}]},{\"@type\":\"ImageObject\",\"inLanguage\":\"fr-FR\",\"@id\":\"https:\/\/moreda.com\/fr\/secteurs\/service-aux-particuliers\/#primaryimage\",\"url\":\"https:\/\/moreda.com\/wp-content\/uploads\/2021\/11\/gama-mrt-particulares.webp\",\"contentUrl\":\"https:\/\/moreda.com\/wp-content\/uploads\/2021\/11\/gama-mrt-particulares.webp\",\"width\":1280,\"height\":853,\"caption\":\"Service aux Particuliers\"},{\"@type\":\"BreadcrumbList\",\"@id\":\"https:\/\/moreda.com\/fr\/secteurs\/service-aux-particuliers\/#breadcrumb\",\"itemListElement\":[{\"@type\":\"ListItem\",\"position\":1,\"name\":\"Portada\",\"item\":\"https:\/\/moreda.com\/fr\/home\/\"},{\"@type\":\"ListItem\",\"position\":2,\"name\":\"Secteurs\",\"item\":\"https:\/\/moreda.com\/fr\/sectores\/\"},{\"@type\":\"ListItem\",\"position\":3,\"name\":\"Service aux particuliers\"}]},{\"@type\":\"WebSite\",\"@id\":\"https:\/\/moreda.com\/fr\/#website\",\"url\":\"https:\/\/moreda.com\/fr\/\",\"name\":\"MRT - Moreda Riviere Trefiler\u00edas\",\"description\":\"Moreda Riviere Trefiler\u00edas. Fabricante de vallas y alambres\",\"publisher\":{\"@id\":\"https:\/\/moreda.com\/fr\/#organization\"},\"alternateName\":\"MRT\",\"potentialAction\":[{\"@type\":\"SearchAction\",\"target\":{\"@type\":\"EntryPoint\",\"urlTemplate\":\"https:\/\/moreda.com\/fr\/?s={search_term_string}\"},\"query-input\":{\"@type\":\"PropertyValueSpecification\",\"valueRequired\":true,\"valueName\":\"search_term_string\"}}],\"inLanguage\":\"fr-FR\"},{\"@type\":\"Organization\",\"@id\":\"https:\/\/moreda.com\/fr\/#organization\",\"name\":\"Moreda Riviere Trefiler\u00edas\",\"alternateName\":\"MRT\",\"url\":\"https:\/\/moreda.com\/fr\/\",\"logo\":{\"@type\":\"ImageObject\",\"inLanguage\":\"fr-FR\",\"@id\":\"https:\/\/moreda.com\/fr\/#\/schema\/logo\/image\/\",\"url\":\"https:\/\/moreda.com\/wp-content\/uploads\/2022\/05\/logo-moreda-stiky.svg\",\"contentUrl\":\"https:\/\/moreda.com\/wp-content\/uploads\/2022\/05\/logo-moreda-stiky.svg\",\"width\":541,\"height\":247,\"caption\":\"Moreda Riviere Trefiler\u00edas\"},\"image\":{\"@id\":\"https:\/\/moreda.com\/fr\/#\/schema\/logo\/image\/\"},\"sameAs\":[\"https:\/\/www.facebook.com\/moredarivieretrefileriassa\",\"https:\/\/x.com\/MoredaRiviere\",\"https:\/\/www.youtube.com\/user\/MOREDARIVIERE\",\"https:\/\/www.linkedin.com\/company\/trefilerias-moreda-riviere\",\"https:\/\/www.instagram.com\/moreda.riviere.trefilerias\/\"]}]}<\/script>\n<!-- \/ Yoast SEO plugin. -->","yoast_head_json":{"title":"Service aux particuliers - Moreda Riviere Trefiler\u00edas. Fabricante de vallas y alambres","description":"Dans cette section, vous trouverez des informations destin\u00e9es aux particuliers clients de MRT. Cliquez ici pour plus d'informations.","robots":{"index":"index","follow":"follow","max-snippet":"max-snippet:-1","max-image-preview":"max-image-preview:large","max-video-preview":"max-video-preview:-1"},"canonical":"https:\/\/moreda.com\/fr\/secteurs\/service-aux-particuliers\/","og_locale":"fr_FR","og_type":"article","og_title":"Service aux particuliers - Moreda Riviere Trefiler\u00edas. Fabricante de vallas y alambres","og_description":"Dans cette section, vous trouverez des informations destin\u00e9es aux particuliers clients de MRT. Cliquez ici pour plus d'informations.","og_url":"https:\/\/moreda.com\/fr\/secteurs\/service-aux-particuliers\/","og_site_name":"MRT","article_publisher":"https:\/\/www.facebook.com\/moredarivieretrefileriassa","article_modified_time":"2024-08-07T12:37:15+00:00","og_image":[{"width":1280,"height":853,"url":"https:\/\/moreda.com\/wp-content\/uploads\/2021\/11\/gama-mrt-particulares.webp","type":"image\/webp"}],"twitter_card":"summary_large_image","twitter_site":"@MoredaRiviere","twitter_misc":{"Dur\u00e9e de lecture estim\u00e9e":"2 minutes"},"schema":{"@context":"https:\/\/schema.org","@graph":[{"@type":"WebPage","@id":"https:\/\/moreda.com\/fr\/secteurs\/service-aux-particuliers\/","url":"https:\/\/moreda.com\/fr\/secteurs\/service-aux-particuliers\/","name":"Service aux particuliers - Moreda Riviere Trefiler\u00edas. Fabricante de vallas y alambres","isPartOf":{"@id":"https:\/\/moreda.com\/fr\/#website"},"primaryImageOfPage":{"@id":"https:\/\/moreda.com\/fr\/secteurs\/service-aux-particuliers\/#primaryimage"},"image":{"@id":"https:\/\/moreda.com\/fr\/secteurs\/service-aux-particuliers\/#primaryimage"},"thumbnailUrl":"https:\/\/moreda.com\/wp-content\/uploads\/2021\/11\/gama-mrt-particulares.webp","datePublished":"2021-11-12T06:25:57+00:00","dateModified":"2024-08-07T12:37:15+00:00","description":"Dans cette section, vous trouverez des informations destin\u00e9es aux particuliers clients de MRT. Cliquez ici pour plus d'informations.","breadcrumb":{"@id":"https:\/\/moreda.com\/fr\/secteurs\/service-aux-particuliers\/#breadcrumb"},"inLanguage":"fr-FR","potentialAction":[{"@type":"ReadAction","target":["https:\/\/moreda.com\/fr\/secteurs\/service-aux-particuliers\/"]}]},{"@type":"ImageObject","inLanguage":"fr-FR","@id":"https:\/\/moreda.com\/fr\/secteurs\/service-aux-particuliers\/#primaryimage","url":"https:\/\/moreda.com\/wp-content\/uploads\/2021\/11\/gama-mrt-particulares.webp","contentUrl":"https:\/\/moreda.com\/wp-content\/uploads\/2021\/11\/gama-mrt-particulares.webp","width":1280,"height":853,"caption":"Service aux Particuliers"},{"@type":"BreadcrumbList","@id":"https:\/\/moreda.com\/fr\/secteurs\/service-aux-particuliers\/#breadcrumb","itemListElement":[{"@type":"ListItem","position":1,"name":"Portada","item":"https:\/\/moreda.com\/fr\/home\/"},{"@type":"ListItem","position":2,"name":"Secteurs","item":"https:\/\/moreda.com\/fr\/sectores\/"},{"@type":"ListItem","position":3,"name":"Service aux particuliers"}]},{"@type":"WebSite","@id":"https:\/\/moreda.com\/fr\/#website","url":"https:\/\/moreda.com\/fr\/","name":"MRT - Moreda Riviere Trefiler\u00edas","description":"Moreda Riviere Trefiler\u00edas. Fabricante de vallas y alambres","publisher":{"@id":"https:\/\/moreda.com\/fr\/#organization"},"alternateName":"MRT","potentialAction":[{"@type":"SearchAction","target":{"@type":"EntryPoint","urlTemplate":"https:\/\/moreda.com\/fr\/?s={search_term_string}"},"query-input":{"@type":"PropertyValueSpecification","valueRequired":true,"valueName":"search_term_string"}}],"inLanguage":"fr-FR"},{"@type":"Organization","@id":"https:\/\/moreda.com\/fr\/#organization","name":"Moreda Riviere Trefiler\u00edas","alternateName":"MRT","url":"https:\/\/moreda.com\/fr\/","logo":{"@type":"ImageObject","inLanguage":"fr-FR","@id":"https:\/\/moreda.com\/fr\/#\/schema\/logo\/image\/","url":"https:\/\/moreda.com\/wp-content\/uploads\/2022\/05\/logo-moreda-stiky.svg","contentUrl":"https:\/\/moreda.com\/wp-content\/uploads\/2022\/05\/logo-moreda-stiky.svg","width":541,"height":247,"caption":"Moreda Riviere Trefiler\u00edas"},"image":{"@id":"https:\/\/moreda.com\/fr\/#\/schema\/logo\/image\/"},"sameAs":["https:\/\/www.facebook.com\/moredarivieretrefileriassa","https:\/\/x.com\/MoredaRiviere","https:\/\/www.youtube.com\/user\/MOREDARIVIERE","https:\/\/www.linkedin.com\/company\/trefilerias-moreda-riviere","https:\/\/www.instagram.com\/moreda.riviere.trefilerias\/"]}]}},"_links":{"self":[{"href":"https:\/\/moreda.com\/fr\/wp-json\/wp\/v2\/pages\/37787","targetHints":{"allow":["GET"]}}],"collection":[{"href":"https:\/\/moreda.com\/fr\/wp-json\/wp\/v2\/pages"}],"about":[{"href":"https:\/\/moreda.com\/fr\/wp-json\/wp\/v2\/types\/page"}],"author":[{"embeddable":true,"href":"https:\/\/moreda.com\/fr\/wp-json\/wp\/v2\/users\/1"}],"replies":[{"embeddable":true,"href":"https:\/\/moreda.com\/fr\/wp-json\/wp\/v2\/comments?post=37787"}],"version-history":[{"count":4,"href":"https:\/\/moreda.com\/fr\/wp-json\/wp\/v2\/pages\/37787\/revisions"}],"predecessor-version":[{"id":50454,"href":"https:\/\/moreda.com\/fr\/wp-json\/wp\/v2\/pages\/37787\/revisions\/50454"}],"up":[{"embeddable":true,"href":"https:\/\/moreda.com\/fr\/wp-json\/wp\/v2\/pages\/37766"}],"wp:featuredmedia":[{"embeddable":true,"href":"https:\/\/moreda.com\/fr\/wp-json\/wp\/v2\/media\/34021"}],"wp:attachment":[{"href":"https:\/\/moreda.com\/fr\/wp-json\/wp\/v2\/media?parent=37787"}],"curies":[{"name":"wp","href":"https:\/\/api.w.org\/{rel}","templated":true}]}}