{"id":37782,"date":"2021-11-12T08:29:08","date_gmt":"2021-11-12T06:29:08","guid":{"rendered":"https:\/\/moreda.com\/secteurs\/organismes-publics-et-architectes\/"},"modified":"2025-07-16T08:42:28","modified_gmt":"2025-07-16T06:42:28","slug":"organismes-publics-et-architectes","status":"publish","type":"page","link":"https:\/\/moreda.com\/fr\/secteurs\/organismes-publics-et-architectes\/","title":{"rendered":"Organismes Publics et Architectes"},"content":{"rendered":"\t\t<div data-elementor-type=\"wp-page\" data-elementor-id=\"37782\" class=\"elementor elementor-37782 elementor-1163\" data-elementor-post-type=\"page\">\n\t\t\t\t\t\t<section class=\"elementor-section elementor-top-section elementor-element elementor-element-a91fbfe elementor-section-height-min-height elementor-section-boxed elementor-section-height-default elementor-section-items-middle\" data-id=\"a91fbfe\" data-element_type=\"section\" data-e-type=\"section\" data-settings=\"{&quot;background_background&quot;:&quot;classic&quot;}\">\n\t\t\t\t\t\t<div class=\"elementor-container elementor-column-gap-default\">\n\t\t\t\t\t<div class=\"elementor-column elementor-col-100 elementor-top-column elementor-element elementor-element-d09df7a\" data-id=\"d09df7a\" data-element_type=\"column\" data-e-type=\"column\">\n\t\t\t<div class=\"elementor-widget-wrap elementor-element-populated\">\n\t\t\t\t\t\t<div class=\"elementor-element elementor-element-845417f elementor-widget elementor-widget-heading\" data-id=\"845417f\" data-element_type=\"widget\" data-e-type=\"widget\" data-widget_type=\"heading.default\">\n\t\t\t\t<div class=\"elementor-widget-container\">\n\t\t\t\t\t<h1 class=\"elementor-heading-title elementor-size-default\">Organismes publics et architectes<\/h1>\t\t\t\t<\/div>\n\t\t\t\t<\/div>\n\t\t\t\t\t<\/div>\n\t\t<\/div>\n\t\t\t\t\t<\/div>\n\t\t<\/section>\n\t\t\t\t<section class=\"elementor-section elementor-top-section elementor-element elementor-element-488d48d elementor-section-boxed elementor-section-height-default elementor-section-height-default\" data-id=\"488d48d\" data-element_type=\"section\" data-e-type=\"section\">\n\t\t\t\t\t\t<div class=\"elementor-container elementor-column-gap-default\">\n\t\t\t\t\t<div class=\"elementor-column elementor-col-100 elementor-top-column elementor-element elementor-element-c065b4f\" data-id=\"c065b4f\" data-element_type=\"column\" data-e-type=\"column\">\n\t\t\t<div class=\"elementor-widget-wrap elementor-element-populated\">\n\t\t\t\t\t\t<div class=\"elementor-element elementor-element-0c80490 elementor-widget elementor-widget-spacer\" data-id=\"0c80490\" data-element_type=\"widget\" data-e-type=\"widget\" data-widget_type=\"spacer.default\">\n\t\t\t\t<div class=\"elementor-widget-container\">\n\t\t\t\t\t\t\t<div class=\"elementor-spacer\">\n\t\t\t<div class=\"elementor-spacer-inner\"><\/div>\n\t\t<\/div>\n\t\t\t\t\t\t<\/div>\n\t\t\t\t<\/div>\n\t\t\t\t<div class=\"elementor-element elementor-element-87adf29 elementor-align-flex-start elementor-widget elementor-widget-raven-breadcrumbs\" data-id=\"87adf29\" data-element_type=\"widget\" data-e-type=\"widget\" data-widget_type=\"raven-breadcrumbs.default\">\n\t\t\t\t<div class=\"elementor-widget-container\">\n\t\t\t\t\t<div class=\"raven-breadcrumbs raven-breadcrumbs-default\"><div class=\"breadcrumb\">\t\t\t\t<div class=\"breadcrumb-item active\" aria-current=\"page\"><span>Home<\/span><\/div>\n\n\t\t\t\t<\/div><\/div>\t\t\t\t<\/div>\n\t\t\t\t<\/div>\n\t\t\t\t\t<\/div>\n\t\t<\/div>\n\t\t\t\t\t<\/div>\n\t\t<\/section>\n\t\t\t\t<section class=\"elementor-section elementor-top-section elementor-element elementor-element-df27068 elementor-section-boxed elementor-section-height-default elementor-section-height-default\" data-id=\"df27068\" data-element_type=\"section\" data-e-type=\"section\">\n\t\t\t\t\t\t<div class=\"elementor-container elementor-column-gap-default\">\n\t\t\t\t\t<div class=\"elementor-column elementor-col-100 elementor-top-column elementor-element elementor-element-3534d66\" data-id=\"3534d66\" data-element_type=\"column\" data-e-type=\"column\">\n\t\t\t<div class=\"elementor-widget-wrap elementor-element-populated\">\n\t\t\t\t\t\t<div class=\"elementor-element elementor-element-25b76bd elementor-widget elementor-widget-spacer\" data-id=\"25b76bd\" data-element_type=\"widget\" data-e-type=\"widget\" data-widget_type=\"spacer.default\">\n\t\t\t\t<div class=\"elementor-widget-container\">\n\t\t\t\t\t\t\t<div class=\"elementor-spacer\">\n\t\t\t<div class=\"elementor-spacer-inner\"><\/div>\n\t\t<\/div>\n\t\t\t\t\t\t<\/div>\n\t\t\t\t<\/div>\n\t\t\t\t<div class=\"elementor-element elementor-element-2f0d682 elementor-widget elementor-widget-text-editor\" data-id=\"2f0d682\" data-element_type=\"widget\" data-e-type=\"widget\" data-widget_type=\"text-editor.default\">\n\t\t\t\t<div class=\"elementor-widget-container\">\n\t\t\t\t\t\t\t\t\t<h2 style=\"text-align: left;\">Produits pour les autorit\u00e9s publiques et les architectes<\/h2>\t\t\t\t\t\t\t\t<\/div>\n\t\t\t\t<\/div>\n\t\t\t\t<div class=\"elementor-element elementor-element-db1b642 elementor-widget__width-initial elementor-widget elementor-widget-text-editor\" data-id=\"db1b642\" data-element_type=\"widget\" data-e-type=\"widget\" data-widget_type=\"text-editor.default\">\n\t\t\t\t<div class=\"elementor-widget-container\">\n\t\t\t\t\t\t\t\t\t<p>Que vous apparteniez \u00e0 un organisme public qui souhaite demander une cl\u00f4ture, ou que vous soyez un ing\u00e9nieur ou un architecte qui souhaite cr\u00e9er un projet comprenant une cl\u00f4ture, le TRM est votre option. Nous sommes des fabricants avec une vaste exp\u00e9rience (plus de 150 ans) et appartenons \u00e0 Celsa, le plus grand groupe sid\u00e9rurgique priv\u00e9 d&#8217;Espagne et le quatri\u00e8me d&#8217;Europe.<\/p><p>Nous proposons une <a href=\"https:\/\/moreda.com\/fr\/produits\/\">large gamme<\/a> de cl\u00f4tures : cl\u00f4tures m\u00e9talliques, barreaudages, grilles m\u00e9talliques, portails ext\u00e9rieurs, etc. Ainsi que des cl\u00f4tures telles que la cl\u00f4ture \u00e0 Double Fil pour cl\u00f4turer les zones qui n\u00e9cessitent une protection suppl\u00e9mentaire. Et nous offrons une garantie de 10 ans sur la plupart de nos produits (voir les conditions de garantie).<\/p><p>De plus, nous disposons de nos propres <strong>services de serrurerie<\/strong>, nous pouvons donc cr\u00e9er des bo\u00eetiers sur mesure. En termes de documentation, nous disposons du certificat de sant\u00e9 et de s\u00e9curit\u00e9 <strong>ISO 45001:2018<\/strong> et du certificat environnemental <strong>ISO 14001:2015<\/strong>, approuv\u00e9s par Bureau Veritas. Nous avons nos dessins de produits et nos certificats de qualit\u00e9.<\/p><p>Nous disposons d&#8217;une large gamme de portails <span style=\"color: var( --e-global-color-text );\">battantes, coulissantes et autoportantes<\/span> <span style=\"color: var( --e-global-color-text );\">conformes au <strong>code technique de la construction<\/strong> et donc adapt\u00e9es aux personnes \u00e0 mobilit\u00e9 r\u00e9duite. Ils sont fabriqu\u00e9s conform\u00e9ment \u00e0 la norme <strong>EN 13241<\/strong> et portent le <strong>marquage CE<\/strong>. Si vous le souhaitez, vous pouvez \u00e9galement demander des plans de fondation.<\/span><\/p><p>Pour consulter les politiques g\u00e9n\u00e9rales, environnementales, sociales et corporatives du groupe Celsa, dont nous faisons partie, cliquez <a href=\"https:\/\/www.celsagroup.com\/sostenibilidad\/politicas-celsa\/\" target=\"_blank\" rel=\"nofollow noopener noreferrer\">ici<\/a>.<\/p>\t\t\t\t\t\t\t\t<\/div>\n\t\t\t\t<\/div>\n\t\t\t\t<div class=\"elementor-element elementor-element-cdb0aa7 elementor-widget elementor-widget-spacer\" data-id=\"cdb0aa7\" data-element_type=\"widget\" data-e-type=\"widget\" data-widget_type=\"spacer.default\">\n\t\t\t\t<div class=\"elementor-widget-container\">\n\t\t\t\t\t\t\t<div class=\"elementor-spacer\">\n\t\t\t<div class=\"elementor-spacer-inner\"><\/div>\n\t\t<\/div>\n\t\t\t\t\t\t<\/div>\n\t\t\t\t<\/div>\n\t\t\t\t\t<\/div>\n\t\t<\/div>\n\t\t\t\t\t<\/div>\n\t\t<\/section>\n\t\t\t\t<section class=\"elementor-section elementor-top-section elementor-element elementor-element-2f6c7b2 elementor-section-boxed elementor-section-height-default elementor-section-height-default\" data-id=\"2f6c7b2\" data-element_type=\"section\" data-e-type=\"section\">\n\t\t\t\t\t\t<div class=\"elementor-container elementor-column-gap-default\">\n\t\t\t\t\t<div class=\"elementor-column elementor-col-100 elementor-top-column elementor-element elementor-element-a1650f6\" data-id=\"a1650f6\" data-element_type=\"column\" data-e-type=\"column\">\n\t\t\t<div class=\"elementor-widget-wrap elementor-element-populated\">\n\t\t\t\t\t\t<div class=\"elementor-element elementor-element-f86730e elementor-align-right elementor-widget__width-initial elementor-fixed elementor-invisible elementor-widget elementor-widget-global elementor-global-48526 elementor-global-29112 elementor-widget-button\" data-id=\"f86730e\" data-element_type=\"widget\" data-e-type=\"widget\" data-settings=\"{&quot;_position&quot;:&quot;fixed&quot;,&quot;_animation&quot;:&quot;fadeInUp&quot;}\" data-widget_type=\"button.default\">\n\t\t\t\t<div class=\"elementor-widget-container\">\n\t\t\t\t\t\t\t\t\t<div class=\"elementor-button-wrapper\">\n\t\t\t\t\t<a class=\"elementor-button elementor-button-link elementor-size-xl\" href=\"https:\/\/moreda.com\/fr\/contact\/contactez-nous\/#contacto-formulario-directo\">\n\t\t\t\t\t\t<span class=\"elementor-button-content-wrapper\">\n\t\t\t\t\t\t<span class=\"elementor-button-icon\">\n\t\t\t\t<i aria-hidden=\"true\" class=\"fas fa-envelope\"><\/i>\t\t\t<\/span>\n\t\t\t\t\t\t\t\t<\/span>\n\t\t\t\t\t<\/a>\n\t\t\t\t<\/div>\n\t\t\t\t\t\t\t\t<\/div>\n\t\t\t\t<\/div>\n\t\t\t\t\t<\/div>\n\t\t<\/div>\n\t\t\t\t\t<\/div>\n\t\t<\/section>\n\t\t\t\t<\/div>\n\t\t","protected":false},"excerpt":{"rendered":"<p>Organismes publics et architectes Home Produits pour les autorit\u00e9s publiques et les architectes Que vous apparteniez \u00e0 un organisme public qui souhaite demander une cl\u00f4ture, ou que vous soyez un ing\u00e9nieur ou un architecte qui souhaite cr\u00e9er un projet comprenant une cl\u00f4ture, le TRM est votre option. Nous sommes des fabricants avec une vaste exp\u00e9rience [&hellip;]<\/p>\n","protected":false},"author":1,"featured_media":34029,"parent":37766,"menu_order":0,"comment_status":"closed","ping_status":"open","template":"elementor_header_footer","meta":{"_acf_changed":false,"footnotes":""},"class_list":["post-37782","page","type-page","status-publish","has-post-thumbnail","hentry"],"acf":[],"yoast_head":"<!-- This site is optimized with the Yoast SEO plugin v27.2 - https:\/\/yoast.com\/product\/yoast-seo-wordpress\/ -->\n<title>Organismes publics et architectes - MRT, fabricant de cl\u00f4tures et de fils<\/title>\n<meta name=\"description\" content=\"Dans cette section du site, vous trouverez des informations MRT sp\u00e9cifiques aux organismes publics et aux architectes.\" \/>\n<meta name=\"robots\" content=\"index, follow, max-snippet:-1, max-image-preview:large, max-video-preview:-1\" \/>\n<link rel=\"canonical\" href=\"https:\/\/moreda.com\/fr\/secteurs\/organismes-publics-et-architectes\/\" \/>\n<meta property=\"og:locale\" content=\"fr_FR\" \/>\n<meta property=\"og:type\" content=\"article\" \/>\n<meta property=\"og:title\" content=\"Organismes publics et architectes - MRT, fabricant de cl\u00f4tures et de fils\" \/>\n<meta property=\"og:description\" content=\"Dans cette section du site, vous trouverez des informations MRT sp\u00e9cifiques aux organismes publics et aux architectes.\" \/>\n<meta property=\"og:url\" content=\"https:\/\/moreda.com\/fr\/secteurs\/organismes-publics-et-architectes\/\" \/>\n<meta property=\"og:site_name\" content=\"MRT\" \/>\n<meta property=\"article:publisher\" content=\"https:\/\/www.facebook.com\/moredarivieretrefileriassa\" \/>\n<meta property=\"article:modified_time\" content=\"2025-07-16T06:42:28+00:00\" \/>\n<meta property=\"og:image\" content=\"https:\/\/moreda.com\/wp-content\/uploads\/2021\/11\/gama-mrt-arquitectos.webp\" \/>\n\t<meta property=\"og:image:width\" content=\"1280\" \/>\n\t<meta property=\"og:image:height\" content=\"853\" \/>\n\t<meta property=\"og:image:type\" content=\"image\/webp\" \/>\n<meta name=\"twitter:card\" content=\"summary_large_image\" \/>\n<meta name=\"twitter:site\" content=\"@MoredaRiviere\" \/>\n<meta name=\"twitter:label1\" content=\"Dur\u00e9e de lecture estim\u00e9e\" \/>\n\t<meta name=\"twitter:data1\" content=\"1 minute\" \/>\n<script type=\"application\/ld+json\" class=\"yoast-schema-graph\">{\"@context\":\"https:\/\/schema.org\",\"@graph\":[{\"@type\":\"WebPage\",\"@id\":\"https:\/\/moreda.com\/fr\/secteurs\/organismes-publics-et-architectes\/\",\"url\":\"https:\/\/moreda.com\/fr\/secteurs\/organismes-publics-et-architectes\/\",\"name\":\"Organismes publics et architectes - MRT, fabricant de cl\u00f4tures et de fils\",\"isPartOf\":{\"@id\":\"https:\/\/moreda.com\/fr\/#website\"},\"primaryImageOfPage\":{\"@id\":\"https:\/\/moreda.com\/fr\/secteurs\/organismes-publics-et-architectes\/#primaryimage\"},\"image\":{\"@id\":\"https:\/\/moreda.com\/fr\/secteurs\/organismes-publics-et-architectes\/#primaryimage\"},\"thumbnailUrl\":\"https:\/\/moreda.com\/wp-content\/uploads\/2021\/11\/gama-mrt-arquitectos.webp\",\"datePublished\":\"2021-11-12T06:29:08+00:00\",\"dateModified\":\"2025-07-16T06:42:28+00:00\",\"description\":\"Dans cette section du site, vous trouverez des informations MRT sp\u00e9cifiques aux organismes publics et aux architectes.\",\"breadcrumb\":{\"@id\":\"https:\/\/moreda.com\/fr\/secteurs\/organismes-publics-et-architectes\/#breadcrumb\"},\"inLanguage\":\"fr-FR\",\"potentialAction\":[{\"@type\":\"ReadAction\",\"target\":[\"https:\/\/moreda.com\/fr\/secteurs\/organismes-publics-et-architectes\/\"]}]},{\"@type\":\"ImageObject\",\"inLanguage\":\"fr-FR\",\"@id\":\"https:\/\/moreda.com\/fr\/secteurs\/organismes-publics-et-architectes\/#primaryimage\",\"url\":\"https:\/\/moreda.com\/wp-content\/uploads\/2021\/11\/gama-mrt-arquitectos.webp\",\"contentUrl\":\"https:\/\/moreda.com\/wp-content\/uploads\/2021\/11\/gama-mrt-arquitectos.webp\",\"width\":1280,\"height\":853,\"caption\":\"Organismes Publics et Architectes\"},{\"@type\":\"BreadcrumbList\",\"@id\":\"https:\/\/moreda.com\/fr\/secteurs\/organismes-publics-et-architectes\/#breadcrumb\",\"itemListElement\":[{\"@type\":\"ListItem\",\"position\":1,\"name\":\"Portada\",\"item\":\"https:\/\/moreda.com\/fr\/home\/\"},{\"@type\":\"ListItem\",\"position\":2,\"name\":\"Secteurs\",\"item\":\"https:\/\/moreda.com\/fr\/sectores\/\"},{\"@type\":\"ListItem\",\"position\":3,\"name\":\"Organismes Publics et Architectes\"}]},{\"@type\":\"WebSite\",\"@id\":\"https:\/\/moreda.com\/fr\/#website\",\"url\":\"https:\/\/moreda.com\/fr\/\",\"name\":\"MRT - Moreda Riviere Trefiler\u00edas\",\"description\":\"Moreda Riviere Trefiler\u00edas. Fabricante de vallas y alambres\",\"publisher\":{\"@id\":\"https:\/\/moreda.com\/fr\/#organization\"},\"alternateName\":\"MRT\",\"potentialAction\":[{\"@type\":\"SearchAction\",\"target\":{\"@type\":\"EntryPoint\",\"urlTemplate\":\"https:\/\/moreda.com\/fr\/?s={search_term_string}\"},\"query-input\":{\"@type\":\"PropertyValueSpecification\",\"valueRequired\":true,\"valueName\":\"search_term_string\"}}],\"inLanguage\":\"fr-FR\"},{\"@type\":\"Organization\",\"@id\":\"https:\/\/moreda.com\/fr\/#organization\",\"name\":\"Moreda Riviere Trefiler\u00edas\",\"alternateName\":\"MRT\",\"url\":\"https:\/\/moreda.com\/fr\/\",\"logo\":{\"@type\":\"ImageObject\",\"inLanguage\":\"fr-FR\",\"@id\":\"https:\/\/moreda.com\/fr\/#\/schema\/logo\/image\/\",\"url\":\"https:\/\/moreda.com\/wp-content\/uploads\/2022\/05\/logo-moreda-stiky.svg\",\"contentUrl\":\"https:\/\/moreda.com\/wp-content\/uploads\/2022\/05\/logo-moreda-stiky.svg\",\"width\":541,\"height\":247,\"caption\":\"Moreda Riviere Trefiler\u00edas\"},\"image\":{\"@id\":\"https:\/\/moreda.com\/fr\/#\/schema\/logo\/image\/\"},\"sameAs\":[\"https:\/\/www.facebook.com\/moredarivieretrefileriassa\",\"https:\/\/x.com\/MoredaRiviere\",\"https:\/\/www.youtube.com\/user\/MOREDARIVIERE\",\"https:\/\/www.linkedin.com\/company\/trefilerias-moreda-riviere\",\"https:\/\/www.instagram.com\/moreda.riviere.trefilerias\/\"]}]}<\/script>\n<!-- \/ Yoast SEO plugin. -->","yoast_head_json":{"title":"Organismes publics et architectes - MRT, fabricant de cl\u00f4tures et de fils","description":"Dans cette section du site, vous trouverez des informations MRT sp\u00e9cifiques aux organismes publics et aux architectes.","robots":{"index":"index","follow":"follow","max-snippet":"max-snippet:-1","max-image-preview":"max-image-preview:large","max-video-preview":"max-video-preview:-1"},"canonical":"https:\/\/moreda.com\/fr\/secteurs\/organismes-publics-et-architectes\/","og_locale":"fr_FR","og_type":"article","og_title":"Organismes publics et architectes - MRT, fabricant de cl\u00f4tures et de fils","og_description":"Dans cette section du site, vous trouverez des informations MRT sp\u00e9cifiques aux organismes publics et aux architectes.","og_url":"https:\/\/moreda.com\/fr\/secteurs\/organismes-publics-et-architectes\/","og_site_name":"MRT","article_publisher":"https:\/\/www.facebook.com\/moredarivieretrefileriassa","article_modified_time":"2025-07-16T06:42:28+00:00","og_image":[{"width":1280,"height":853,"url":"https:\/\/moreda.com\/wp-content\/uploads\/2021\/11\/gama-mrt-arquitectos.webp","type":"image\/webp"}],"twitter_card":"summary_large_image","twitter_site":"@MoredaRiviere","twitter_misc":{"Dur\u00e9e de lecture estim\u00e9e":"1 minute"},"schema":{"@context":"https:\/\/schema.org","@graph":[{"@type":"WebPage","@id":"https:\/\/moreda.com\/fr\/secteurs\/organismes-publics-et-architectes\/","url":"https:\/\/moreda.com\/fr\/secteurs\/organismes-publics-et-architectes\/","name":"Organismes publics et architectes - MRT, fabricant de cl\u00f4tures et de fils","isPartOf":{"@id":"https:\/\/moreda.com\/fr\/#website"},"primaryImageOfPage":{"@id":"https:\/\/moreda.com\/fr\/secteurs\/organismes-publics-et-architectes\/#primaryimage"},"image":{"@id":"https:\/\/moreda.com\/fr\/secteurs\/organismes-publics-et-architectes\/#primaryimage"},"thumbnailUrl":"https:\/\/moreda.com\/wp-content\/uploads\/2021\/11\/gama-mrt-arquitectos.webp","datePublished":"2021-11-12T06:29:08+00:00","dateModified":"2025-07-16T06:42:28+00:00","description":"Dans cette section du site, vous trouverez des informations MRT sp\u00e9cifiques aux organismes publics et aux architectes.","breadcrumb":{"@id":"https:\/\/moreda.com\/fr\/secteurs\/organismes-publics-et-architectes\/#breadcrumb"},"inLanguage":"fr-FR","potentialAction":[{"@type":"ReadAction","target":["https:\/\/moreda.com\/fr\/secteurs\/organismes-publics-et-architectes\/"]}]},{"@type":"ImageObject","inLanguage":"fr-FR","@id":"https:\/\/moreda.com\/fr\/secteurs\/organismes-publics-et-architectes\/#primaryimage","url":"https:\/\/moreda.com\/wp-content\/uploads\/2021\/11\/gama-mrt-arquitectos.webp","contentUrl":"https:\/\/moreda.com\/wp-content\/uploads\/2021\/11\/gama-mrt-arquitectos.webp","width":1280,"height":853,"caption":"Organismes Publics et Architectes"},{"@type":"BreadcrumbList","@id":"https:\/\/moreda.com\/fr\/secteurs\/organismes-publics-et-architectes\/#breadcrumb","itemListElement":[{"@type":"ListItem","position":1,"name":"Portada","item":"https:\/\/moreda.com\/fr\/home\/"},{"@type":"ListItem","position":2,"name":"Secteurs","item":"https:\/\/moreda.com\/fr\/sectores\/"},{"@type":"ListItem","position":3,"name":"Organismes Publics et Architectes"}]},{"@type":"WebSite","@id":"https:\/\/moreda.com\/fr\/#website","url":"https:\/\/moreda.com\/fr\/","name":"MRT - Moreda Riviere Trefiler\u00edas","description":"Moreda Riviere Trefiler\u00edas. Fabricante de vallas y alambres","publisher":{"@id":"https:\/\/moreda.com\/fr\/#organization"},"alternateName":"MRT","potentialAction":[{"@type":"SearchAction","target":{"@type":"EntryPoint","urlTemplate":"https:\/\/moreda.com\/fr\/?s={search_term_string}"},"query-input":{"@type":"PropertyValueSpecification","valueRequired":true,"valueName":"search_term_string"}}],"inLanguage":"fr-FR"},{"@type":"Organization","@id":"https:\/\/moreda.com\/fr\/#organization","name":"Moreda Riviere Trefiler\u00edas","alternateName":"MRT","url":"https:\/\/moreda.com\/fr\/","logo":{"@type":"ImageObject","inLanguage":"fr-FR","@id":"https:\/\/moreda.com\/fr\/#\/schema\/logo\/image\/","url":"https:\/\/moreda.com\/wp-content\/uploads\/2022\/05\/logo-moreda-stiky.svg","contentUrl":"https:\/\/moreda.com\/wp-content\/uploads\/2022\/05\/logo-moreda-stiky.svg","width":541,"height":247,"caption":"Moreda Riviere Trefiler\u00edas"},"image":{"@id":"https:\/\/moreda.com\/fr\/#\/schema\/logo\/image\/"},"sameAs":["https:\/\/www.facebook.com\/moredarivieretrefileriassa","https:\/\/x.com\/MoredaRiviere","https:\/\/www.youtube.com\/user\/MOREDARIVIERE","https:\/\/www.linkedin.com\/company\/trefilerias-moreda-riviere","https:\/\/www.instagram.com\/moreda.riviere.trefilerias\/"]}]}},"_links":{"self":[{"href":"https:\/\/moreda.com\/fr\/wp-json\/wp\/v2\/pages\/37782","targetHints":{"allow":["GET"]}}],"collection":[{"href":"https:\/\/moreda.com\/fr\/wp-json\/wp\/v2\/pages"}],"about":[{"href":"https:\/\/moreda.com\/fr\/wp-json\/wp\/v2\/types\/page"}],"author":[{"embeddable":true,"href":"https:\/\/moreda.com\/fr\/wp-json\/wp\/v2\/users\/1"}],"replies":[{"embeddable":true,"href":"https:\/\/moreda.com\/fr\/wp-json\/wp\/v2\/comments?post=37782"}],"version-history":[{"count":9,"href":"https:\/\/moreda.com\/fr\/wp-json\/wp\/v2\/pages\/37782\/revisions"}],"predecessor-version":[{"id":53186,"href":"https:\/\/moreda.com\/fr\/wp-json\/wp\/v2\/pages\/37782\/revisions\/53186"}],"up":[{"embeddable":true,"href":"https:\/\/moreda.com\/fr\/wp-json\/wp\/v2\/pages\/37766"}],"wp:featuredmedia":[{"embeddable":true,"href":"https:\/\/moreda.com\/fr\/wp-json\/wp\/v2\/media\/34029"}],"wp:attachment":[{"href":"https:\/\/moreda.com\/fr\/wp-json\/wp\/v2\/media?parent=37782"}],"curies":[{"name":"wp","href":"https:\/\/api.w.org\/{rel}","templated":true}]}}