{"id":37777,"date":"2021-11-12T08:27:31","date_gmt":"2021-11-12T06:27:31","guid":{"rendered":"https:\/\/moreda.com\/secteurs\/industrie\/"},"modified":"2024-08-07T14:04:37","modified_gmt":"2024-08-07T12:04:37","slug":"industrie","status":"publish","type":"page","link":"https:\/\/moreda.com\/fr\/secteurs\/industrie\/","title":{"rendered":"Industrie"},"content":{"rendered":"\t\t<div data-elementor-type=\"wp-page\" data-elementor-id=\"37777\" class=\"elementor elementor-37777 elementor-1160\" data-elementor-post-type=\"page\">\n\t\t\t\t\t\t<section class=\"elementor-section elementor-top-section elementor-element elementor-element-a91fbfe elementor-section-height-min-height elementor-section-boxed elementor-section-height-default elementor-section-items-middle\" data-id=\"a91fbfe\" data-element_type=\"section\" data-e-type=\"section\" data-settings=\"{&quot;background_background&quot;:&quot;classic&quot;}\">\n\t\t\t\t\t\t<div class=\"elementor-container elementor-column-gap-default\">\n\t\t\t\t\t<div class=\"elementor-column elementor-col-100 elementor-top-column elementor-element elementor-element-d09df7a\" data-id=\"d09df7a\" data-element_type=\"column\" data-e-type=\"column\">\n\t\t\t<div class=\"elementor-widget-wrap elementor-element-populated\">\n\t\t\t\t\t\t<div class=\"elementor-element elementor-element-845417f elementor-widget elementor-widget-heading\" data-id=\"845417f\" data-element_type=\"widget\" data-e-type=\"widget\" data-widget_type=\"heading.default\">\n\t\t\t\t<div class=\"elementor-widget-container\">\n\t\t\t\t\t<h1 class=\"elementor-heading-title elementor-size-default\">Industrie<\/h1>\t\t\t\t<\/div>\n\t\t\t\t<\/div>\n\t\t\t\t\t<\/div>\n\t\t<\/div>\n\t\t\t\t\t<\/div>\n\t\t<\/section>\n\t\t\t\t<section class=\"elementor-section elementor-top-section elementor-element elementor-element-a2ae61e elementor-section-boxed elementor-section-height-default elementor-section-height-default\" data-id=\"a2ae61e\" data-element_type=\"section\" data-e-type=\"section\">\n\t\t\t\t\t\t<div class=\"elementor-container elementor-column-gap-default\">\n\t\t\t\t\t<div class=\"elementor-column elementor-col-100 elementor-top-column elementor-element elementor-element-58c6a7c\" data-id=\"58c6a7c\" data-element_type=\"column\" data-e-type=\"column\">\n\t\t\t<div class=\"elementor-widget-wrap elementor-element-populated\">\n\t\t\t\t\t\t<div class=\"elementor-element elementor-element-cb88b26 elementor-widget elementor-widget-spacer\" data-id=\"cb88b26\" data-element_type=\"widget\" data-e-type=\"widget\" data-widget_type=\"spacer.default\">\n\t\t\t\t<div class=\"elementor-widget-container\">\n\t\t\t\t\t\t\t<div class=\"elementor-spacer\">\n\t\t\t<div class=\"elementor-spacer-inner\"><\/div>\n\t\t<\/div>\n\t\t\t\t\t\t<\/div>\n\t\t\t\t<\/div>\n\t\t\t\t<div class=\"elementor-element elementor-element-18b7df1 elementor-align-flex-start elementor-widget elementor-widget-raven-breadcrumbs\" data-id=\"18b7df1\" data-element_type=\"widget\" data-e-type=\"widget\" data-widget_type=\"raven-breadcrumbs.default\">\n\t\t\t\t<div class=\"elementor-widget-container\">\n\t\t\t\t\t<div class=\"raven-breadcrumbs raven-breadcrumbs-default\"><div class=\"breadcrumb\">\t\t\t\t<div class=\"breadcrumb-item active\" aria-current=\"page\"><span>Home<\/span><\/div>\n\n\t\t\t\t<\/div><\/div>\t\t\t\t<\/div>\n\t\t\t\t<\/div>\n\t\t\t\t\t<\/div>\n\t\t<\/div>\n\t\t\t\t\t<\/div>\n\t\t<\/section>\n\t\t\t\t<section class=\"elementor-section elementor-top-section elementor-element elementor-element-df27068 elementor-section-boxed elementor-section-height-default elementor-section-height-default\" data-id=\"df27068\" data-element_type=\"section\" data-e-type=\"section\">\n\t\t\t\t\t\t<div class=\"elementor-container elementor-column-gap-default\">\n\t\t\t\t\t<div class=\"elementor-column elementor-col-100 elementor-top-column elementor-element elementor-element-3534d66\" data-id=\"3534d66\" data-element_type=\"column\" data-e-type=\"column\">\n\t\t\t<div class=\"elementor-widget-wrap elementor-element-populated\">\n\t\t\t\t\t\t<div class=\"elementor-element elementor-element-0656827 elementor-widget elementor-widget-spacer\" data-id=\"0656827\" data-element_type=\"widget\" data-e-type=\"widget\" data-widget_type=\"spacer.default\">\n\t\t\t\t<div class=\"elementor-widget-container\">\n\t\t\t\t\t\t\t<div class=\"elementor-spacer\">\n\t\t\t<div class=\"elementor-spacer-inner\"><\/div>\n\t\t<\/div>\n\t\t\t\t\t\t<\/div>\n\t\t\t\t<\/div>\n\t\t\t\t<div class=\"elementor-element elementor-element-2f0d682 elementor-widget elementor-widget-text-editor\" data-id=\"2f0d682\" data-element_type=\"widget\" data-e-type=\"widget\" data-widget_type=\"text-editor.default\">\n\t\t\t\t<div class=\"elementor-widget-container\">\n\t\t\t\t\t\t\t\t\t<h2 style=\"text-align: left;\">Produits de qualit\u00e9 pour l&#8217;industrie<\/h2>\n\t\t\t\t\t\t\t\t<\/div>\n\t\t\t\t<\/div>\n\t\t\t\t<div class=\"elementor-element elementor-element-db1b642 elementor-widget elementor-widget-text-editor\" data-id=\"db1b642\" data-element_type=\"widget\" data-e-type=\"widget\" data-widget_type=\"text-editor.default\">\n\t\t\t\t<div class=\"elementor-widget-container\">\n\t\t\t\t\t\t\t\t\t<p>Dans l&#8217;industrie, la <strong>qualit\u00e9<\/strong> est essentielle pour offrir des produits solides et durables. Nous ma\u00eetrisons parfaitement la tra\u00e7abilit\u00e9, car nous supervisons les \u00e9tapes de l&#8217;ensemble du processus de production.<\/p>\n<p>Pour l&#8217;<strong>industrie du traitement du fil<\/strong>, nous disposons d&#8217;une large gamme de qualit\u00e9s et de formats. Nous pouvons fabriquer  de nombreux diam\u00e8tres de <a href=\"https:\/\/moreda.com\/fr\/produits\/fil\/\">fils<\/a>, de \u00d8 0,90\u00a0mm \u00e0 \u00d8 8,26\u00a0mm.<\/p>\n<p>Et pour les <strong>entreprises<\/strong> qui ont besoin de solutions de cl\u00f4ture pour leurs installations, nous avons diff\u00e9rentes possibilit\u00e9s pour leur espace ext\u00e9rieur. Parmi ces options, il y a, par exemple, le panneau <a href=\"\/productos\/vallas-metalicas\/doble-hilo\/\">Double Fil <\/a>qui, avec ses doubles fils horizontaux, renforce la rigidit\u00e9 de la cl\u00f4ture.<\/p>\n<p>Nous pouvons \u00e9galement proposer des technologies pour le <strong>contr\u00f4le d&#8217;acc\u00e8s ou la s\u00e9curit\u00e9 p\u00e9rim\u00e9trique<\/strong>, voir la gamme <a href=\"https:\/\/moreda.com\/fr\/produits\/security\/\">Security\u00a0MRT<\/a>. Et pour les <strong>int\u00e9rieurs d&#8217;usine<\/strong>, nous avons la <a href=\"https:\/\/moreda.com\/fr\/produits\/safety\/\">gamme\u00a0Safety<\/a>, sp\u00e9cialement con\u00e7ue pour prot\u00e9ger les personnes et les machines industrielles, qui est conforme \u00e0 la directive sur les machines\u00a02006\/42\/CE.<\/p>\n\t\t\t\t\t\t\t\t<\/div>\n\t\t\t\t<\/div>\n\t\t\t\t<div class=\"elementor-element elementor-element-2e8a28d elementor-widget elementor-widget-spacer\" data-id=\"2e8a28d\" data-element_type=\"widget\" data-e-type=\"widget\" data-widget_type=\"spacer.default\">\n\t\t\t\t<div class=\"elementor-widget-container\">\n\t\t\t\t\t\t\t<div class=\"elementor-spacer\">\n\t\t\t<div class=\"elementor-spacer-inner\"><\/div>\n\t\t<\/div>\n\t\t\t\t\t\t<\/div>\n\t\t\t\t<\/div>\n\t\t\t\t\t<\/div>\n\t\t<\/div>\n\t\t\t\t\t<\/div>\n\t\t<\/section>\n\t\t\t\t<section class=\"elementor-section elementor-top-section elementor-element elementor-element-a773e48 elementor-section-boxed elementor-section-height-default elementor-section-height-default\" data-id=\"a773e48\" data-element_type=\"section\" data-e-type=\"section\">\n\t\t\t\t\t\t<div class=\"elementor-container elementor-column-gap-default\">\n\t\t\t\t\t<div class=\"elementor-column elementor-col-100 elementor-top-column elementor-element elementor-element-953e90e\" data-id=\"953e90e\" data-element_type=\"column\" data-e-type=\"column\">\n\t\t\t<div class=\"elementor-widget-wrap elementor-element-populated\">\n\t\t\t\t\t\t<div class=\"elementor-element elementor-element-e96ecfb elementor-align-right elementor-widget__width-initial elementor-fixed elementor-invisible elementor-widget elementor-widget-global elementor-global-48526 elementor-global-29112 elementor-widget-button\" data-id=\"e96ecfb\" data-element_type=\"widget\" data-e-type=\"widget\" data-settings=\"{&quot;_position&quot;:&quot;fixed&quot;,&quot;_animation&quot;:&quot;fadeInUp&quot;}\" data-widget_type=\"button.default\">\n\t\t\t\t<div class=\"elementor-widget-container\">\n\t\t\t\t\t\t\t\t\t<div class=\"elementor-button-wrapper\">\n\t\t\t\t\t<a class=\"elementor-button elementor-button-link elementor-size-xl\" href=\"https:\/\/moreda.com\/fr\/contact\/contactez-nous\/#contacto-formulario-directo\">\n\t\t\t\t\t\t<span class=\"elementor-button-content-wrapper\">\n\t\t\t\t\t\t<span class=\"elementor-button-icon\">\n\t\t\t\t<i aria-hidden=\"true\" class=\"fas fa-envelope\"><\/i>\t\t\t<\/span>\n\t\t\t\t\t\t\t\t<\/span>\n\t\t\t\t\t<\/a>\n\t\t\t\t<\/div>\n\t\t\t\t\t\t\t\t<\/div>\n\t\t\t\t<\/div>\n\t\t\t\t\t<\/div>\n\t\t<\/div>\n\t\t\t\t\t<\/div>\n\t\t<\/section>\n\t\t\t\t<\/div>\n\t\t","protected":false},"excerpt":{"rendered":"<p>Industrie Home Produits de qualit\u00e9 pour l&#8217;industrie Dans l&#8217;industrie, la qualit\u00e9 est essentielle pour offrir des produits solides et durables. Nous ma\u00eetrisons parfaitement la tra\u00e7abilit\u00e9, car nous supervisons les \u00e9tapes de l&#8217;ensemble du processus de production. Pour l&#8217;industrie du traitement du fil, nous disposons d&#8217;une large gamme de qualit\u00e9s et de formats. Nous pouvons fabriquer [&hellip;]<\/p>\n","protected":false},"author":1,"featured_media":34027,"parent":37766,"menu_order":0,"comment_status":"closed","ping_status":"open","template":"elementor_header_footer","meta":{"_acf_changed":false,"footnotes":""},"class_list":["post-37777","page","type-page","status-publish","has-post-thumbnail","hentry"],"acf":[],"yoast_head":"<!-- This site is optimized with the Yoast SEO plugin v27.2 - https:\/\/yoast.com\/product\/yoast-seo-wordpress\/ -->\n<title>Industrie - Moreda Riviere Trefiler\u00edas. Fabricante de vallas y alambres<\/title>\n<meta name=\"description\" content=\"Dans cette section, vous trouverez des informations sur l&#039;industrie, afin que vous puissiez d\u00e9couvrir ce que MRT offre sp\u00e9cifiquement pour ce secteur.\" \/>\n<meta name=\"robots\" content=\"index, follow, max-snippet:-1, max-image-preview:large, max-video-preview:-1\" \/>\n<link rel=\"canonical\" href=\"https:\/\/moreda.com\/fr\/secteurs\/industrie\/\" \/>\n<meta property=\"og:locale\" content=\"fr_FR\" \/>\n<meta property=\"og:type\" content=\"article\" \/>\n<meta property=\"og:title\" content=\"Industrie - Moreda Riviere Trefiler\u00edas. Fabricante de vallas y alambres\" \/>\n<meta property=\"og:description\" content=\"Dans cette section, vous trouverez des informations sur l&#039;industrie, afin que vous puissiez d\u00e9couvrir ce que MRT offre sp\u00e9cifiquement pour ce secteur.\" \/>\n<meta property=\"og:url\" content=\"https:\/\/moreda.com\/fr\/secteurs\/industrie\/\" \/>\n<meta property=\"og:site_name\" content=\"MRT\" \/>\n<meta property=\"article:publisher\" content=\"https:\/\/www.facebook.com\/moredarivieretrefileriassa\" \/>\n<meta property=\"article:modified_time\" content=\"2024-08-07T12:04:37+00:00\" \/>\n<meta property=\"og:image\" content=\"https:\/\/moreda.com\/wp-content\/uploads\/2021\/11\/gama-mrt-industria.webp\" \/>\n\t<meta property=\"og:image:width\" content=\"1280\" \/>\n\t<meta property=\"og:image:height\" content=\"853\" \/>\n\t<meta property=\"og:image:type\" content=\"image\/webp\" \/>\n<meta name=\"twitter:card\" content=\"summary_large_image\" \/>\n<meta name=\"twitter:site\" content=\"@MoredaRiviere\" \/>\n<meta name=\"twitter:label1\" content=\"Dur\u00e9e de lecture estim\u00e9e\" \/>\n\t<meta name=\"twitter:data1\" content=\"1 minute\" \/>\n<script type=\"application\/ld+json\" class=\"yoast-schema-graph\">{\"@context\":\"https:\/\/schema.org\",\"@graph\":[{\"@type\":\"WebPage\",\"@id\":\"https:\/\/moreda.com\/fr\/secteurs\/industrie\/\",\"url\":\"https:\/\/moreda.com\/fr\/secteurs\/industrie\/\",\"name\":\"Industrie - Moreda Riviere Trefiler\u00edas. Fabricante de vallas y alambres\",\"isPartOf\":{\"@id\":\"https:\/\/moreda.com\/fr\/#website\"},\"primaryImageOfPage\":{\"@id\":\"https:\/\/moreda.com\/fr\/secteurs\/industrie\/#primaryimage\"},\"image\":{\"@id\":\"https:\/\/moreda.com\/fr\/secteurs\/industrie\/#primaryimage\"},\"thumbnailUrl\":\"https:\/\/moreda.com\/wp-content\/uploads\/2021\/11\/gama-mrt-industria.webp\",\"datePublished\":\"2021-11-12T06:27:31+00:00\",\"dateModified\":\"2024-08-07T12:04:37+00:00\",\"description\":\"Dans cette section, vous trouverez des informations sur l'industrie, afin que vous puissiez d\u00e9couvrir ce que MRT offre sp\u00e9cifiquement pour ce secteur.\",\"breadcrumb\":{\"@id\":\"https:\/\/moreda.com\/fr\/secteurs\/industrie\/#breadcrumb\"},\"inLanguage\":\"fr-FR\",\"potentialAction\":[{\"@type\":\"ReadAction\",\"target\":[\"https:\/\/moreda.com\/fr\/secteurs\/industrie\/\"]}]},{\"@type\":\"ImageObject\",\"inLanguage\":\"fr-FR\",\"@id\":\"https:\/\/moreda.com\/fr\/secteurs\/industrie\/#primaryimage\",\"url\":\"https:\/\/moreda.com\/wp-content\/uploads\/2021\/11\/gama-mrt-industria.webp\",\"contentUrl\":\"https:\/\/moreda.com\/wp-content\/uploads\/2021\/11\/gama-mrt-industria.webp\",\"width\":1280,\"height\":853,\"caption\":\"Gamme MRT pour l'industrie\"},{\"@type\":\"BreadcrumbList\",\"@id\":\"https:\/\/moreda.com\/fr\/secteurs\/industrie\/#breadcrumb\",\"itemListElement\":[{\"@type\":\"ListItem\",\"position\":1,\"name\":\"Portada\",\"item\":\"https:\/\/moreda.com\/fr\/home\/\"},{\"@type\":\"ListItem\",\"position\":2,\"name\":\"Secteurs\",\"item\":\"https:\/\/moreda.com\/fr\/sectores\/\"},{\"@type\":\"ListItem\",\"position\":3,\"name\":\"Industrie\"}]},{\"@type\":\"WebSite\",\"@id\":\"https:\/\/moreda.com\/fr\/#website\",\"url\":\"https:\/\/moreda.com\/fr\/\",\"name\":\"MRT - Moreda Riviere Trefiler\u00edas\",\"description\":\"Moreda Riviere Trefiler\u00edas. Fabricante de vallas y alambres\",\"publisher\":{\"@id\":\"https:\/\/moreda.com\/fr\/#organization\"},\"alternateName\":\"MRT\",\"potentialAction\":[{\"@type\":\"SearchAction\",\"target\":{\"@type\":\"EntryPoint\",\"urlTemplate\":\"https:\/\/moreda.com\/fr\/?s={search_term_string}\"},\"query-input\":{\"@type\":\"PropertyValueSpecification\",\"valueRequired\":true,\"valueName\":\"search_term_string\"}}],\"inLanguage\":\"fr-FR\"},{\"@type\":\"Organization\",\"@id\":\"https:\/\/moreda.com\/fr\/#organization\",\"name\":\"Moreda Riviere Trefiler\u00edas\",\"alternateName\":\"MRT\",\"url\":\"https:\/\/moreda.com\/fr\/\",\"logo\":{\"@type\":\"ImageObject\",\"inLanguage\":\"fr-FR\",\"@id\":\"https:\/\/moreda.com\/fr\/#\/schema\/logo\/image\/\",\"url\":\"https:\/\/moreda.com\/wp-content\/uploads\/2022\/05\/logo-moreda-stiky.svg\",\"contentUrl\":\"https:\/\/moreda.com\/wp-content\/uploads\/2022\/05\/logo-moreda-stiky.svg\",\"width\":541,\"height\":247,\"caption\":\"Moreda Riviere Trefiler\u00edas\"},\"image\":{\"@id\":\"https:\/\/moreda.com\/fr\/#\/schema\/logo\/image\/\"},\"sameAs\":[\"https:\/\/www.facebook.com\/moredarivieretrefileriassa\",\"https:\/\/x.com\/MoredaRiviere\",\"https:\/\/www.youtube.com\/user\/MOREDARIVIERE\",\"https:\/\/www.linkedin.com\/company\/trefilerias-moreda-riviere\",\"https:\/\/www.instagram.com\/moreda.riviere.trefilerias\/\"]}]}<\/script>\n<!-- \/ Yoast SEO plugin. -->","yoast_head_json":{"title":"Industrie - Moreda Riviere Trefiler\u00edas. Fabricante de vallas y alambres","description":"Dans cette section, vous trouverez des informations sur l'industrie, afin que vous puissiez d\u00e9couvrir ce que MRT offre sp\u00e9cifiquement pour ce secteur.","robots":{"index":"index","follow":"follow","max-snippet":"max-snippet:-1","max-image-preview":"max-image-preview:large","max-video-preview":"max-video-preview:-1"},"canonical":"https:\/\/moreda.com\/fr\/secteurs\/industrie\/","og_locale":"fr_FR","og_type":"article","og_title":"Industrie - Moreda Riviere Trefiler\u00edas. Fabricante de vallas y alambres","og_description":"Dans cette section, vous trouverez des informations sur l'industrie, afin que vous puissiez d\u00e9couvrir ce que MRT offre sp\u00e9cifiquement pour ce secteur.","og_url":"https:\/\/moreda.com\/fr\/secteurs\/industrie\/","og_site_name":"MRT","article_publisher":"https:\/\/www.facebook.com\/moredarivieretrefileriassa","article_modified_time":"2024-08-07T12:04:37+00:00","og_image":[{"width":1280,"height":853,"url":"https:\/\/moreda.com\/wp-content\/uploads\/2021\/11\/gama-mrt-industria.webp","type":"image\/webp"}],"twitter_card":"summary_large_image","twitter_site":"@MoredaRiviere","twitter_misc":{"Dur\u00e9e de lecture estim\u00e9e":"1 minute"},"schema":{"@context":"https:\/\/schema.org","@graph":[{"@type":"WebPage","@id":"https:\/\/moreda.com\/fr\/secteurs\/industrie\/","url":"https:\/\/moreda.com\/fr\/secteurs\/industrie\/","name":"Industrie - Moreda Riviere Trefiler\u00edas. Fabricante de vallas y alambres","isPartOf":{"@id":"https:\/\/moreda.com\/fr\/#website"},"primaryImageOfPage":{"@id":"https:\/\/moreda.com\/fr\/secteurs\/industrie\/#primaryimage"},"image":{"@id":"https:\/\/moreda.com\/fr\/secteurs\/industrie\/#primaryimage"},"thumbnailUrl":"https:\/\/moreda.com\/wp-content\/uploads\/2021\/11\/gama-mrt-industria.webp","datePublished":"2021-11-12T06:27:31+00:00","dateModified":"2024-08-07T12:04:37+00:00","description":"Dans cette section, vous trouverez des informations sur l'industrie, afin que vous puissiez d\u00e9couvrir ce que MRT offre sp\u00e9cifiquement pour ce secteur.","breadcrumb":{"@id":"https:\/\/moreda.com\/fr\/secteurs\/industrie\/#breadcrumb"},"inLanguage":"fr-FR","potentialAction":[{"@type":"ReadAction","target":["https:\/\/moreda.com\/fr\/secteurs\/industrie\/"]}]},{"@type":"ImageObject","inLanguage":"fr-FR","@id":"https:\/\/moreda.com\/fr\/secteurs\/industrie\/#primaryimage","url":"https:\/\/moreda.com\/wp-content\/uploads\/2021\/11\/gama-mrt-industria.webp","contentUrl":"https:\/\/moreda.com\/wp-content\/uploads\/2021\/11\/gama-mrt-industria.webp","width":1280,"height":853,"caption":"Gamme MRT pour l'industrie"},{"@type":"BreadcrumbList","@id":"https:\/\/moreda.com\/fr\/secteurs\/industrie\/#breadcrumb","itemListElement":[{"@type":"ListItem","position":1,"name":"Portada","item":"https:\/\/moreda.com\/fr\/home\/"},{"@type":"ListItem","position":2,"name":"Secteurs","item":"https:\/\/moreda.com\/fr\/sectores\/"},{"@type":"ListItem","position":3,"name":"Industrie"}]},{"@type":"WebSite","@id":"https:\/\/moreda.com\/fr\/#website","url":"https:\/\/moreda.com\/fr\/","name":"MRT - Moreda Riviere Trefiler\u00edas","description":"Moreda Riviere Trefiler\u00edas. Fabricante de vallas y alambres","publisher":{"@id":"https:\/\/moreda.com\/fr\/#organization"},"alternateName":"MRT","potentialAction":[{"@type":"SearchAction","target":{"@type":"EntryPoint","urlTemplate":"https:\/\/moreda.com\/fr\/?s={search_term_string}"},"query-input":{"@type":"PropertyValueSpecification","valueRequired":true,"valueName":"search_term_string"}}],"inLanguage":"fr-FR"},{"@type":"Organization","@id":"https:\/\/moreda.com\/fr\/#organization","name":"Moreda Riviere Trefiler\u00edas","alternateName":"MRT","url":"https:\/\/moreda.com\/fr\/","logo":{"@type":"ImageObject","inLanguage":"fr-FR","@id":"https:\/\/moreda.com\/fr\/#\/schema\/logo\/image\/","url":"https:\/\/moreda.com\/wp-content\/uploads\/2022\/05\/logo-moreda-stiky.svg","contentUrl":"https:\/\/moreda.com\/wp-content\/uploads\/2022\/05\/logo-moreda-stiky.svg","width":541,"height":247,"caption":"Moreda Riviere Trefiler\u00edas"},"image":{"@id":"https:\/\/moreda.com\/fr\/#\/schema\/logo\/image\/"},"sameAs":["https:\/\/www.facebook.com\/moredarivieretrefileriassa","https:\/\/x.com\/MoredaRiviere","https:\/\/www.youtube.com\/user\/MOREDARIVIERE","https:\/\/www.linkedin.com\/company\/trefilerias-moreda-riviere","https:\/\/www.instagram.com\/moreda.riviere.trefilerias\/"]}]}},"_links":{"self":[{"href":"https:\/\/moreda.com\/fr\/wp-json\/wp\/v2\/pages\/37777","targetHints":{"allow":["GET"]}}],"collection":[{"href":"https:\/\/moreda.com\/fr\/wp-json\/wp\/v2\/pages"}],"about":[{"href":"https:\/\/moreda.com\/fr\/wp-json\/wp\/v2\/types\/page"}],"author":[{"embeddable":true,"href":"https:\/\/moreda.com\/fr\/wp-json\/wp\/v2\/users\/1"}],"replies":[{"embeddable":true,"href":"https:\/\/moreda.com\/fr\/wp-json\/wp\/v2\/comments?post=37777"}],"version-history":[{"count":6,"href":"https:\/\/moreda.com\/fr\/wp-json\/wp\/v2\/pages\/37777\/revisions"}],"predecessor-version":[{"id":50311,"href":"https:\/\/moreda.com\/fr\/wp-json\/wp\/v2\/pages\/37777\/revisions\/50311"}],"up":[{"embeddable":true,"href":"https:\/\/moreda.com\/fr\/wp-json\/wp\/v2\/pages\/37766"}],"wp:featuredmedia":[{"embeddable":true,"href":"https:\/\/moreda.com\/fr\/wp-json\/wp\/v2\/media\/34027"}],"wp:attachment":[{"href":"https:\/\/moreda.com\/fr\/wp-json\/wp\/v2\/media?parent=37777"}],"curies":[{"name":"wp","href":"https:\/\/api.w.org\/{rel}","templated":true}]}}