{"id":37773,"date":"2021-11-12T08:28:08","date_gmt":"2021-11-12T06:28:08","guid":{"rendered":"https:\/\/moreda.com\/secteurs\/distributeurs-et-installateurs\/"},"modified":"2026-03-16T14:07:59","modified_gmt":"2026-03-16T12:07:59","slug":"distributeurs-et-installateurs","status":"publish","type":"page","link":"https:\/\/moreda.com\/fr\/secteurs\/distributeurs-et-installateurs\/","title":{"rendered":"Distributeurs et installateurs"},"content":{"rendered":"\t\t<div data-elementor-type=\"wp-page\" data-elementor-id=\"37773\" class=\"elementor elementor-37773 elementor-1161\" data-elementor-post-type=\"page\">\n\t\t\t\t\t\t<section class=\"elementor-section elementor-top-section elementor-element elementor-element-a91fbfe elementor-section-height-min-height elementor-section-boxed elementor-section-height-default elementor-section-items-middle\" data-id=\"a91fbfe\" data-element_type=\"section\" data-e-type=\"section\" data-settings=\"{&quot;background_background&quot;:&quot;classic&quot;}\">\n\t\t\t\t\t\t<div class=\"elementor-container elementor-column-gap-default\">\n\t\t\t\t\t<div class=\"elementor-column elementor-col-100 elementor-top-column elementor-element elementor-element-d09df7a\" data-id=\"d09df7a\" data-element_type=\"column\" data-e-type=\"column\">\n\t\t\t<div class=\"elementor-widget-wrap elementor-element-populated\">\n\t\t\t\t\t\t<div class=\"elementor-element elementor-element-845417f elementor-widget elementor-widget-heading\" data-id=\"845417f\" data-element_type=\"widget\" data-e-type=\"widget\" data-widget_type=\"heading.default\">\n\t\t\t\t<div class=\"elementor-widget-container\">\n\t\t\t\t\t<h1 class=\"elementor-heading-title elementor-size-default\">DISTRIBUTEURS ET INSTALLATEURS<\/h1>\t\t\t\t<\/div>\n\t\t\t\t<\/div>\n\t\t\t\t\t<\/div>\n\t\t<\/div>\n\t\t\t\t\t<\/div>\n\t\t<\/section>\n\t\t\t\t<section class=\"elementor-section elementor-top-section elementor-element elementor-element-e54bbac elementor-section-boxed elementor-section-height-default elementor-section-height-default\" data-id=\"e54bbac\" data-element_type=\"section\" data-e-type=\"section\">\n\t\t\t\t\t\t<div class=\"elementor-container elementor-column-gap-default\">\n\t\t\t\t\t<div class=\"elementor-column elementor-col-100 elementor-top-column elementor-element elementor-element-451d5ad\" data-id=\"451d5ad\" data-element_type=\"column\" data-e-type=\"column\">\n\t\t\t<div class=\"elementor-widget-wrap elementor-element-populated\">\n\t\t\t\t\t\t<div class=\"elementor-element elementor-element-a193e60 elementor-widget elementor-widget-spacer\" data-id=\"a193e60\" data-element_type=\"widget\" data-e-type=\"widget\" data-widget_type=\"spacer.default\">\n\t\t\t\t<div class=\"elementor-widget-container\">\n\t\t\t\t\t\t\t<div class=\"elementor-spacer\">\n\t\t\t<div class=\"elementor-spacer-inner\"><\/div>\n\t\t<\/div>\n\t\t\t\t\t\t<\/div>\n\t\t\t\t<\/div>\n\t\t\t\t<div class=\"elementor-element elementor-element-6ae2311 elementor-align-flex-start elementor-widget elementor-widget-raven-breadcrumbs\" data-id=\"6ae2311\" data-element_type=\"widget\" data-e-type=\"widget\" data-widget_type=\"raven-breadcrumbs.default\">\n\t\t\t\t<div class=\"elementor-widget-container\">\n\t\t\t\t\t<div class=\"raven-breadcrumbs raven-breadcrumbs-default\"><div class=\"breadcrumb\">\t\t\t\t<div class=\"breadcrumb-item active\" aria-current=\"page\"><span>Home<\/span><\/div>\n\n\t\t\t\t<\/div><\/div>\t\t\t\t<\/div>\n\t\t\t\t<\/div>\n\t\t\t\t\t<\/div>\n\t\t<\/div>\n\t\t\t\t\t<\/div>\n\t\t<\/section>\n\t\t\t\t<section class=\"elementor-section elementor-top-section elementor-element elementor-element-df27068 elementor-section-boxed elementor-section-height-default elementor-section-height-default\" data-id=\"df27068\" data-element_type=\"section\" data-e-type=\"section\">\n\t\t\t\t\t\t<div class=\"elementor-container elementor-column-gap-default\">\n\t\t\t\t\t<div class=\"elementor-column elementor-col-100 elementor-top-column elementor-element elementor-element-3534d66\" data-id=\"3534d66\" data-element_type=\"column\" data-e-type=\"column\">\n\t\t\t<div class=\"elementor-widget-wrap elementor-element-populated\">\n\t\t\t\t\t\t<div class=\"elementor-element elementor-element-9f35865 elementor-widget elementor-widget-spacer\" data-id=\"9f35865\" data-element_type=\"widget\" data-e-type=\"widget\" data-widget_type=\"spacer.default\">\n\t\t\t\t<div class=\"elementor-widget-container\">\n\t\t\t\t\t\t\t<div class=\"elementor-spacer\">\n\t\t\t<div class=\"elementor-spacer-inner\"><\/div>\n\t\t<\/div>\n\t\t\t\t\t\t<\/div>\n\t\t\t\t<\/div>\n\t\t\t\t<div class=\"elementor-element elementor-element-2f0d682 elementor-widget elementor-widget-text-editor\" data-id=\"2f0d682\" data-element_type=\"widget\" data-e-type=\"widget\" data-widget_type=\"text-editor.default\">\n\t\t\t\t<div class=\"elementor-widget-container\">\n\t\t\t\t\t\t\t\t\t<h2 style=\"text-align: left;\">Nous r\u00e9pondons aux besoins de vos clients<\/h2>\t\t\t\t\t\t\t\t<\/div>\n\t\t\t\t<\/div>\n\t\t\t\t<div class=\"elementor-element elementor-element-db1b642 elementor-widget elementor-widget-text-editor\" data-id=\"db1b642\" data-element_type=\"widget\" data-e-type=\"widget\" data-widget_type=\"text-editor.default\">\n\t\t\t\t<div class=\"elementor-widget-container\">\n\t\t\t\t\t\t\t\t\t<p>Si vous \u00eates distributeur ou installateur, vous trouverez dans MRT une offre int\u00e9ressante pour r\u00e9pondre aux besoins de vos clients. Nous disposons d&#8217;une <a href=\"https:\/\/moreda.com\/fr\/produits\/\">grande vari\u00e9t\u00e9<\/a> de panneaux, de barreaudages, de portails, de grilles m\u00e9talliques, etc. adapt\u00e9s aux pr\u00e9f\u00e9rences de chaque pays. <\/p><p>Notre usine est situ\u00e9e \u00e0 Gij\u00f3n (Asturias), et nous avons plusieurs succursales en Espagne pour \u00eatre plus proches de vous : Vitoria, Madrid, Barcelone et S\u00e9ville. Outre les livraisons nationales, nous effectuons \u00e9galement des livraisons internationales. En fait, nous exportons vers 60 pays. Outre les livraisons nationales, nous effectuons \u00e9galement des livraisons internationales. En fait, nous exportons vers 60 pays.<\/p><p>Consultez notre site web pour obtenir des informations sur chaque produit ou consultez directement le <a href=\"https:\/\/moreda.com\/fr\/contact\/contactez-nous\/\">conseiller de vente<\/a> de votre r\u00e9gion. Notre \u00e9quipe de vente, compos\u00e9e de 30 professionnels, se fera un plaisir de r\u00e9pondre \u00e0 votre demande.<\/p><p>Nous pouvons \u00e9galement vous aider en vous fournissant des<strong> instructions de montage<\/strong> et des <a href=\"https:\/\/www.youtube.com\/user\/MOREDARIVIERE\">vid\u00e9os<\/a> d&#8217; installation.<\/p><p>Pour une meilleure gestion de vos commandes et de vos envois de mat\u00e9riel, nous vous recommandons de vous enregistrer sur notre <a href=\"https:\/\/cp.gcelsa.com\/Login?islandURLName=MRT&amp;ReturnUrl=%2FMRT%2FDashboard\" target=\"_blank\" rel=\"noopener\">Portail Client<\/a>. En outre, nous disposons d&#8217;un lecteur de commandes et de la technologie EDI (le client passe directement la commande).<\/p>\t\t\t\t\t\t\t\t<\/div>\n\t\t\t\t<\/div>\n\t\t\t\t<div class=\"elementor-element elementor-element-19cee1d elementor-widget elementor-widget-spacer\" data-id=\"19cee1d\" data-element_type=\"widget\" data-e-type=\"widget\" data-widget_type=\"spacer.default\">\n\t\t\t\t<div class=\"elementor-widget-container\">\n\t\t\t\t\t\t\t<div class=\"elementor-spacer\">\n\t\t\t<div class=\"elementor-spacer-inner\"><\/div>\n\t\t<\/div>\n\t\t\t\t\t\t<\/div>\n\t\t\t\t<\/div>\n\t\t\t\t\t<\/div>\n\t\t<\/div>\n\t\t\t\t\t<\/div>\n\t\t<\/section>\n\t\t\t\t<section class=\"elementor-section elementor-top-section elementor-element elementor-element-8dccf50 elementor-section-boxed elementor-section-height-default elementor-section-height-default\" data-id=\"8dccf50\" data-element_type=\"section\" data-e-type=\"section\">\n\t\t\t\t\t\t<div class=\"elementor-container elementor-column-gap-default\">\n\t\t\t\t\t<div class=\"elementor-column elementor-col-33 elementor-top-column elementor-element elementor-element-5120838\" data-id=\"5120838\" data-element_type=\"column\" data-e-type=\"column\">\n\t\t\t<div class=\"elementor-widget-wrap elementor-element-populated\">\n\t\t\t\t\t\t<div class=\"elementor-element elementor-element-ecd8600 elementor-cta--skin-cover elementor-animated-content elementor-widget elementor-widget-call-to-action\" data-id=\"ecd8600\" data-element_type=\"widget\" data-e-type=\"widget\" data-widget_type=\"call-to-action.default\">\n\t\t\t\t<div class=\"elementor-widget-container\">\n\t\t\t\t\t\t\t<div class=\"elementor-cta\">\n\t\t\t\t\t<div class=\"elementor-cta__bg-wrapper\">\n\t\t\t\t<div class=\"elementor-cta__bg elementor-bg\" style=\"background-image: url(https:\/\/moreda.com\/wp-content\/uploads\/2021\/11\/gama-mrt-equipo-comerciales-1024x683-1.jpg);\" role=\"img\" aria-label=\"\u00c9quipe commerciale travaillant dans un bureau\"><\/div>\n\t\t\t\t<div class=\"elementor-cta__bg-overlay\"><\/div>\n\t\t\t<\/div>\n\t\t\t\t\t\t\t<div class=\"elementor-cta__content\">\n\t\t\t\t\n\t\t\t\t\n\t\t\t\t\t\t\t\t\t<div class=\"elementor-cta__description elementor-cta__content-item elementor-content-item elementor-animated-item--grow\">\n\t\t\t\t\t\t<p><a href=\"https:\/\/moreda.com\/fr\/contact\/contactez-nous\/\">Contactez<\/a> votre repr\u00e9sentant local<\/p>\t\t\t\t\t<\/div>\n\t\t\t\t\n\t\t\t\t\t\t\t<\/div>\n\t\t\t\t\t\t<\/div>\n\t\t\t\t\t\t<\/div>\n\t\t\t\t<\/div>\n\t\t\t\t\t<\/div>\n\t\t<\/div>\n\t\t\t\t<div class=\"elementor-column elementor-col-33 elementor-top-column elementor-element elementor-element-73bbc35\" data-id=\"73bbc35\" data-element_type=\"column\" data-e-type=\"column\">\n\t\t\t<div class=\"elementor-widget-wrap elementor-element-populated\">\n\t\t\t\t\t\t<div class=\"elementor-element elementor-element-5e0765c elementor-cta--skin-cover elementor-animated-content elementor-widget elementor-widget-call-to-action\" data-id=\"5e0765c\" data-element_type=\"widget\" data-e-type=\"widget\" data-widget_type=\"call-to-action.default\">\n\t\t\t\t<div class=\"elementor-widget-container\">\n\t\t\t\t\t\t\t<div class=\"elementor-cta\">\n\t\t\t\t\t<div class=\"elementor-cta__bg-wrapper\">\n\t\t\t\t<div class=\"elementor-cta__bg elementor-bg\" style=\"background-image: url(https:\/\/moreda.com\/wp-content\/uploads\/2021\/11\/gama-mrt-videos-explicativos-1024x682-1.jpg);\" role=\"img\" aria-label=\"Application pour regarder des vid\u00e9os sur le mobile\"><\/div>\n\t\t\t\t<div class=\"elementor-cta__bg-overlay\"><\/div>\n\t\t\t<\/div>\n\t\t\t\t\t\t\t<div class=\"elementor-cta__content\">\n\t\t\t\t\n\t\t\t\t\n\t\t\t\t\t\t\t\t\t<div class=\"elementor-cta__description elementor-cta__content-item elementor-content-item elementor-animated-item--grow\">\n\t\t\t\t\t\t<p>Voir nos <a href=\"https:\/\/www.youtube.com\/user\/MOREDARIVIERE\">vid\u00e9os explicatives<\/a><\/p>\t\t\t\t\t<\/div>\n\t\t\t\t\n\t\t\t\t\t\t\t<\/div>\n\t\t\t\t\t\t<\/div>\n\t\t\t\t\t\t<\/div>\n\t\t\t\t<\/div>\n\t\t\t\t\t<\/div>\n\t\t<\/div>\n\t\t\t\t<div class=\"elementor-column elementor-col-33 elementor-top-column elementor-element elementor-element-3957443\" data-id=\"3957443\" data-element_type=\"column\" data-e-type=\"column\">\n\t\t\t<div class=\"elementor-widget-wrap elementor-element-populated\">\n\t\t\t\t\t\t<div class=\"elementor-element elementor-element-da39525 elementor-cta--skin-cover elementor-animated-content elementor-widget elementor-widget-call-to-action\" data-id=\"da39525\" data-element_type=\"widget\" data-e-type=\"widget\" data-widget_type=\"call-to-action.default\">\n\t\t\t\t<div class=\"elementor-widget-container\">\n\t\t\t\t\t\t\t<div class=\"elementor-cta\">\n\t\t\t\t\t<div class=\"elementor-cta__bg-wrapper\">\n\t\t\t\t<div class=\"elementor-cta__bg elementor-bg\" style=\"background-image: url(https:\/\/moreda.com\/wp-content\/uploads\/2021\/11\/gama-mrt-customer-portal-1024x577-1.jpg);\" role=\"img\" aria-label=\"Ordinateur portable et tasse de caf\u00e9 sur une table\"><\/div>\n\t\t\t\t<div class=\"elementor-cta__bg-overlay\"><\/div>\n\t\t\t<\/div>\n\t\t\t\t\t\t\t<div class=\"elementor-cta__content\">\n\t\t\t\t\n\t\t\t\t\n\t\t\t\t\t\t\t\t\t<div class=\"elementor-cta__description elementor-cta__content-item elementor-content-item elementor-animated-item--grow\">\n\t\t\t\t\t\t<p>S'inscrire sur notre <a href=\"https:\/\/cp.gcelsa.com\/Login?islandURLName=MRT&amp;ReturnUrl=%2FMRT%2FDashboard\" rel=\"nofollow\">Portail Client<\/a> pour g\u00e9rer vos commandes<\/p>\t\t\t\t\t<\/div>\n\t\t\t\t\n\t\t\t\t\t\t\t<\/div>\n\t\t\t\t\t\t<\/div>\n\t\t\t\t\t\t<\/div>\n\t\t\t\t<\/div>\n\t\t\t\t\t<\/div>\n\t\t<\/div>\n\t\t\t\t\t<\/div>\n\t\t<\/section>\n\t\t\t\t<section class=\"elementor-section elementor-top-section elementor-element elementor-element-cdadee3 elementor-section-boxed elementor-section-height-default elementor-section-height-default\" data-id=\"cdadee3\" data-element_type=\"section\" data-e-type=\"section\">\n\t\t\t\t\t\t<div class=\"elementor-container elementor-column-gap-default\">\n\t\t\t\t\t<div class=\"elementor-column elementor-col-100 elementor-top-column elementor-element elementor-element-0966e7d\" data-id=\"0966e7d\" data-element_type=\"column\" data-e-type=\"column\">\n\t\t\t<div class=\"elementor-widget-wrap elementor-element-populated\">\n\t\t\t\t\t\t<div class=\"elementor-element elementor-element-db36238 elementor-widget elementor-widget-spacer\" data-id=\"db36238\" data-element_type=\"widget\" data-e-type=\"widget\" data-widget_type=\"spacer.default\">\n\t\t\t\t<div class=\"elementor-widget-container\">\n\t\t\t\t\t\t\t<div class=\"elementor-spacer\">\n\t\t\t<div class=\"elementor-spacer-inner\"><\/div>\n\t\t<\/div>\n\t\t\t\t\t\t<\/div>\n\t\t\t\t<\/div>\n\t\t\t\t\t<\/div>\n\t\t<\/div>\n\t\t\t\t\t<\/div>\n\t\t<\/section>\n\t\t\t\t<section class=\"elementor-section elementor-top-section elementor-element elementor-element-9f27aa4 elementor-section-boxed elementor-section-height-default elementor-section-height-default\" data-id=\"9f27aa4\" data-element_type=\"section\" data-e-type=\"section\">\n\t\t\t\t\t\t<div class=\"elementor-container elementor-column-gap-default\">\n\t\t\t\t\t<div class=\"elementor-column elementor-col-100 elementor-top-column elementor-element elementor-element-f54df56\" data-id=\"f54df56\" data-element_type=\"column\" data-e-type=\"column\">\n\t\t\t<div class=\"elementor-widget-wrap elementor-element-populated\">\n\t\t\t\t\t\t<div class=\"elementor-element elementor-element-0b4a88c elementor-align-right elementor-widget__width-initial elementor-fixed elementor-invisible elementor-widget elementor-widget-global elementor-global-48526 elementor-global-29112 elementor-widget-button\" data-id=\"0b4a88c\" data-element_type=\"widget\" data-e-type=\"widget\" data-settings=\"{&quot;_position&quot;:&quot;fixed&quot;,&quot;_animation&quot;:&quot;fadeInUp&quot;}\" data-widget_type=\"button.default\">\n\t\t\t\t<div class=\"elementor-widget-container\">\n\t\t\t\t\t\t\t\t\t<div class=\"elementor-button-wrapper\">\n\t\t\t\t\t<a class=\"elementor-button elementor-button-link elementor-size-xl\" href=\"https:\/\/moreda.com\/fr\/contact\/contactez-nous\/#contacto-formulario-directo\">\n\t\t\t\t\t\t<span class=\"elementor-button-content-wrapper\">\n\t\t\t\t\t\t<span class=\"elementor-button-icon\">\n\t\t\t\t<i aria-hidden=\"true\" class=\"fas fa-envelope\"><\/i>\t\t\t<\/span>\n\t\t\t\t\t\t\t\t<\/span>\n\t\t\t\t\t<\/a>\n\t\t\t\t<\/div>\n\t\t\t\t\t\t\t\t<\/div>\n\t\t\t\t<\/div>\n\t\t\t\t\t<\/div>\n\t\t<\/div>\n\t\t\t\t\t<\/div>\n\t\t<\/section>\n\t\t\t\t<\/div>\n\t\t","protected":false},"excerpt":{"rendered":"<p>DISTRIBUTEURS ET INSTALLATEURS Home Nous r\u00e9pondons aux besoins de vos clients Si vous \u00eates distributeur ou installateur, vous trouverez dans MRT une offre int\u00e9ressante pour r\u00e9pondre aux besoins de vos clients. Nous disposons d&#8217;une grande vari\u00e9t\u00e9 de panneaux, de barreaudages, de portails, de grilles m\u00e9talliques, etc. adapt\u00e9s aux pr\u00e9f\u00e9rences de chaque pays. Notre usine est [&hellip;]<\/p>\n","protected":false},"author":1,"featured_media":34025,"parent":37766,"menu_order":0,"comment_status":"closed","ping_status":"open","template":"elementor_header_footer","meta":{"_acf_changed":false,"footnotes":""},"class_list":["post-37773","page","type-page","status-publish","has-post-thumbnail","hentry"],"acf":[],"yoast_head":"<!-- This site is optimized with the Yoast SEO plugin v27.2 - https:\/\/yoast.com\/product\/yoast-seo-wordpress\/ -->\n<title>Distributeurs et installateurs \u2013 MRT, fabricant de cl\u00f4tures et de fils<\/title>\n<meta name=\"description\" content=\"Cliquez sur cette section pour d\u00e9couvrir ce que MRT peut offrir aux distributeurs et aux installateurs.\" \/>\n<meta name=\"robots\" content=\"index, follow, max-snippet:-1, max-image-preview:large, max-video-preview:-1\" \/>\n<link rel=\"canonical\" href=\"https:\/\/moreda.com\/fr\/secteurs\/distributeurs-et-installateurs\/\" \/>\n<meta property=\"og:locale\" content=\"fr_FR\" \/>\n<meta property=\"og:type\" content=\"article\" \/>\n<meta property=\"og:title\" content=\"Distributeurs et installateurs \u2013 MRT, fabricant de cl\u00f4tures et de fils\" \/>\n<meta property=\"og:description\" content=\"Cliquez sur cette section pour d\u00e9couvrir ce que MRT peut offrir aux distributeurs et aux installateurs.\" \/>\n<meta property=\"og:url\" content=\"https:\/\/moreda.com\/fr\/secteurs\/distributeurs-et-installateurs\/\" \/>\n<meta property=\"og:site_name\" content=\"MRT\" \/>\n<meta property=\"article:publisher\" content=\"https:\/\/www.facebook.com\/moredarivieretrefileriassa\" \/>\n<meta property=\"article:modified_time\" content=\"2026-03-16T12:07:59+00:00\" \/>\n<meta property=\"og:image\" content=\"https:\/\/moreda.com\/wp-content\/uploads\/2021\/11\/gama-mrt-distribuidores-instaladores.webp\" \/>\n\t<meta property=\"og:image:width\" content=\"1280\" \/>\n\t<meta property=\"og:image:height\" content=\"853\" \/>\n\t<meta property=\"og:image:type\" content=\"image\/webp\" \/>\n<meta name=\"twitter:card\" content=\"summary_large_image\" \/>\n<meta name=\"twitter:site\" content=\"@MoredaRiviere\" \/>\n<meta name=\"twitter:label1\" content=\"Dur\u00e9e de lecture estim\u00e9e\" \/>\n\t<meta name=\"twitter:data1\" content=\"1 minute\" \/>\n<script type=\"application\/ld+json\" class=\"yoast-schema-graph\">{\"@context\":\"https:\/\/schema.org\",\"@graph\":[{\"@type\":\"WebPage\",\"@id\":\"https:\/\/moreda.com\/fr\/secteurs\/distributeurs-et-installateurs\/\",\"url\":\"https:\/\/moreda.com\/fr\/secteurs\/distributeurs-et-installateurs\/\",\"name\":\"Distributeurs et installateurs \u2013 MRT, fabricant de cl\u00f4tures et de fils\",\"isPartOf\":{\"@id\":\"https:\/\/moreda.com\/fr\/#website\"},\"primaryImageOfPage\":{\"@id\":\"https:\/\/moreda.com\/fr\/secteurs\/distributeurs-et-installateurs\/#primaryimage\"},\"image\":{\"@id\":\"https:\/\/moreda.com\/fr\/secteurs\/distributeurs-et-installateurs\/#primaryimage\"},\"thumbnailUrl\":\"https:\/\/moreda.com\/wp-content\/uploads\/2021\/11\/gama-mrt-distribuidores-instaladores.webp\",\"datePublished\":\"2021-11-12T06:28:08+00:00\",\"dateModified\":\"2026-03-16T12:07:59+00:00\",\"description\":\"Cliquez sur cette section pour d\u00e9couvrir ce que MRT peut offrir aux distributeurs et aux installateurs.\",\"breadcrumb\":{\"@id\":\"https:\/\/moreda.com\/fr\/secteurs\/distributeurs-et-installateurs\/#breadcrumb\"},\"inLanguage\":\"fr-FR\",\"potentialAction\":[{\"@type\":\"ReadAction\",\"target\":[\"https:\/\/moreda.com\/fr\/secteurs\/distributeurs-et-installateurs\/\"]}]},{\"@type\":\"ImageObject\",\"inLanguage\":\"fr-FR\",\"@id\":\"https:\/\/moreda.com\/fr\/secteurs\/distributeurs-et-installateurs\/#primaryimage\",\"url\":\"https:\/\/moreda.com\/wp-content\/uploads\/2021\/11\/gama-mrt-distribuidores-instaladores.webp\",\"contentUrl\":\"https:\/\/moreda.com\/wp-content\/uploads\/2021\/11\/gama-mrt-distribuidores-instaladores.webp\",\"width\":1280,\"height\":853,\"caption\":\"Distributeurs et installateurs\"},{\"@type\":\"BreadcrumbList\",\"@id\":\"https:\/\/moreda.com\/fr\/secteurs\/distributeurs-et-installateurs\/#breadcrumb\",\"itemListElement\":[{\"@type\":\"ListItem\",\"position\":1,\"name\":\"Portada\",\"item\":\"https:\/\/moreda.com\/fr\/home\/\"},{\"@type\":\"ListItem\",\"position\":2,\"name\":\"Secteurs\",\"item\":\"https:\/\/moreda.com\/fr\/sectores\/\"},{\"@type\":\"ListItem\",\"position\":3,\"name\":\"Distributeurs et installateurs\"}]},{\"@type\":\"WebSite\",\"@id\":\"https:\/\/moreda.com\/fr\/#website\",\"url\":\"https:\/\/moreda.com\/fr\/\",\"name\":\"MRT - Moreda Riviere Trefiler\u00edas\",\"description\":\"Moreda Riviere Trefiler\u00edas. Fabricante de vallas y alambres\",\"publisher\":{\"@id\":\"https:\/\/moreda.com\/fr\/#organization\"},\"alternateName\":\"MRT\",\"potentialAction\":[{\"@type\":\"SearchAction\",\"target\":{\"@type\":\"EntryPoint\",\"urlTemplate\":\"https:\/\/moreda.com\/fr\/?s={search_term_string}\"},\"query-input\":{\"@type\":\"PropertyValueSpecification\",\"valueRequired\":true,\"valueName\":\"search_term_string\"}}],\"inLanguage\":\"fr-FR\"},{\"@type\":\"Organization\",\"@id\":\"https:\/\/moreda.com\/fr\/#organization\",\"name\":\"Moreda Riviere Trefiler\u00edas\",\"alternateName\":\"MRT\",\"url\":\"https:\/\/moreda.com\/fr\/\",\"logo\":{\"@type\":\"ImageObject\",\"inLanguage\":\"fr-FR\",\"@id\":\"https:\/\/moreda.com\/fr\/#\/schema\/logo\/image\/\",\"url\":\"https:\/\/moreda.com\/wp-content\/uploads\/2022\/05\/logo-moreda-stiky.svg\",\"contentUrl\":\"https:\/\/moreda.com\/wp-content\/uploads\/2022\/05\/logo-moreda-stiky.svg\",\"width\":541,\"height\":247,\"caption\":\"Moreda Riviere Trefiler\u00edas\"},\"image\":{\"@id\":\"https:\/\/moreda.com\/fr\/#\/schema\/logo\/image\/\"},\"sameAs\":[\"https:\/\/www.facebook.com\/moredarivieretrefileriassa\",\"https:\/\/x.com\/MoredaRiviere\",\"https:\/\/www.youtube.com\/user\/MOREDARIVIERE\",\"https:\/\/www.linkedin.com\/company\/trefilerias-moreda-riviere\",\"https:\/\/www.instagram.com\/moreda.riviere.trefilerias\/\"]}]}<\/script>\n<!-- \/ Yoast SEO plugin. -->","yoast_head_json":{"title":"Distributeurs et installateurs \u2013 MRT, fabricant de cl\u00f4tures et de fils","description":"Cliquez sur cette section pour d\u00e9couvrir ce que MRT peut offrir aux distributeurs et aux installateurs.","robots":{"index":"index","follow":"follow","max-snippet":"max-snippet:-1","max-image-preview":"max-image-preview:large","max-video-preview":"max-video-preview:-1"},"canonical":"https:\/\/moreda.com\/fr\/secteurs\/distributeurs-et-installateurs\/","og_locale":"fr_FR","og_type":"article","og_title":"Distributeurs et installateurs \u2013 MRT, fabricant de cl\u00f4tures et de fils","og_description":"Cliquez sur cette section pour d\u00e9couvrir ce que MRT peut offrir aux distributeurs et aux installateurs.","og_url":"https:\/\/moreda.com\/fr\/secteurs\/distributeurs-et-installateurs\/","og_site_name":"MRT","article_publisher":"https:\/\/www.facebook.com\/moredarivieretrefileriassa","article_modified_time":"2026-03-16T12:07:59+00:00","og_image":[{"width":1280,"height":853,"url":"https:\/\/moreda.com\/wp-content\/uploads\/2021\/11\/gama-mrt-distribuidores-instaladores.webp","type":"image\/webp"}],"twitter_card":"summary_large_image","twitter_site":"@MoredaRiviere","twitter_misc":{"Dur\u00e9e de lecture estim\u00e9e":"1 minute"},"schema":{"@context":"https:\/\/schema.org","@graph":[{"@type":"WebPage","@id":"https:\/\/moreda.com\/fr\/secteurs\/distributeurs-et-installateurs\/","url":"https:\/\/moreda.com\/fr\/secteurs\/distributeurs-et-installateurs\/","name":"Distributeurs et installateurs \u2013 MRT, fabricant de cl\u00f4tures et de fils","isPartOf":{"@id":"https:\/\/moreda.com\/fr\/#website"},"primaryImageOfPage":{"@id":"https:\/\/moreda.com\/fr\/secteurs\/distributeurs-et-installateurs\/#primaryimage"},"image":{"@id":"https:\/\/moreda.com\/fr\/secteurs\/distributeurs-et-installateurs\/#primaryimage"},"thumbnailUrl":"https:\/\/moreda.com\/wp-content\/uploads\/2021\/11\/gama-mrt-distribuidores-instaladores.webp","datePublished":"2021-11-12T06:28:08+00:00","dateModified":"2026-03-16T12:07:59+00:00","description":"Cliquez sur cette section pour d\u00e9couvrir ce que MRT peut offrir aux distributeurs et aux installateurs.","breadcrumb":{"@id":"https:\/\/moreda.com\/fr\/secteurs\/distributeurs-et-installateurs\/#breadcrumb"},"inLanguage":"fr-FR","potentialAction":[{"@type":"ReadAction","target":["https:\/\/moreda.com\/fr\/secteurs\/distributeurs-et-installateurs\/"]}]},{"@type":"ImageObject","inLanguage":"fr-FR","@id":"https:\/\/moreda.com\/fr\/secteurs\/distributeurs-et-installateurs\/#primaryimage","url":"https:\/\/moreda.com\/wp-content\/uploads\/2021\/11\/gama-mrt-distribuidores-instaladores.webp","contentUrl":"https:\/\/moreda.com\/wp-content\/uploads\/2021\/11\/gama-mrt-distribuidores-instaladores.webp","width":1280,"height":853,"caption":"Distributeurs et installateurs"},{"@type":"BreadcrumbList","@id":"https:\/\/moreda.com\/fr\/secteurs\/distributeurs-et-installateurs\/#breadcrumb","itemListElement":[{"@type":"ListItem","position":1,"name":"Portada","item":"https:\/\/moreda.com\/fr\/home\/"},{"@type":"ListItem","position":2,"name":"Secteurs","item":"https:\/\/moreda.com\/fr\/sectores\/"},{"@type":"ListItem","position":3,"name":"Distributeurs et installateurs"}]},{"@type":"WebSite","@id":"https:\/\/moreda.com\/fr\/#website","url":"https:\/\/moreda.com\/fr\/","name":"MRT - Moreda Riviere Trefiler\u00edas","description":"Moreda Riviere Trefiler\u00edas. Fabricante de vallas y alambres","publisher":{"@id":"https:\/\/moreda.com\/fr\/#organization"},"alternateName":"MRT","potentialAction":[{"@type":"SearchAction","target":{"@type":"EntryPoint","urlTemplate":"https:\/\/moreda.com\/fr\/?s={search_term_string}"},"query-input":{"@type":"PropertyValueSpecification","valueRequired":true,"valueName":"search_term_string"}}],"inLanguage":"fr-FR"},{"@type":"Organization","@id":"https:\/\/moreda.com\/fr\/#organization","name":"Moreda Riviere Trefiler\u00edas","alternateName":"MRT","url":"https:\/\/moreda.com\/fr\/","logo":{"@type":"ImageObject","inLanguage":"fr-FR","@id":"https:\/\/moreda.com\/fr\/#\/schema\/logo\/image\/","url":"https:\/\/moreda.com\/wp-content\/uploads\/2022\/05\/logo-moreda-stiky.svg","contentUrl":"https:\/\/moreda.com\/wp-content\/uploads\/2022\/05\/logo-moreda-stiky.svg","width":541,"height":247,"caption":"Moreda Riviere Trefiler\u00edas"},"image":{"@id":"https:\/\/moreda.com\/fr\/#\/schema\/logo\/image\/"},"sameAs":["https:\/\/www.facebook.com\/moredarivieretrefileriassa","https:\/\/x.com\/MoredaRiviere","https:\/\/www.youtube.com\/user\/MOREDARIVIERE","https:\/\/www.linkedin.com\/company\/trefilerias-moreda-riviere","https:\/\/www.instagram.com\/moreda.riviere.trefilerias\/"]}]}},"_links":{"self":[{"href":"https:\/\/moreda.com\/fr\/wp-json\/wp\/v2\/pages\/37773","targetHints":{"allow":["GET"]}}],"collection":[{"href":"https:\/\/moreda.com\/fr\/wp-json\/wp\/v2\/pages"}],"about":[{"href":"https:\/\/moreda.com\/fr\/wp-json\/wp\/v2\/types\/page"}],"author":[{"embeddable":true,"href":"https:\/\/moreda.com\/fr\/wp-json\/wp\/v2\/users\/1"}],"replies":[{"embeddable":true,"href":"https:\/\/moreda.com\/fr\/wp-json\/wp\/v2\/comments?post=37773"}],"version-history":[{"count":6,"href":"https:\/\/moreda.com\/fr\/wp-json\/wp\/v2\/pages\/37773\/revisions"}],"predecessor-version":[{"id":54609,"href":"https:\/\/moreda.com\/fr\/wp-json\/wp\/v2\/pages\/37773\/revisions\/54609"}],"up":[{"embeddable":true,"href":"https:\/\/moreda.com\/fr\/wp-json\/wp\/v2\/pages\/37766"}],"wp:featuredmedia":[{"embeddable":true,"href":"https:\/\/moreda.com\/fr\/wp-json\/wp\/v2\/media\/34025"}],"wp:attachment":[{"href":"https:\/\/moreda.com\/fr\/wp-json\/wp\/v2\/media?parent=37773"}],"curies":[{"name":"wp","href":"https:\/\/api.w.org\/{rel}","templated":true}]}}