{"id":37349,"date":"2021-12-15T10:23:02","date_gmt":"2021-12-15T08:23:02","guid":{"rendered":"https:\/\/moreda.com\/actualite\/"},"modified":"2025-07-03T10:45:45","modified_gmt":"2025-07-03T08:45:45","slug":"actualite","status":"publish","type":"page","link":"https:\/\/moreda.com\/fr\/actualite\/","title":{"rendered":"Actualit\u00e9"},"content":{"rendered":"\t\t<div data-elementor-type=\"wp-page\" data-elementor-id=\"37349\" class=\"elementor elementor-37349 elementor-12770\" data-elementor-post-type=\"page\">\n\t\t\t\t\t\t<section class=\"elementor-section elementor-top-section elementor-element elementor-element-d50acfa elementor-section-full_width elementor-section-height-min-height elementor-section-height-default elementor-section-items-middle\" data-id=\"d50acfa\" data-element_type=\"section\" data-e-type=\"section\" data-settings=\"{&quot;background_background&quot;:&quot;classic&quot;}\">\n\t\t\t\t\t\t\t<div class=\"elementor-background-overlay\"><\/div>\n\t\t\t\t\t\t\t<div class=\"elementor-container elementor-column-gap-default\">\n\t\t\t\t\t<div class=\"elementor-column elementor-col-100 elementor-top-column elementor-element elementor-element-0075bb2\" data-id=\"0075bb2\" data-element_type=\"column\" data-e-type=\"column\">\n\t\t\t<div class=\"elementor-widget-wrap elementor-element-populated\">\n\t\t\t\t\t\t<div class=\"elementor-element elementor-element-bbe265b elementor-widget elementor-widget-heading\" data-id=\"bbe265b\" data-element_type=\"widget\" data-e-type=\"widget\" data-widget_type=\"heading.default\">\n\t\t\t\t<div class=\"elementor-widget-container\">\n\t\t\t\t\t<h1 class=\"elementor-heading-title elementor-size-default\">ACTUALIT\u00c9<\/h1>\t\t\t\t<\/div>\n\t\t\t\t<\/div>\n\t\t\t\t\t<\/div>\n\t\t<\/div>\n\t\t\t\t\t<\/div>\n\t\t<\/section>\n\t\t\t\t<section class=\"elementor-section elementor-top-section elementor-element elementor-element-2f93c02 elementor-section-boxed elementor-section-height-default elementor-section-height-default\" data-id=\"2f93c02\" data-element_type=\"section\" data-e-type=\"section\">\n\t\t\t\t\t\t<div class=\"elementor-container elementor-column-gap-default\">\n\t\t\t\t\t<div class=\"elementor-column elementor-col-100 elementor-top-column elementor-element elementor-element-b3f2c39\" data-id=\"b3f2c39\" data-element_type=\"column\" data-e-type=\"column\">\n\t\t\t<div class=\"elementor-widget-wrap elementor-element-populated\">\n\t\t\t\t\t\t<div class=\"elementor-element elementor-element-caee28a elementor-widget elementor-widget-spacer\" data-id=\"caee28a\" data-element_type=\"widget\" data-e-type=\"widget\" data-widget_type=\"spacer.default\">\n\t\t\t\t<div class=\"elementor-widget-container\">\n\t\t\t\t\t\t\t<div class=\"elementor-spacer\">\n\t\t\t<div class=\"elementor-spacer-inner\"><\/div>\n\t\t<\/div>\n\t\t\t\t\t\t<\/div>\n\t\t\t\t<\/div>\n\t\t\t\t<div class=\"elementor-element elementor-element-ba2bb98 elementor-align-flex-start elementor-widget elementor-widget-raven-breadcrumbs\" data-id=\"ba2bb98\" data-element_type=\"widget\" data-e-type=\"widget\" data-widget_type=\"raven-breadcrumbs.default\">\n\t\t\t\t<div class=\"elementor-widget-container\">\n\t\t\t\t\t<div class=\"raven-breadcrumbs raven-breadcrumbs-default\"><div class=\"breadcrumb\">\t\t\t\t<div class=\"breadcrumb-item active\" aria-current=\"page\"><span>Home<\/span><\/div>\n\n\t\t\t\t<\/div><\/div>\t\t\t\t<\/div>\n\t\t\t\t<\/div>\n\t\t\t\t<div class=\"elementor-element elementor-element-3c9acc9 elementor-widget elementor-widget-spacer\" data-id=\"3c9acc9\" data-element_type=\"widget\" data-e-type=\"widget\" data-widget_type=\"spacer.default\">\n\t\t\t\t<div class=\"elementor-widget-container\">\n\t\t\t\t\t\t\t<div class=\"elementor-spacer\">\n\t\t\t<div class=\"elementor-spacer-inner\"><\/div>\n\t\t<\/div>\n\t\t\t\t\t\t<\/div>\n\t\t\t\t<\/div>\n\t\t\t\t\t<\/div>\n\t\t<\/div>\n\t\t\t\t\t<\/div>\n\t\t<\/section>\n\t\t\t\t<section class=\"elementor-section elementor-top-section elementor-element elementor-element-3f47b14 elementor-section-boxed elementor-section-height-default elementor-section-height-default\" data-id=\"3f47b14\" data-element_type=\"section\" data-e-type=\"section\">\n\t\t\t\t\t\t<div class=\"elementor-container elementor-column-gap-default\">\n\t\t\t\t\t<div class=\"elementor-column elementor-col-100 elementor-top-column elementor-element elementor-element-8e2cf7d\" data-id=\"8e2cf7d\" data-element_type=\"column\" data-e-type=\"column\">\n\t\t\t<div class=\"elementor-widget-wrap elementor-element-populated\">\n\t\t\t\t\t\t<section class=\"elementor-section elementor-inner-section elementor-element elementor-element-c1dc350 elementor-section-boxed elementor-section-height-default elementor-section-height-default\" data-id=\"c1dc350\" data-element_type=\"section\" data-e-type=\"section\">\n\t\t\t\t\t\t<div class=\"elementor-container elementor-column-gap-default\">\n\t\t\t\t\t<div class=\"elementor-column elementor-col-100 elementor-inner-column elementor-element elementor-element-44ada5d\" data-id=\"44ada5d\" data-element_type=\"column\" data-e-type=\"column\">\n\t\t\t<div class=\"elementor-widget-wrap elementor-element-populated\">\n\t\t\t\t\t\t<div class=\"elementor-element elementor-element-f47b67b elementor-widget elementor-widget-text-editor\" data-id=\"f47b67b\" data-element_type=\"widget\" data-e-type=\"widget\" data-widget_type=\"text-editor.default\">\n\t\t\t\t<div class=\"elementor-widget-container\">\n\t\t\t\t\t\t\t\t\t<p style=\"text-align: left;\">Il existe plusieurs possibilit\u00e9s de se tenir au courant des derni\u00e8res nouvelles de MRT. D&#8217;une part, il y a les <strong>nouvelles<\/strong>, qui peuvent concerner l&#8217;entreprise ou les nouveaux produits que nous lan\u00e7ons. Nous t\u00e9l\u00e9chargeons \u00e9galement ici les communiqu\u00e9s de <strong>presse<\/strong> publi\u00e9s dans diff\u00e9rents m\u00e9dias. D&#8217;autre part, nous avons nos <strong>r\u00e9seaux sociaux<\/strong> (Facebook, Twitter, Instagram, LinkedIn et Youtube), si vous le souhaitez, vous pouvez voir nos derniers articles, les commenter, rejoindre nos r\u00e9seaux sociaux, etc. Enfin, il y a les <strong>communications officielles<\/strong> de l&#8217;entreprise.<\/p><p><style type=\"text\/css\">\n\t#mc_embed_signup{background:#fff; clear:left; font:14px Helvetica,Arial,sans-serif; }<br\/>\t\/* Add your own Mailchimp form style overrides in your site stylesheet or in this style block.<br\/>\t   We recommend moving this block and the preceding CSS link to the HEAD of your HTML file. *\/<br\/><\/style> <style type=\"text\/css\">\n\t#mc-embedded-subscribe-form input[type=checkbox]{display: inline; width: auto;margin-right: 10px;}<br\/>\t#mergeRow-gdpr {margin-top: 20px;}<br\/>\t#mergeRow-gdpr fieldset label {font-weight: normal;}<br\/>\t#mc-embedded-subscribe-form .mc_fieldset{border:none;min-height: 0px;padding-bottom:0px;}<br\/><\/style><\/p>\t\t\t\t\t\t\t\t<\/div>\n\t\t\t\t<\/div>\n\t\t\t\t<div class=\"elementor-element elementor-element-ab53a9b elementor-widget elementor-widget-spacer\" data-id=\"ab53a9b\" data-element_type=\"widget\" data-e-type=\"widget\" data-widget_type=\"spacer.default\">\n\t\t\t\t<div class=\"elementor-widget-container\">\n\t\t\t\t\t\t\t<div class=\"elementor-spacer\">\n\t\t\t<div class=\"elementor-spacer-inner\"><\/div>\n\t\t<\/div>\n\t\t\t\t\t\t<\/div>\n\t\t\t\t<\/div>\n\t\t\t\t\t<\/div>\n\t\t<\/div>\n\t\t\t\t\t<\/div>\n\t\t<\/section>\n\t\t\t\t<section class=\"elementor-section elementor-inner-section elementor-element elementor-element-33e99c6 elementor-section-boxed elementor-section-height-default elementor-section-height-default\" data-id=\"33e99c6\" data-element_type=\"section\" data-e-type=\"section\">\n\t\t\t\t\t\t<div class=\"elementor-container elementor-column-gap-default\">\n\t\t\t\t\t<div class=\"elementor-column elementor-col-33 elementor-inner-column elementor-element elementor-element-889dbe5\" data-id=\"889dbe5\" data-element_type=\"column\" data-e-type=\"column\">\n\t\t\t<div class=\"elementor-widget-wrap elementor-element-populated\">\n\t\t\t\t\t\t<div class=\"elementor-element elementor-element-1f51d91 productohome elementor-widget elementor-widget-image\" data-id=\"1f51d91\" data-element_type=\"widget\" data-e-type=\"widget\" data-widget_type=\"image.default\">\n\t\t\t\t<div class=\"elementor-widget-container\">\n\t\t\t\t\t\t\t\t\t\t\t\t<figure class=\"wp-caption\">\n\t\t\t\t\t\t\t\t\t\t\t<a href=\"https:\/\/moreda.com\/fr\/actualite\/nouvelles\/\">\n\t\t\t\t\t\t\t<img fetchpriority=\"high\" decoding=\"async\" width=\"1920\" height=\"1280\" src=\"https:\/\/moreda.com\/wp-content\/uploads\/2021\/12\/noticias-moreda-riviere-trefilerias.jpg\" class=\"attachment-full size-full wp-image-35399\" alt=\"Actualit\u00e9 Moreda Rivi\u00e8re Trefiler\u00edas\" srcset=\"https:\/\/moreda.com\/wp-content\/uploads\/2021\/12\/noticias-moreda-riviere-trefilerias.jpg 1920w, https:\/\/moreda.com\/wp-content\/uploads\/2021\/12\/noticias-moreda-riviere-trefilerias-300x200.jpg 300w, https:\/\/moreda.com\/wp-content\/uploads\/2021\/12\/noticias-moreda-riviere-trefilerias-1024x683.jpg 1024w, https:\/\/moreda.com\/wp-content\/uploads\/2021\/12\/noticias-moreda-riviere-trefilerias-768x512.jpg 768w, https:\/\/moreda.com\/wp-content\/uploads\/2021\/12\/noticias-moreda-riviere-trefilerias-1536x1024.jpg 1536w\" sizes=\"(max-width: 1920px) 100vw, 1920px\" \/>\t\t\t\t\t\t\t\t<\/a>\n\t\t\t\t\t\t\t\t\t\t\t<figcaption class=\"widget-image-caption wp-caption-text\">Nouvelles<\/figcaption>\n\t\t\t\t\t\t\t\t\t\t<\/figure>\n\t\t\t\t\t\t\t\t\t<\/div>\n\t\t\t\t<\/div>\n\t\t\t\t\t<\/div>\n\t\t<\/div>\n\t\t\t\t<div class=\"elementor-column elementor-col-33 elementor-inner-column elementor-element elementor-element-e75dc2c\" data-id=\"e75dc2c\" data-element_type=\"column\" data-e-type=\"column\">\n\t\t\t<div class=\"elementor-widget-wrap elementor-element-populated\">\n\t\t\t\t\t\t<div class=\"elementor-element elementor-element-2110c42 productohome elementor-widget elementor-widget-image\" data-id=\"2110c42\" data-element_type=\"widget\" data-e-type=\"widget\" data-widget_type=\"image.default\">\n\t\t\t\t<div class=\"elementor-widget-container\">\n\t\t\t\t\t\t\t\t\t\t\t\t<figure class=\"wp-caption\">\n\t\t\t\t\t\t\t\t\t\t\t<a href=\"https:\/\/moreda.com\/fr\/actualite\/reseaux-sociaux\/\">\n\t\t\t\t\t\t\t<img decoding=\"async\" width=\"1920\" height=\"1280\" src=\"https:\/\/moreda.com\/wp-content\/uploads\/2021\/12\/redes-sociales-mrt-iconos.jpg\" class=\"attachment-full size-full wp-image-35401\" alt=\"R\u00e9seaux sociaux MRT\" srcset=\"https:\/\/moreda.com\/wp-content\/uploads\/2021\/12\/redes-sociales-mrt-iconos.jpg 1920w, https:\/\/moreda.com\/wp-content\/uploads\/2021\/12\/redes-sociales-mrt-iconos-300x200.jpg 300w, https:\/\/moreda.com\/wp-content\/uploads\/2021\/12\/redes-sociales-mrt-iconos-1024x683.jpg 1024w, https:\/\/moreda.com\/wp-content\/uploads\/2021\/12\/redes-sociales-mrt-iconos-768x512.jpg 768w, https:\/\/moreda.com\/wp-content\/uploads\/2021\/12\/redes-sociales-mrt-iconos-1536x1024.jpg 1536w\" sizes=\"(max-width: 1920px) 100vw, 1920px\" \/>\t\t\t\t\t\t\t\t<\/a>\n\t\t\t\t\t\t\t\t\t\t\t<figcaption class=\"widget-image-caption wp-caption-text\">R\u00e9seaux Sociaux<\/figcaption>\n\t\t\t\t\t\t\t\t\t\t<\/figure>\n\t\t\t\t\t\t\t\t\t<\/div>\n\t\t\t\t<\/div>\n\t\t\t\t\t<\/div>\n\t\t<\/div>\n\t\t\t\t<div class=\"elementor-column elementor-col-33 elementor-inner-column elementor-element elementor-element-0ee7056\" data-id=\"0ee7056\" data-element_type=\"column\" data-e-type=\"column\">\n\t\t\t<div class=\"elementor-widget-wrap elementor-element-populated\">\n\t\t\t\t\t\t<div class=\"elementor-element elementor-element-f084adc productohome elementor-widget elementor-widget-image\" data-id=\"f084adc\" data-element_type=\"widget\" data-e-type=\"widget\" data-widget_type=\"image.default\">\n\t\t\t\t<div class=\"elementor-widget-container\">\n\t\t\t\t\t\t\t\t\t\t\t\t<figure class=\"wp-caption\">\n\t\t\t\t\t\t\t\t\t\t\t<a href=\"https:\/\/moreda.com\/fr\/actualite\/communications-officielles\/\">\n\t\t\t\t\t\t\t<img decoding=\"async\" width=\"1920\" height=\"1280\" src=\"https:\/\/moreda.com\/wp-content\/uploads\/2021\/12\/comunicaciones-oficiales-mrt-junta.jpg\" class=\"attachment-full size-full wp-image-35403\" alt=\"Communications officielles de MRT\" srcset=\"https:\/\/moreda.com\/wp-content\/uploads\/2021\/12\/comunicaciones-oficiales-mrt-junta.jpg 1920w, https:\/\/moreda.com\/wp-content\/uploads\/2021\/12\/comunicaciones-oficiales-mrt-junta-300x200.jpg 300w, https:\/\/moreda.com\/wp-content\/uploads\/2021\/12\/comunicaciones-oficiales-mrt-junta-1024x683.jpg 1024w, https:\/\/moreda.com\/wp-content\/uploads\/2021\/12\/comunicaciones-oficiales-mrt-junta-768x512.jpg 768w, https:\/\/moreda.com\/wp-content\/uploads\/2021\/12\/comunicaciones-oficiales-mrt-junta-1536x1024.jpg 1536w\" sizes=\"(max-width: 1920px) 100vw, 1920px\" \/>\t\t\t\t\t\t\t\t<\/a>\n\t\t\t\t\t\t\t\t\t\t\t<figcaption class=\"widget-image-caption wp-caption-text\">Communications Officielles<\/figcaption>\n\t\t\t\t\t\t\t\t\t\t<\/figure>\n\t\t\t\t\t\t\t\t\t<\/div>\n\t\t\t\t<\/div>\n\t\t\t\t\t<\/div>\n\t\t<\/div>\n\t\t\t\t\t<\/div>\n\t\t<\/section>\n\t\t\t\t<div class=\"elementor-element elementor-element-e2dfae5 elementor-widget elementor-widget-spacer\" data-id=\"e2dfae5\" data-element_type=\"widget\" data-e-type=\"widget\" data-widget_type=\"spacer.default\">\n\t\t\t\t<div class=\"elementor-widget-container\">\n\t\t\t\t\t\t\t<div class=\"elementor-spacer\">\n\t\t\t<div class=\"elementor-spacer-inner\"><\/div>\n\t\t<\/div>\n\t\t\t\t\t\t<\/div>\n\t\t\t\t<\/div>\n\t\t\t\t\t<\/div>\n\t\t<\/div>\n\t\t\t\t\t<\/div>\n\t\t<\/section>\n\t\t\t\t<section class=\"elementor-section elementor-top-section elementor-element elementor-element-4323a42 elementor-section-boxed elementor-section-height-default elementor-section-height-default\" data-id=\"4323a42\" data-element_type=\"section\" data-e-type=\"section\">\n\t\t\t\t\t\t<div class=\"elementor-container elementor-column-gap-default\">\n\t\t\t\t\t<div class=\"elementor-column elementor-col-100 elementor-top-column elementor-element elementor-element-91f8ea4\" data-id=\"91f8ea4\" data-element_type=\"column\" data-e-type=\"column\">\n\t\t\t<div class=\"elementor-widget-wrap elementor-element-populated\">\n\t\t\t\t\t\t<div class=\"elementor-element elementor-element-938a648 elementor-align-right elementor-widget__width-initial elementor-fixed elementor-invisible elementor-widget elementor-widget-global elementor-global-48526 elementor-global-29112 elementor-widget-button\" data-id=\"938a648\" data-element_type=\"widget\" data-e-type=\"widget\" data-settings=\"{&quot;_position&quot;:&quot;fixed&quot;,&quot;_animation&quot;:&quot;fadeInUp&quot;}\" data-widget_type=\"button.default\">\n\t\t\t\t<div class=\"elementor-widget-container\">\n\t\t\t\t\t\t\t\t\t<div class=\"elementor-button-wrapper\">\n\t\t\t\t\t<a class=\"elementor-button elementor-button-link elementor-size-xl\" href=\"https:\/\/moreda.com\/fr\/contact\/contactez-nous\/#contacto-formulario-directo\">\n\t\t\t\t\t\t<span class=\"elementor-button-content-wrapper\">\n\t\t\t\t\t\t<span class=\"elementor-button-icon\">\n\t\t\t\t<i aria-hidden=\"true\" class=\"fas fa-envelope\"><\/i>\t\t\t<\/span>\n\t\t\t\t\t\t\t\t<\/span>\n\t\t\t\t\t<\/a>\n\t\t\t\t<\/div>\n\t\t\t\t\t\t\t\t<\/div>\n\t\t\t\t<\/div>\n\t\t\t\t\t<\/div>\n\t\t<\/div>\n\t\t\t\t\t<\/div>\n\t\t<\/section>\n\t\t\t\t<\/div>\n\t\t","protected":false},"excerpt":{"rendered":"<p>ACTUALIT\u00c9 Home Il existe plusieurs possibilit\u00e9s de se tenir au courant des derni\u00e8res nouvelles de MRT. D&#8217;une part, il y a les nouvelles, qui peuvent concerner l&#8217;entreprise ou les nouveaux produits que nous lan\u00e7ons. Nous t\u00e9l\u00e9chargeons \u00e9galement ici les communiqu\u00e9s de presse publi\u00e9s dans diff\u00e9rents m\u00e9dias. D&#8217;autre part, nous avons nos r\u00e9seaux sociaux (Facebook, Twitter, [&hellip;]<\/p>\n","protected":false},"author":1,"featured_media":35397,"parent":0,"menu_order":0,"comment_status":"closed","ping_status":"open","template":"elementor_header_footer","meta":{"_acf_changed":false,"footnotes":""},"class_list":["post-37349","page","type-page","status-publish","has-post-thumbnail","hentry"],"acf":[],"yoast_head":"<!-- This site is optimized with the Yoast SEO plugin v27.2 - https:\/\/yoast.com\/product\/yoast-seo-wordpress\/ -->\n<title>Actualit\u00e9s de MRT, fabricant de cl\u00f4tures et de fils<\/title>\n<meta name=\"description\" content=\"Il y a plusieurs fa\u00e7ons d&#039;en savoir plus sur l&#039;actualit\u00e9 de la MRT : vous pouvez aller sur Nouvelles, R\u00e9seaux Sociaux ou Official Communications.\" \/>\n<meta name=\"robots\" content=\"index, follow, max-snippet:-1, max-image-preview:large, max-video-preview:-1\" \/>\n<link rel=\"canonical\" href=\"https:\/\/moreda.com\/fr\/actualite\/\" \/>\n<meta property=\"og:locale\" content=\"fr_FR\" \/>\n<meta property=\"og:type\" content=\"article\" \/>\n<meta property=\"og:title\" content=\"Actualit\u00e9s de MRT, fabricant de cl\u00f4tures et de fils\" \/>\n<meta property=\"og:description\" content=\"Il y a plusieurs fa\u00e7ons d&#039;en savoir plus sur l&#039;actualit\u00e9 de la MRT : vous pouvez aller sur Nouvelles, R\u00e9seaux Sociaux ou Official Communications.\" \/>\n<meta property=\"og:url\" content=\"https:\/\/moreda.com\/fr\/actualite\/\" \/>\n<meta property=\"og:site_name\" content=\"MRT\" \/>\n<meta property=\"article:publisher\" content=\"https:\/\/www.facebook.com\/moredarivieretrefileriassa\" \/>\n<meta property=\"article:modified_time\" content=\"2025-07-03T08:45:45+00:00\" \/>\n<meta property=\"og:image\" content=\"https:\/\/moreda.com\/wp-content\/uploads\/2021\/12\/actualidad-mrt.webp\" \/>\n\t<meta property=\"og:image:width\" content=\"1920\" \/>\n\t<meta property=\"og:image:height\" content=\"1280\" \/>\n\t<meta property=\"og:image:type\" content=\"image\/jpeg\" \/>\n<meta name=\"twitter:card\" content=\"summary_large_image\" \/>\n<meta name=\"twitter:site\" content=\"@MoredaRiviere\" \/>\n<meta name=\"twitter:label1\" content=\"Dur\u00e9e de lecture estim\u00e9e\" \/>\n\t<meta name=\"twitter:data1\" content=\"2 minutes\" \/>\n<script type=\"application\/ld+json\" class=\"yoast-schema-graph\">{\"@context\":\"https:\/\/schema.org\",\"@graph\":[{\"@type\":\"WebPage\",\"@id\":\"https:\/\/moreda.com\/fr\/actualite\/\",\"url\":\"https:\/\/moreda.com\/fr\/actualite\/\",\"name\":\"Actualit\u00e9s de MRT, fabricant de cl\u00f4tures et de fils\",\"isPartOf\":{\"@id\":\"https:\/\/moreda.com\/fr\/#website\"},\"primaryImageOfPage\":{\"@id\":\"https:\/\/moreda.com\/fr\/actualite\/#primaryimage\"},\"image\":{\"@id\":\"https:\/\/moreda.com\/fr\/actualite\/#primaryimage\"},\"thumbnailUrl\":\"https:\/\/moreda.com\/wp-content\/uploads\/2021\/12\/actualidad-mrt.webp\",\"datePublished\":\"2021-12-15T08:23:02+00:00\",\"dateModified\":\"2025-07-03T08:45:45+00:00\",\"description\":\"Il y a plusieurs fa\u00e7ons d'en savoir plus sur l'actualit\u00e9 de la MRT : vous pouvez aller sur Nouvelles, R\u00e9seaux Sociaux ou Official Communications.\",\"breadcrumb\":{\"@id\":\"https:\/\/moreda.com\/fr\/actualite\/#breadcrumb\"},\"inLanguage\":\"fr-FR\",\"potentialAction\":[{\"@type\":\"ReadAction\",\"target\":[\"https:\/\/moreda.com\/fr\/actualite\/\"]}]},{\"@type\":\"ImageObject\",\"inLanguage\":\"fr-FR\",\"@id\":\"https:\/\/moreda.com\/fr\/actualite\/#primaryimage\",\"url\":\"https:\/\/moreda.com\/wp-content\/uploads\/2021\/12\/actualidad-mrt.webp\",\"contentUrl\":\"https:\/\/moreda.com\/wp-content\/uploads\/2021\/12\/actualidad-mrt.webp\",\"width\":1920,\"height\":1280,\"caption\":\"Premi\u00e8re page d'un journal\"},{\"@type\":\"BreadcrumbList\",\"@id\":\"https:\/\/moreda.com\/fr\/actualite\/#breadcrumb\",\"itemListElement\":[{\"@type\":\"ListItem\",\"position\":1,\"name\":\"Portada\",\"item\":\"https:\/\/moreda.com\/fr\/home\/\"},{\"@type\":\"ListItem\",\"position\":2,\"name\":\"Actualit\u00e9\"}]},{\"@type\":\"WebSite\",\"@id\":\"https:\/\/moreda.com\/fr\/#website\",\"url\":\"https:\/\/moreda.com\/fr\/\",\"name\":\"MRT - Moreda Riviere Trefiler\u00edas\",\"description\":\"Moreda Riviere Trefiler\u00edas. Fabricante de vallas y alambres\",\"publisher\":{\"@id\":\"https:\/\/moreda.com\/fr\/#organization\"},\"alternateName\":\"MRT\",\"potentialAction\":[{\"@type\":\"SearchAction\",\"target\":{\"@type\":\"EntryPoint\",\"urlTemplate\":\"https:\/\/moreda.com\/fr\/?s={search_term_string}\"},\"query-input\":{\"@type\":\"PropertyValueSpecification\",\"valueRequired\":true,\"valueName\":\"search_term_string\"}}],\"inLanguage\":\"fr-FR\"},{\"@type\":\"Organization\",\"@id\":\"https:\/\/moreda.com\/fr\/#organization\",\"name\":\"Moreda Riviere Trefiler\u00edas\",\"alternateName\":\"MRT\",\"url\":\"https:\/\/moreda.com\/fr\/\",\"logo\":{\"@type\":\"ImageObject\",\"inLanguage\":\"fr-FR\",\"@id\":\"https:\/\/moreda.com\/fr\/#\/schema\/logo\/image\/\",\"url\":\"https:\/\/moreda.com\/wp-content\/uploads\/2022\/05\/logo-moreda-stiky.svg\",\"contentUrl\":\"https:\/\/moreda.com\/wp-content\/uploads\/2022\/05\/logo-moreda-stiky.svg\",\"width\":541,\"height\":247,\"caption\":\"Moreda Riviere Trefiler\u00edas\"},\"image\":{\"@id\":\"https:\/\/moreda.com\/fr\/#\/schema\/logo\/image\/\"},\"sameAs\":[\"https:\/\/www.facebook.com\/moredarivieretrefileriassa\",\"https:\/\/x.com\/MoredaRiviere\",\"https:\/\/www.youtube.com\/user\/MOREDARIVIERE\",\"https:\/\/www.linkedin.com\/company\/trefilerias-moreda-riviere\",\"https:\/\/www.instagram.com\/moreda.riviere.trefilerias\/\"]}]}<\/script>\n<!-- \/ Yoast SEO plugin. -->","yoast_head_json":{"title":"Actualit\u00e9s de MRT, fabricant de cl\u00f4tures et de fils","description":"Il y a plusieurs fa\u00e7ons d'en savoir plus sur l'actualit\u00e9 de la MRT : vous pouvez aller sur Nouvelles, R\u00e9seaux Sociaux ou Official Communications.","robots":{"index":"index","follow":"follow","max-snippet":"max-snippet:-1","max-image-preview":"max-image-preview:large","max-video-preview":"max-video-preview:-1"},"canonical":"https:\/\/moreda.com\/fr\/actualite\/","og_locale":"fr_FR","og_type":"article","og_title":"Actualit\u00e9s de MRT, fabricant de cl\u00f4tures et de fils","og_description":"Il y a plusieurs fa\u00e7ons d'en savoir plus sur l'actualit\u00e9 de la MRT : vous pouvez aller sur Nouvelles, R\u00e9seaux Sociaux ou Official Communications.","og_url":"https:\/\/moreda.com\/fr\/actualite\/","og_site_name":"MRT","article_publisher":"https:\/\/www.facebook.com\/moredarivieretrefileriassa","article_modified_time":"2025-07-03T08:45:45+00:00","og_image":[{"width":1920,"height":1280,"url":"https:\/\/moreda.com\/wp-content\/uploads\/2021\/12\/actualidad-mrt.webp","type":"image\/jpeg"}],"twitter_card":"summary_large_image","twitter_site":"@MoredaRiviere","twitter_misc":{"Dur\u00e9e de lecture estim\u00e9e":"2 minutes"},"schema":{"@context":"https:\/\/schema.org","@graph":[{"@type":"WebPage","@id":"https:\/\/moreda.com\/fr\/actualite\/","url":"https:\/\/moreda.com\/fr\/actualite\/","name":"Actualit\u00e9s de MRT, fabricant de cl\u00f4tures et de fils","isPartOf":{"@id":"https:\/\/moreda.com\/fr\/#website"},"primaryImageOfPage":{"@id":"https:\/\/moreda.com\/fr\/actualite\/#primaryimage"},"image":{"@id":"https:\/\/moreda.com\/fr\/actualite\/#primaryimage"},"thumbnailUrl":"https:\/\/moreda.com\/wp-content\/uploads\/2021\/12\/actualidad-mrt.webp","datePublished":"2021-12-15T08:23:02+00:00","dateModified":"2025-07-03T08:45:45+00:00","description":"Il y a plusieurs fa\u00e7ons d'en savoir plus sur l'actualit\u00e9 de la MRT : vous pouvez aller sur Nouvelles, R\u00e9seaux Sociaux ou Official Communications.","breadcrumb":{"@id":"https:\/\/moreda.com\/fr\/actualite\/#breadcrumb"},"inLanguage":"fr-FR","potentialAction":[{"@type":"ReadAction","target":["https:\/\/moreda.com\/fr\/actualite\/"]}]},{"@type":"ImageObject","inLanguage":"fr-FR","@id":"https:\/\/moreda.com\/fr\/actualite\/#primaryimage","url":"https:\/\/moreda.com\/wp-content\/uploads\/2021\/12\/actualidad-mrt.webp","contentUrl":"https:\/\/moreda.com\/wp-content\/uploads\/2021\/12\/actualidad-mrt.webp","width":1920,"height":1280,"caption":"Premi\u00e8re page d'un journal"},{"@type":"BreadcrumbList","@id":"https:\/\/moreda.com\/fr\/actualite\/#breadcrumb","itemListElement":[{"@type":"ListItem","position":1,"name":"Portada","item":"https:\/\/moreda.com\/fr\/home\/"},{"@type":"ListItem","position":2,"name":"Actualit\u00e9"}]},{"@type":"WebSite","@id":"https:\/\/moreda.com\/fr\/#website","url":"https:\/\/moreda.com\/fr\/","name":"MRT - Moreda Riviere Trefiler\u00edas","description":"Moreda Riviere Trefiler\u00edas. Fabricante de vallas y alambres","publisher":{"@id":"https:\/\/moreda.com\/fr\/#organization"},"alternateName":"MRT","potentialAction":[{"@type":"SearchAction","target":{"@type":"EntryPoint","urlTemplate":"https:\/\/moreda.com\/fr\/?s={search_term_string}"},"query-input":{"@type":"PropertyValueSpecification","valueRequired":true,"valueName":"search_term_string"}}],"inLanguage":"fr-FR"},{"@type":"Organization","@id":"https:\/\/moreda.com\/fr\/#organization","name":"Moreda Riviere Trefiler\u00edas","alternateName":"MRT","url":"https:\/\/moreda.com\/fr\/","logo":{"@type":"ImageObject","inLanguage":"fr-FR","@id":"https:\/\/moreda.com\/fr\/#\/schema\/logo\/image\/","url":"https:\/\/moreda.com\/wp-content\/uploads\/2022\/05\/logo-moreda-stiky.svg","contentUrl":"https:\/\/moreda.com\/wp-content\/uploads\/2022\/05\/logo-moreda-stiky.svg","width":541,"height":247,"caption":"Moreda Riviere Trefiler\u00edas"},"image":{"@id":"https:\/\/moreda.com\/fr\/#\/schema\/logo\/image\/"},"sameAs":["https:\/\/www.facebook.com\/moredarivieretrefileriassa","https:\/\/x.com\/MoredaRiviere","https:\/\/www.youtube.com\/user\/MOREDARIVIERE","https:\/\/www.linkedin.com\/company\/trefilerias-moreda-riviere","https:\/\/www.instagram.com\/moreda.riviere.trefilerias\/"]}]}},"_links":{"self":[{"href":"https:\/\/moreda.com\/fr\/wp-json\/wp\/v2\/pages\/37349","targetHints":{"allow":["GET"]}}],"collection":[{"href":"https:\/\/moreda.com\/fr\/wp-json\/wp\/v2\/pages"}],"about":[{"href":"https:\/\/moreda.com\/fr\/wp-json\/wp\/v2\/types\/page"}],"author":[{"embeddable":true,"href":"https:\/\/moreda.com\/fr\/wp-json\/wp\/v2\/users\/1"}],"replies":[{"embeddable":true,"href":"https:\/\/moreda.com\/fr\/wp-json\/wp\/v2\/comments?post=37349"}],"version-history":[{"count":21,"href":"https:\/\/moreda.com\/fr\/wp-json\/wp\/v2\/pages\/37349\/revisions"}],"predecessor-version":[{"id":53099,"href":"https:\/\/moreda.com\/fr\/wp-json\/wp\/v2\/pages\/37349\/revisions\/53099"}],"wp:featuredmedia":[{"embeddable":true,"href":"https:\/\/moreda.com\/fr\/wp-json\/wp\/v2\/media\/35397"}],"wp:attachment":[{"href":"https:\/\/moreda.com\/fr\/wp-json\/wp\/v2\/media?parent=37349"}],"curies":[{"name":"wp","href":"https:\/\/api.w.org\/{rel}","templated":true}]}}