{"id":37149,"date":"2021-10-28T09:49:22","date_gmt":"2021-10-28T07:49:22","guid":{"rendered":"https:\/\/moreda.com\/produits\/portails-metalliques\/"},"modified":"2024-08-07T14:22:24","modified_gmt":"2024-08-07T12:22:24","slug":"portails-metalliques","status":"publish","type":"page","link":"https:\/\/moreda.com\/fr\/produits\/portails-metalliques\/","title":{"rendered":"Portails m\u00e9talliques"},"content":{"rendered":"\t\t<div data-elementor-type=\"wp-page\" data-elementor-id=\"37149\" class=\"elementor elementor-37149 elementor-328\" data-elementor-post-type=\"page\">\n\t\t\t\t\t\t<section class=\"elementor-section elementor-top-section elementor-element elementor-element-09e693c elementor-section-full_width elementor-section-height-min-height elementor-section-height-default elementor-section-items-middle\" data-id=\"09e693c\" data-element_type=\"section\" data-e-type=\"section\" data-settings=\"{&quot;background_background&quot;:&quot;classic&quot;}\">\n\t\t\t\t\t\t<div class=\"elementor-container elementor-column-gap-default\">\n\t\t\t\t\t<div class=\"elementor-column elementor-col-100 elementor-top-column elementor-element elementor-element-71141ee\" data-id=\"71141ee\" data-element_type=\"column\" data-e-type=\"column\">\n\t\t\t<div class=\"elementor-widget-wrap elementor-element-populated\">\n\t\t\t\t\t\t<div class=\"elementor-element elementor-element-704de88 elementor-widget elementor-widget-heading\" data-id=\"704de88\" data-element_type=\"widget\" data-e-type=\"widget\" data-widget_type=\"heading.default\">\n\t\t\t\t<div class=\"elementor-widget-container\">\n\t\t\t\t\t<h1 class=\"elementor-heading-title elementor-size-default\">PORTAILS M\u00c9TALLIQUES<\/h1>\t\t\t\t<\/div>\n\t\t\t\t<\/div>\n\t\t\t\t\t<\/div>\n\t\t<\/div>\n\t\t\t\t\t<\/div>\n\t\t<\/section>\n\t\t\t\t<section class=\"elementor-section elementor-top-section elementor-element elementor-element-adfbfac elementor-section-boxed elementor-section-height-default elementor-section-height-default\" data-id=\"adfbfac\" data-element_type=\"section\" data-e-type=\"section\">\n\t\t\t\t\t\t<div class=\"elementor-container elementor-column-gap-default\">\n\t\t\t\t\t<div class=\"elementor-column elementor-col-100 elementor-top-column elementor-element elementor-element-fec93d9\" data-id=\"fec93d9\" data-element_type=\"column\" data-e-type=\"column\">\n\t\t\t<div class=\"elementor-widget-wrap elementor-element-populated\">\n\t\t\t\t\t\t<div class=\"elementor-element elementor-element-0bd2dab elementor-widget elementor-widget-spacer\" data-id=\"0bd2dab\" data-element_type=\"widget\" data-e-type=\"widget\" data-widget_type=\"spacer.default\">\n\t\t\t\t<div class=\"elementor-widget-container\">\n\t\t\t\t\t\t\t<div class=\"elementor-spacer\">\n\t\t\t<div class=\"elementor-spacer-inner\"><\/div>\n\t\t<\/div>\n\t\t\t\t\t\t<\/div>\n\t\t\t\t<\/div>\n\t\t\t\t<div class=\"elementor-element elementor-element-4b4ae97 elementor-align-flex-start elementor-widget elementor-widget-raven-breadcrumbs\" data-id=\"4b4ae97\" data-element_type=\"widget\" data-e-type=\"widget\" data-widget_type=\"raven-breadcrumbs.default\">\n\t\t\t\t<div class=\"elementor-widget-container\">\n\t\t\t\t\t<div class=\"raven-breadcrumbs raven-breadcrumbs-default\"><div class=\"breadcrumb\">\t\t\t\t<div class=\"breadcrumb-item active\" aria-current=\"page\"><span>Home<\/span><\/div>\n\n\t\t\t\t<\/div><\/div>\t\t\t\t<\/div>\n\t\t\t\t<\/div>\n\t\t\t\t<div class=\"elementor-element elementor-element-241a2ac elementor-widget elementor-widget-spacer\" data-id=\"241a2ac\" data-element_type=\"widget\" data-e-type=\"widget\" data-widget_type=\"spacer.default\">\n\t\t\t\t<div class=\"elementor-widget-container\">\n\t\t\t\t\t\t\t<div class=\"elementor-spacer\">\n\t\t\t<div class=\"elementor-spacer-inner\"><\/div>\n\t\t<\/div>\n\t\t\t\t\t\t<\/div>\n\t\t\t\t<\/div>\n\t\t\t\t\t<\/div>\n\t\t<\/div>\n\t\t\t\t\t<\/div>\n\t\t<\/section>\n\t\t\t\t<section class=\"elementor-section elementor-top-section elementor-element elementor-element-6e6f3c2 elementor-section-boxed elementor-section-height-default elementor-section-height-default\" data-id=\"6e6f3c2\" data-element_type=\"section\" data-e-type=\"section\">\n\t\t\t\t\t\t<div class=\"elementor-container elementor-column-gap-default\">\n\t\t\t\t\t<div class=\"elementor-column elementor-col-100 elementor-top-column elementor-element elementor-element-987c5d0\" data-id=\"987c5d0\" data-element_type=\"column\" data-e-type=\"column\">\n\t\t\t<div class=\"elementor-widget-wrap elementor-element-populated\">\n\t\t\t\t\t\t<div class=\"elementor-element elementor-element-9bf0612 elementor-widget elementor-widget-text-editor\" data-id=\"9bf0612\" data-element_type=\"widget\" data-e-type=\"widget\" data-widget_type=\"text-editor.default\">\n\t\t\t\t<div class=\"elementor-widget-container\">\n\t\t\t\t\t\t\t\t\t<p style=\"text-align: left;\">Nous disposons d&#8217;une grande vari\u00e9t\u00e9 de portails pour <strong>compl\u00e9ter votre cl\u00f4ture<\/strong>, chacun d&#8217;entre eux \u00e9tant dot\u00e9 de <a href=\"https:\/\/moreda.com\/fr\/produits\/barreaudages\/\">barreaudages<\/a> ou de <a href=\"https:\/\/moreda.com\/fr\/produits\/clotures-metalliques\/\">panneaux<\/a>. Que vous recherchiez des portails pour le <strong>jardin<\/strong> ou l&#8217;<strong>acc\u00e8s priv\u00e9<\/strong>, ou pour un usage <strong>professionnel<\/strong>, nous avons une gamme de portails <a href=\"https:\/\/moreda.com\/fr\/produits\/portails-metalliques\/portails-battants\/\">battants<\/a>, <a href=\"https:\/\/moreda.com\/fr\/produits\/portails-metalliques\/portails-coulissants\/\">coulissants<\/a> et <a href=\"https:\/\/moreda.com\/fr\/produits\/portails-metalliques\/portails-autoportants\/\">autoportants<\/a> pour r\u00e9pondre \u00e0 tous les besoins.<\/p>\n\t\t\t\t\t\t\t\t<\/div>\n\t\t\t\t<\/div>\n\t\t\t\t\t<\/div>\n\t\t<\/div>\n\t\t\t\t\t<\/div>\n\t\t<\/section>\n\t\t\t\t<section class=\"elementor-section elementor-top-section elementor-element elementor-element-97f16e4 elementor-section-boxed elementor-section-height-default elementor-section-height-default\" data-id=\"97f16e4\" data-element_type=\"section\" data-e-type=\"section\">\n\t\t\t\t\t\t<div class=\"elementor-container elementor-column-gap-default\">\n\t\t\t\t\t<div class=\"elementor-column elementor-col-100 elementor-top-column elementor-element elementor-element-b833f17\" data-id=\"b833f17\" data-element_type=\"column\" data-e-type=\"column\">\n\t\t\t<div class=\"elementor-widget-wrap elementor-element-populated\">\n\t\t\t\t\t\t<div class=\"elementor-element elementor-element-8065c95 elementor-widget elementor-widget-spacer\" data-id=\"8065c95\" data-element_type=\"widget\" data-e-type=\"widget\" data-widget_type=\"spacer.default\">\n\t\t\t\t<div class=\"elementor-widget-container\">\n\t\t\t\t\t\t\t<div class=\"elementor-spacer\">\n\t\t\t<div class=\"elementor-spacer-inner\"><\/div>\n\t\t<\/div>\n\t\t\t\t\t\t<\/div>\n\t\t\t\t<\/div>\n\t\t\t\t\t<\/div>\n\t\t<\/div>\n\t\t\t\t\t<\/div>\n\t\t<\/section>\n\t\t\t\t<section class=\"elementor-section elementor-top-section elementor-element elementor-element-37e42f8 elementor-section-boxed elementor-section-height-default elementor-section-height-default\" data-id=\"37e42f8\" data-element_type=\"section\" data-e-type=\"section\">\n\t\t\t\t\t\t<div class=\"elementor-container elementor-column-gap-default\">\n\t\t\t\t\t<div class=\"elementor-column elementor-col-33 elementor-top-column elementor-element elementor-element-85c7365\" data-id=\"85c7365\" data-element_type=\"column\" data-e-type=\"column\">\n\t\t\t<div class=\"elementor-widget-wrap elementor-element-populated\">\n\t\t\t\t\t\t<div class=\"elementor-element elementor-element-91366d2 productohome elementor-widget elementor-widget-image\" data-id=\"91366d2\" data-element_type=\"widget\" data-e-type=\"widget\" data-widget_type=\"image.default\">\n\t\t\t\t<div class=\"elementor-widget-container\">\n\t\t\t\t\t\t\t\t\t\t\t\t<figure class=\"wp-caption\">\n\t\t\t\t\t\t\t\t\t\t\t<a href=\"https:\/\/moreda.com\/fr\/produits\/portails-metalliques\/portails-battants\/\">\n\t\t\t\t\t\t\t<img fetchpriority=\"high\" decoding=\"async\" width=\"600\" height=\"400\" src=\"https:\/\/moreda.com\/wp-content\/uploads\/2021\/12\/puerta-batiente-malla.webp\" class=\"attachment-full size-full wp-image-35285\" alt=\"Portail Battant Grillage\" srcset=\"https:\/\/moreda.com\/wp-content\/uploads\/2021\/12\/puerta-batiente-malla.webp 600w, https:\/\/moreda.com\/wp-content\/uploads\/2021\/12\/puerta-batiente-malla-300x200.webp 300w\" sizes=\"(max-width: 600px) 100vw, 600px\" \/>\t\t\t\t\t\t\t\t<\/a>\n\t\t\t\t\t\t\t\t\t\t\t<figcaption class=\"widget-image-caption wp-caption-text\">Portails battants<\/figcaption>\n\t\t\t\t\t\t\t\t\t\t<\/figure>\n\t\t\t\t\t\t\t\t\t<\/div>\n\t\t\t\t<\/div>\n\t\t\t\t\t<\/div>\n\t\t<\/div>\n\t\t\t\t<div class=\"elementor-column elementor-col-33 elementor-top-column elementor-element elementor-element-1f68795\" data-id=\"1f68795\" data-element_type=\"column\" data-e-type=\"column\">\n\t\t\t<div class=\"elementor-widget-wrap elementor-element-populated\">\n\t\t\t\t\t\t<div class=\"elementor-element elementor-element-3f66760 productohome elementor-widget elementor-widget-image\" data-id=\"3f66760\" data-element_type=\"widget\" data-e-type=\"widget\" data-widget_type=\"image.default\">\n\t\t\t\t<div class=\"elementor-widget-container\">\n\t\t\t\t\t\t\t\t\t\t\t\t<figure class=\"wp-caption\">\n\t\t\t\t\t\t\t\t\t\t\t<a href=\"https:\/\/moreda.com\/fr\/produits\/portails-metalliques\/portails-coulissants\/\">\n\t\t\t\t\t\t\t<img decoding=\"async\" width=\"600\" height=\"400\" src=\"https:\/\/moreda.com\/wp-content\/uploads\/2021\/12\/puerta-corredera-light-tubo-plus.webp\" class=\"attachment-full size-full wp-image-35287\" alt=\"Portail Coulissant Light Tubes Plus\" srcset=\"https:\/\/moreda.com\/wp-content\/uploads\/2021\/12\/puerta-corredera-light-tubo-plus.webp 600w, https:\/\/moreda.com\/wp-content\/uploads\/2021\/12\/puerta-corredera-light-tubo-plus-300x200.webp 300w\" sizes=\"(max-width: 600px) 100vw, 600px\" \/>\t\t\t\t\t\t\t\t<\/a>\n\t\t\t\t\t\t\t\t\t\t\t<figcaption class=\"widget-image-caption wp-caption-text\">Portails coulissants<\/figcaption>\n\t\t\t\t\t\t\t\t\t\t<\/figure>\n\t\t\t\t\t\t\t\t\t<\/div>\n\t\t\t\t<\/div>\n\t\t\t\t\t<\/div>\n\t\t<\/div>\n\t\t\t\t<div class=\"elementor-column elementor-col-33 elementor-top-column elementor-element elementor-element-bc82304\" data-id=\"bc82304\" data-element_type=\"column\" data-e-type=\"column\">\n\t\t\t<div class=\"elementor-widget-wrap elementor-element-populated\">\n\t\t\t\t\t\t<div class=\"elementor-element elementor-element-2024b16 productohome elementor-widget elementor-widget-image\" data-id=\"2024b16\" data-element_type=\"widget\" data-e-type=\"widget\" data-widget_type=\"image.default\">\n\t\t\t\t<div class=\"elementor-widget-container\">\n\t\t\t\t\t\t\t\t\t\t\t\t<figure class=\"wp-caption\">\n\t\t\t\t\t\t\t\t\t\t\t<a href=\"https:\/\/moreda.com\/fr\/produits\/portails-metalliques\/portails-autoportants\/\">\n\t\t\t\t\t\t\t<img decoding=\"async\" width=\"600\" height=\"400\" src=\"https:\/\/moreda.com\/wp-content\/uploads\/2021\/12\/puerta-autoportante-light-barrotes.webp\" class=\"attachment-full size-full wp-image-35289\" alt=\"Portail autoportant Light - Classic\" srcset=\"https:\/\/moreda.com\/wp-content\/uploads\/2021\/12\/puerta-autoportante-light-barrotes.webp 600w, https:\/\/moreda.com\/wp-content\/uploads\/2021\/12\/puerta-autoportante-light-barrotes-300x200.webp 300w\" sizes=\"(max-width: 600px) 100vw, 600px\" \/>\t\t\t\t\t\t\t\t<\/a>\n\t\t\t\t\t\t\t\t\t\t\t<figcaption class=\"widget-image-caption wp-caption-text\">Portails autoportants<\/figcaption>\n\t\t\t\t\t\t\t\t\t\t<\/figure>\n\t\t\t\t\t\t\t\t\t<\/div>\n\t\t\t\t<\/div>\n\t\t\t\t\t<\/div>\n\t\t<\/div>\n\t\t\t\t\t<\/div>\n\t\t<\/section>\n\t\t\t\t<section class=\"elementor-section elementor-top-section elementor-element elementor-element-bfec5c1 elementor-section-boxed elementor-section-height-default elementor-section-height-default\" data-id=\"bfec5c1\" data-element_type=\"section\" data-e-type=\"section\">\n\t\t\t\t\t\t<div class=\"elementor-container elementor-column-gap-default\">\n\t\t\t\t\t<div class=\"elementor-column elementor-col-100 elementor-top-column elementor-element elementor-element-2808474\" data-id=\"2808474\" data-element_type=\"column\" data-e-type=\"column\">\n\t\t\t<div class=\"elementor-widget-wrap elementor-element-populated\">\n\t\t\t\t\t\t<div class=\"elementor-element elementor-element-d297448 elementor-widget elementor-widget-spacer\" data-id=\"d297448\" data-element_type=\"widget\" data-e-type=\"widget\" data-widget_type=\"spacer.default\">\n\t\t\t\t<div class=\"elementor-widget-container\">\n\t\t\t\t\t\t\t<div class=\"elementor-spacer\">\n\t\t\t<div class=\"elementor-spacer-inner\"><\/div>\n\t\t<\/div>\n\t\t\t\t\t\t<\/div>\n\t\t\t\t<\/div>\n\t\t\t\t\t<\/div>\n\t\t<\/div>\n\t\t\t\t\t<\/div>\n\t\t<\/section>\n\t\t\t\t<\/div>\n\t\t","protected":false},"excerpt":{"rendered":"<p>PORTAILS M\u00c9TALLIQUES Home Nous disposons d&#8217;une grande vari\u00e9t\u00e9 de portails pour compl\u00e9ter votre cl\u00f4ture, chacun d&#8217;entre eux \u00e9tant dot\u00e9 de barreaudages ou de panneaux. Que vous recherchiez des portails pour le jardin ou l&#8217;acc\u00e8s priv\u00e9, ou pour un usage professionnel, nous avons une gamme de portails battants, coulissants et autoportants pour r\u00e9pondre \u00e0 tous les [&hellip;]<\/p>\n","protected":false},"author":1,"featured_media":35283,"parent":37133,"menu_order":0,"comment_status":"closed","ping_status":"open","template":"elementor_header_footer","meta":{"_acf_changed":false,"footnotes":""},"class_list":["post-37149","page","type-page","status-publish","has-post-thumbnail","hentry"],"acf":[],"yoast_head":"<!-- This site is optimized with the Yoast SEO plugin v27.2 - https:\/\/yoast.com\/product\/yoast-seo-wordpress\/ -->\n<title>Portails m\u00e9talliques - Moreda Riviere Trefiler\u00edas. Fabricante de vallas y alambres<\/title>\n<meta name=\"description\" content=\"Nous disposons d&#039;une grande vari\u00e9t\u00e9 de portails m\u00e9talliques pour compl\u00e9ter votre cl\u00f4ture. Nous proposons des portails battants, coulissants et autoportants.\" \/>\n<meta name=\"robots\" content=\"index, follow, max-snippet:-1, max-image-preview:large, max-video-preview:-1\" \/>\n<link rel=\"canonical\" href=\"https:\/\/moreda.com\/fr\/produits\/portails-metalliques\/\" \/>\n<meta property=\"og:locale\" content=\"fr_FR\" \/>\n<meta property=\"og:type\" content=\"article\" \/>\n<meta property=\"og:title\" content=\"Portails m\u00e9talliques - Moreda Riviere Trefiler\u00edas. Fabricante de vallas y alambres\" \/>\n<meta property=\"og:description\" content=\"Nous disposons d&#039;une grande vari\u00e9t\u00e9 de portails m\u00e9talliques pour compl\u00e9ter votre cl\u00f4ture. Nous proposons des portails battants, coulissants et autoportants.\" \/>\n<meta property=\"og:url\" content=\"https:\/\/moreda.com\/fr\/produits\/portails-metalliques\/\" \/>\n<meta property=\"og:site_name\" content=\"MRT\" \/>\n<meta property=\"article:publisher\" content=\"https:\/\/www.facebook.com\/moredarivieretrefileriassa\" \/>\n<meta property=\"article:modified_time\" content=\"2024-08-07T12:22:24+00:00\" \/>\n<meta property=\"og:image\" content=\"https:\/\/moreda.com\/wp-content\/uploads\/2021\/12\/puerta-corredera-pro-ondas.webp\" \/>\n\t<meta property=\"og:image:width\" content=\"1280\" \/>\n\t<meta property=\"og:image:height\" content=\"853\" \/>\n\t<meta property=\"og:image:type\" content=\"image\/webp\" \/>\n<meta name=\"twitter:card\" content=\"summary_large_image\" \/>\n<meta name=\"twitter:site\" content=\"@MoredaRiviere\" \/>\n<script type=\"application\/ld+json\" class=\"yoast-schema-graph\">{\"@context\":\"https:\/\/schema.org\",\"@graph\":[{\"@type\":\"WebPage\",\"@id\":\"https:\/\/moreda.com\/fr\/produits\/portails-metalliques\/\",\"url\":\"https:\/\/moreda.com\/fr\/produits\/portails-metalliques\/\",\"name\":\"Portails m\u00e9talliques - Moreda Riviere Trefiler\u00edas. Fabricante de vallas y alambres\",\"isPartOf\":{\"@id\":\"https:\/\/moreda.com\/fr\/#website\"},\"primaryImageOfPage\":{\"@id\":\"https:\/\/moreda.com\/fr\/produits\/portails-metalliques\/#primaryimage\"},\"image\":{\"@id\":\"https:\/\/moreda.com\/fr\/produits\/portails-metalliques\/#primaryimage\"},\"thumbnailUrl\":\"https:\/\/moreda.com\/wp-content\/uploads\/2021\/12\/puerta-corredera-pro-ondas.webp\",\"datePublished\":\"2021-10-28T07:49:22+00:00\",\"dateModified\":\"2024-08-07T12:22:24+00:00\",\"description\":\"Nous disposons d'une grande vari\u00e9t\u00e9 de portails m\u00e9talliques pour compl\u00e9ter votre cl\u00f4ture. Nous proposons des portails battants, coulissants et autoportants.\",\"breadcrumb\":{\"@id\":\"https:\/\/moreda.com\/fr\/produits\/portails-metalliques\/#breadcrumb\"},\"inLanguage\":\"fr-FR\",\"potentialAction\":[{\"@type\":\"ReadAction\",\"target\":[\"https:\/\/moreda.com\/fr\/produits\/portails-metalliques\/\"]}]},{\"@type\":\"ImageObject\",\"inLanguage\":\"fr-FR\",\"@id\":\"https:\/\/moreda.com\/fr\/produits\/portails-metalliques\/#primaryimage\",\"url\":\"https:\/\/moreda.com\/wp-content\/uploads\/2021\/12\/puerta-corredera-pro-ondas.webp\",\"contentUrl\":\"https:\/\/moreda.com\/wp-content\/uploads\/2021\/12\/puerta-corredera-pro-ondas.webp\",\"width\":1280,\"height\":853,\"caption\":\"Portail Coulissant Pro Ondas Plus\"},{\"@type\":\"BreadcrumbList\",\"@id\":\"https:\/\/moreda.com\/fr\/produits\/portails-metalliques\/#breadcrumb\",\"itemListElement\":[{\"@type\":\"ListItem\",\"position\":1,\"name\":\"Portada\",\"item\":\"https:\/\/moreda.com\/fr\/home\/\"},{\"@type\":\"ListItem\",\"position\":2,\"name\":\"Produits\",\"item\":\"https:\/\/moreda.com\/fr\/produits\/\"},{\"@type\":\"ListItem\",\"position\":3,\"name\":\"Portails m\u00e9talliques\"}]},{\"@type\":\"WebSite\",\"@id\":\"https:\/\/moreda.com\/fr\/#website\",\"url\":\"https:\/\/moreda.com\/fr\/\",\"name\":\"MRT - Moreda Riviere Trefiler\u00edas\",\"description\":\"Moreda Riviere Trefiler\u00edas. Fabricante de vallas y alambres\",\"publisher\":{\"@id\":\"https:\/\/moreda.com\/fr\/#organization\"},\"alternateName\":\"MRT\",\"potentialAction\":[{\"@type\":\"SearchAction\",\"target\":{\"@type\":\"EntryPoint\",\"urlTemplate\":\"https:\/\/moreda.com\/fr\/?s={search_term_string}\"},\"query-input\":{\"@type\":\"PropertyValueSpecification\",\"valueRequired\":true,\"valueName\":\"search_term_string\"}}],\"inLanguage\":\"fr-FR\"},{\"@type\":\"Organization\",\"@id\":\"https:\/\/moreda.com\/fr\/#organization\",\"name\":\"Moreda Riviere Trefiler\u00edas\",\"alternateName\":\"MRT\",\"url\":\"https:\/\/moreda.com\/fr\/\",\"logo\":{\"@type\":\"ImageObject\",\"inLanguage\":\"fr-FR\",\"@id\":\"https:\/\/moreda.com\/fr\/#\/schema\/logo\/image\/\",\"url\":\"https:\/\/moreda.com\/wp-content\/uploads\/2022\/05\/logo-moreda-stiky.svg\",\"contentUrl\":\"https:\/\/moreda.com\/wp-content\/uploads\/2022\/05\/logo-moreda-stiky.svg\",\"width\":541,\"height\":247,\"caption\":\"Moreda Riviere Trefiler\u00edas\"},\"image\":{\"@id\":\"https:\/\/moreda.com\/fr\/#\/schema\/logo\/image\/\"},\"sameAs\":[\"https:\/\/www.facebook.com\/moredarivieretrefileriassa\",\"https:\/\/x.com\/MoredaRiviere\",\"https:\/\/www.youtube.com\/user\/MOREDARIVIERE\",\"https:\/\/www.linkedin.com\/company\/trefilerias-moreda-riviere\",\"https:\/\/www.instagram.com\/moreda.riviere.trefilerias\/\"]}]}<\/script>\n<!-- \/ Yoast SEO plugin. -->","yoast_head_json":{"title":"Portails m\u00e9talliques - Moreda Riviere Trefiler\u00edas. Fabricante de vallas y alambres","description":"Nous disposons d'une grande vari\u00e9t\u00e9 de portails m\u00e9talliques pour compl\u00e9ter votre cl\u00f4ture. Nous proposons des portails battants, coulissants et autoportants.","robots":{"index":"index","follow":"follow","max-snippet":"max-snippet:-1","max-image-preview":"max-image-preview:large","max-video-preview":"max-video-preview:-1"},"canonical":"https:\/\/moreda.com\/fr\/produits\/portails-metalliques\/","og_locale":"fr_FR","og_type":"article","og_title":"Portails m\u00e9talliques - Moreda Riviere Trefiler\u00edas. Fabricante de vallas y alambres","og_description":"Nous disposons d'une grande vari\u00e9t\u00e9 de portails m\u00e9talliques pour compl\u00e9ter votre cl\u00f4ture. Nous proposons des portails battants, coulissants et autoportants.","og_url":"https:\/\/moreda.com\/fr\/produits\/portails-metalliques\/","og_site_name":"MRT","article_publisher":"https:\/\/www.facebook.com\/moredarivieretrefileriassa","article_modified_time":"2024-08-07T12:22:24+00:00","og_image":[{"width":1280,"height":853,"url":"https:\/\/moreda.com\/wp-content\/uploads\/2021\/12\/puerta-corredera-pro-ondas.webp","type":"image\/webp"}],"twitter_card":"summary_large_image","twitter_site":"@MoredaRiviere","schema":{"@context":"https:\/\/schema.org","@graph":[{"@type":"WebPage","@id":"https:\/\/moreda.com\/fr\/produits\/portails-metalliques\/","url":"https:\/\/moreda.com\/fr\/produits\/portails-metalliques\/","name":"Portails m\u00e9talliques - Moreda Riviere Trefiler\u00edas. Fabricante de vallas y alambres","isPartOf":{"@id":"https:\/\/moreda.com\/fr\/#website"},"primaryImageOfPage":{"@id":"https:\/\/moreda.com\/fr\/produits\/portails-metalliques\/#primaryimage"},"image":{"@id":"https:\/\/moreda.com\/fr\/produits\/portails-metalliques\/#primaryimage"},"thumbnailUrl":"https:\/\/moreda.com\/wp-content\/uploads\/2021\/12\/puerta-corredera-pro-ondas.webp","datePublished":"2021-10-28T07:49:22+00:00","dateModified":"2024-08-07T12:22:24+00:00","description":"Nous disposons d'une grande vari\u00e9t\u00e9 de portails m\u00e9talliques pour compl\u00e9ter votre cl\u00f4ture. Nous proposons des portails battants, coulissants et autoportants.","breadcrumb":{"@id":"https:\/\/moreda.com\/fr\/produits\/portails-metalliques\/#breadcrumb"},"inLanguage":"fr-FR","potentialAction":[{"@type":"ReadAction","target":["https:\/\/moreda.com\/fr\/produits\/portails-metalliques\/"]}]},{"@type":"ImageObject","inLanguage":"fr-FR","@id":"https:\/\/moreda.com\/fr\/produits\/portails-metalliques\/#primaryimage","url":"https:\/\/moreda.com\/wp-content\/uploads\/2021\/12\/puerta-corredera-pro-ondas.webp","contentUrl":"https:\/\/moreda.com\/wp-content\/uploads\/2021\/12\/puerta-corredera-pro-ondas.webp","width":1280,"height":853,"caption":"Portail Coulissant Pro Ondas Plus"},{"@type":"BreadcrumbList","@id":"https:\/\/moreda.com\/fr\/produits\/portails-metalliques\/#breadcrumb","itemListElement":[{"@type":"ListItem","position":1,"name":"Portada","item":"https:\/\/moreda.com\/fr\/home\/"},{"@type":"ListItem","position":2,"name":"Produits","item":"https:\/\/moreda.com\/fr\/produits\/"},{"@type":"ListItem","position":3,"name":"Portails m\u00e9talliques"}]},{"@type":"WebSite","@id":"https:\/\/moreda.com\/fr\/#website","url":"https:\/\/moreda.com\/fr\/","name":"MRT - Moreda Riviere Trefiler\u00edas","description":"Moreda Riviere Trefiler\u00edas. Fabricante de vallas y alambres","publisher":{"@id":"https:\/\/moreda.com\/fr\/#organization"},"alternateName":"MRT","potentialAction":[{"@type":"SearchAction","target":{"@type":"EntryPoint","urlTemplate":"https:\/\/moreda.com\/fr\/?s={search_term_string}"},"query-input":{"@type":"PropertyValueSpecification","valueRequired":true,"valueName":"search_term_string"}}],"inLanguage":"fr-FR"},{"@type":"Organization","@id":"https:\/\/moreda.com\/fr\/#organization","name":"Moreda Riviere Trefiler\u00edas","alternateName":"MRT","url":"https:\/\/moreda.com\/fr\/","logo":{"@type":"ImageObject","inLanguage":"fr-FR","@id":"https:\/\/moreda.com\/fr\/#\/schema\/logo\/image\/","url":"https:\/\/moreda.com\/wp-content\/uploads\/2022\/05\/logo-moreda-stiky.svg","contentUrl":"https:\/\/moreda.com\/wp-content\/uploads\/2022\/05\/logo-moreda-stiky.svg","width":541,"height":247,"caption":"Moreda Riviere Trefiler\u00edas"},"image":{"@id":"https:\/\/moreda.com\/fr\/#\/schema\/logo\/image\/"},"sameAs":["https:\/\/www.facebook.com\/moredarivieretrefileriassa","https:\/\/x.com\/MoredaRiviere","https:\/\/www.youtube.com\/user\/MOREDARIVIERE","https:\/\/www.linkedin.com\/company\/trefilerias-moreda-riviere","https:\/\/www.instagram.com\/moreda.riviere.trefilerias\/"]}]}},"_links":{"self":[{"href":"https:\/\/moreda.com\/fr\/wp-json\/wp\/v2\/pages\/37149","targetHints":{"allow":["GET"]}}],"collection":[{"href":"https:\/\/moreda.com\/fr\/wp-json\/wp\/v2\/pages"}],"about":[{"href":"https:\/\/moreda.com\/fr\/wp-json\/wp\/v2\/types\/page"}],"author":[{"embeddable":true,"href":"https:\/\/moreda.com\/fr\/wp-json\/wp\/v2\/users\/1"}],"replies":[{"embeddable":true,"href":"https:\/\/moreda.com\/fr\/wp-json\/wp\/v2\/comments?post=37149"}],"version-history":[{"count":9,"href":"https:\/\/moreda.com\/fr\/wp-json\/wp\/v2\/pages\/37149\/revisions"}],"predecessor-version":[{"id":50389,"href":"https:\/\/moreda.com\/fr\/wp-json\/wp\/v2\/pages\/37149\/revisions\/50389"}],"up":[{"embeddable":true,"href":"https:\/\/moreda.com\/fr\/wp-json\/wp\/v2\/pages\/37133"}],"wp:featuredmedia":[{"embeddable":true,"href":"https:\/\/moreda.com\/fr\/wp-json\/wp\/v2\/media\/35283"}],"wp:attachment":[{"href":"https:\/\/moreda.com\/fr\/wp-json\/wp\/v2\/media?parent=37149"}],"curies":[{"name":"wp","href":"https:\/\/api.w.org\/{rel}","templated":true}]}}