{"id":37141,"date":"2021-10-28T09:51:26","date_gmt":"2021-10-28T07:51:26","guid":{"rendered":"https:\/\/moreda.com\/produits\/grillages-noues\/"},"modified":"2024-09-26T15:15:53","modified_gmt":"2024-09-26T13:15:53","slug":"grillages-noues","status":"publish","type":"page","link":"https:\/\/moreda.com\/fr\/produits\/grillages-noues\/","title":{"rendered":"Grillages nou\u00e9s"},"content":{"rendered":"\t\t<div data-elementor-type=\"wp-page\" data-elementor-id=\"37141\" class=\"elementor elementor-37141 elementor-340\" data-elementor-post-type=\"page\">\n\t\t\t\t\t\t<section class=\"elementor-section elementor-top-section elementor-element elementor-element-2172852 elementor-section-full_width elementor-section-height-min-height elementor-section-height-default elementor-section-items-middle\" data-id=\"2172852\" data-element_type=\"section\" data-e-type=\"section\" data-settings=\"{&quot;background_background&quot;:&quot;classic&quot;,&quot;motion_fx_motion_fx_scrolling&quot;:&quot;yes&quot;,&quot;motion_fx_devices&quot;:[&quot;widescreen&quot;,&quot;desktop&quot;,&quot;tablet&quot;,&quot;mobile&quot;]}\">\n\t\t\t\t\t\t<div class=\"elementor-container elementor-column-gap-default\">\n\t\t\t\t\t<div class=\"elementor-column elementor-col-100 elementor-top-column elementor-element elementor-element-9c35daa\" data-id=\"9c35daa\" data-element_type=\"column\" data-e-type=\"column\">\n\t\t\t<div class=\"elementor-widget-wrap elementor-element-populated\">\n\t\t\t\t\t\t<div class=\"elementor-element elementor-element-ed7646b elementor-widget elementor-widget-heading\" data-id=\"ed7646b\" data-element_type=\"widget\" data-e-type=\"widget\" data-widget_type=\"heading.default\">\n\t\t\t\t<div class=\"elementor-widget-container\">\n\t\t\t\t\t<h1 class=\"elementor-heading-title elementor-size-default\">GRILLAGES NOU\u00c9S<\/h1>\t\t\t\t<\/div>\n\t\t\t\t<\/div>\n\t\t\t\t\t<\/div>\n\t\t<\/div>\n\t\t\t\t\t<\/div>\n\t\t<\/section>\n\t\t\t\t<section class=\"elementor-section elementor-top-section elementor-element elementor-element-ac3f832 elementor-section-boxed elementor-section-height-default elementor-section-height-default\" data-id=\"ac3f832\" data-element_type=\"section\" data-e-type=\"section\">\n\t\t\t\t\t\t<div class=\"elementor-container elementor-column-gap-default\">\n\t\t\t\t\t<div class=\"elementor-column elementor-col-100 elementor-top-column elementor-element elementor-element-cc99619\" data-id=\"cc99619\" data-element_type=\"column\" data-e-type=\"column\">\n\t\t\t<div class=\"elementor-widget-wrap elementor-element-populated\">\n\t\t\t\t\t\t<div class=\"elementor-element elementor-element-a545258 elementor-widget elementor-widget-spacer\" data-id=\"a545258\" data-element_type=\"widget\" data-e-type=\"widget\" data-widget_type=\"spacer.default\">\n\t\t\t\t<div class=\"elementor-widget-container\">\n\t\t\t\t\t\t\t<div class=\"elementor-spacer\">\n\t\t\t<div class=\"elementor-spacer-inner\"><\/div>\n\t\t<\/div>\n\t\t\t\t\t\t<\/div>\n\t\t\t\t<\/div>\n\t\t\t\t<div class=\"elementor-element elementor-element-3f3f6ea elementor-align-flex-start elementor-widget elementor-widget-raven-breadcrumbs\" data-id=\"3f3f6ea\" data-element_type=\"widget\" data-e-type=\"widget\" data-widget_type=\"raven-breadcrumbs.default\">\n\t\t\t\t<div class=\"elementor-widget-container\">\n\t\t\t\t\t<div class=\"raven-breadcrumbs raven-breadcrumbs-default\"><div class=\"breadcrumb\">\t\t\t\t<div class=\"breadcrumb-item active\" aria-current=\"page\"><span>Home<\/span><\/div>\n\n\t\t\t\t<\/div><\/div>\t\t\t\t<\/div>\n\t\t\t\t<\/div>\n\t\t\t\t<div class=\"elementor-element elementor-element-710bc7d elementor-widget elementor-widget-spacer\" data-id=\"710bc7d\" data-element_type=\"widget\" data-e-type=\"widget\" data-widget_type=\"spacer.default\">\n\t\t\t\t<div class=\"elementor-widget-container\">\n\t\t\t\t\t\t\t<div class=\"elementor-spacer\">\n\t\t\t<div class=\"elementor-spacer-inner\"><\/div>\n\t\t<\/div>\n\t\t\t\t\t\t<\/div>\n\t\t\t\t<\/div>\n\t\t\t\t\t<\/div>\n\t\t<\/div>\n\t\t\t\t\t<\/div>\n\t\t<\/section>\n\t\t\t\t<section class=\"elementor-section elementor-top-section elementor-element elementor-element-5010b98 elementor-section-boxed elementor-section-height-default elementor-section-height-default\" data-id=\"5010b98\" data-element_type=\"section\" data-e-type=\"section\">\n\t\t\t\t\t\t<div class=\"elementor-container elementor-column-gap-default\">\n\t\t\t\t\t<div class=\"elementor-column elementor-col-100 elementor-top-column elementor-element elementor-element-4c44324\" data-id=\"4c44324\" data-element_type=\"column\" data-e-type=\"column\">\n\t\t\t<div class=\"elementor-widget-wrap elementor-element-populated\">\n\t\t\t\t\t\t<div class=\"elementor-element elementor-element-24df69d elementor-widget elementor-widget-text-editor\" data-id=\"24df69d\" data-element_type=\"widget\" data-e-type=\"widget\" data-widget_type=\"text-editor.default\">\n\t\t\t\t<div class=\"elementor-widget-container\">\n\t\t\t\t\t\t\t\t\t<p style=\"text-align: left;\">Les grillages nou\u00e9s se caract\u00e9risent par le fait que les fils horizontaux sont toujours continus, ce qui permet d&#8217;absorber les chocs. Ce type de grillage est utilis\u00e9 pour cl\u00f4turer de grandes surfaces. Certaines utilisations courantes consistent \u00e0 confiner le <strong>b\u00e9tail<\/strong>, par exemple les moutons, les vaches, les porcs et la volaille\u00a0; nous avons aussi des cl\u00f4tures <strong>\u00e9questres<\/strong> pour prot\u00e9ger chevaux et poulains\u00a0; des cl\u00f4tures pour <strong>emp\u00eacher l&#8217;intrusion<\/strong> sur des terres priv\u00e9es, des coteaux de chasse, des routes, des voies ferr\u00e9es ou des fermes.<\/p><p style=\"text-align: left;\">Notre gamme de grillages nou\u00e9s est divis\u00e9e en\u00a0: grillages \u00e0 n\u0153ud charni\u00e8re pour le b\u00e9tail, tels que les grillages <strong>nou\u00e9s pour<\/strong> les animaux de ferme <a href=\"https:\/\/moreda.com\/fr\/produits\/grillages-noues\/hj-mrt\/\"><span class=\"text-copyright\">HJ\u00a0MRT<\/span><\/a>,\u00a0les grillages \u00e0 n\u0153ud <strong>fixe<\/strong> <a href=\"https:\/\/moreda.com\/fr\/produits\/grillages-noues\/fk-mrt\/\"><span class=\"text-copyright\">FK\u00a0MRT<\/span><\/a> (\u00e9galement connus sous le nom de n\u0153ud de cravate) et le <a href=\"https:\/\/moreda.com\/fr\/produits\/grillages-noues\/xk-mrt\/\"><span class=\"text-copyright\">XK\u00a0MRT<\/span><\/a> avec <strong>n\u0153ud forg\u00e9 antid\u00e9rapant<\/strong> en forme de X.<\/p>\t\t\t\t\t\t\t\t<\/div>\n\t\t\t\t<\/div>\n\t\t\t\t\t<\/div>\n\t\t<\/div>\n\t\t\t\t\t<\/div>\n\t\t<\/section>\n\t\t\t\t<section class=\"elementor-section elementor-top-section elementor-element elementor-element-20aea2d elementor-section-boxed elementor-section-height-default elementor-section-height-default\" data-id=\"20aea2d\" data-element_type=\"section\" data-e-type=\"section\">\n\t\t\t\t\t\t<div class=\"elementor-container elementor-column-gap-default\">\n\t\t\t\t\t<div class=\"elementor-column elementor-col-33 elementor-top-column elementor-element elementor-element-fa39115\" data-id=\"fa39115\" data-element_type=\"column\" data-e-type=\"column\">\n\t\t\t<div class=\"elementor-widget-wrap elementor-element-populated\">\n\t\t\t\t\t\t<div class=\"elementor-element elementor-element-2d9a6a3 productohome elementor-widget elementor-widget-image\" data-id=\"2d9a6a3\" data-element_type=\"widget\" data-e-type=\"widget\" data-widget_type=\"image.default\">\n\t\t\t\t<div class=\"elementor-widget-container\">\n\t\t\t\t\t\t\t\t\t\t\t\t<figure class=\"wp-caption\">\n\t\t\t\t\t\t\t\t\t\t\t<a href=\"https:\/\/moreda.com\/fr\/produits\/grillages-noues\/hj-mrt\/\">\n\t\t\t\t\t\t\t<img fetchpriority=\"high\" decoding=\"async\" width=\"600\" height=\"400\" src=\"https:\/\/moreda.com\/wp-content\/uploads\/2021\/12\/malla-anudada-hj-mrt.webp\" class=\"attachment-full size-full wp-image-35345\" alt=\"Grillage nou\u00e9 HJ MRT\u00ae pour le b\u00e9tail\" srcset=\"https:\/\/moreda.com\/wp-content\/uploads\/2021\/12\/malla-anudada-hj-mrt.webp 600w, https:\/\/moreda.com\/wp-content\/uploads\/2021\/12\/malla-anudada-hj-mrt-300x200.webp 300w\" sizes=\"(max-width: 600px) 100vw, 600px\" \/>\t\t\t\t\t\t\t\t<\/a>\n\t\t\t\t\t\t\t\t\t\t\t<figcaption class=\"widget-image-caption wp-caption-text\">HJ MRT\u00ae<\/figcaption>\n\t\t\t\t\t\t\t\t\t\t<\/figure>\n\t\t\t\t\t\t\t\t\t<\/div>\n\t\t\t\t<\/div>\n\t\t\t\t\t<\/div>\n\t\t<\/div>\n\t\t\t\t<div class=\"elementor-column elementor-col-33 elementor-top-column elementor-element elementor-element-c557303\" data-id=\"c557303\" data-element_type=\"column\" data-e-type=\"column\">\n\t\t\t<div class=\"elementor-widget-wrap elementor-element-populated\">\n\t\t\t\t\t\t<div class=\"elementor-element elementor-element-9d882cc productohome elementor-widget elementor-widget-image\" data-id=\"9d882cc\" data-element_type=\"widget\" data-e-type=\"widget\" data-widget_type=\"image.default\">\n\t\t\t\t<div class=\"elementor-widget-container\">\n\t\t\t\t\t\t\t\t\t\t\t\t<figure class=\"wp-caption\">\n\t\t\t\t\t\t\t\t\t\t\t<a href=\"https:\/\/moreda.com\/fr\/produits\/grillages-noues\/fk-mrt\/\">\n\t\t\t\t\t\t\t<img decoding=\"async\" width=\"600\" height=\"400\" src=\"https:\/\/moreda.com\/wp-content\/uploads\/2021\/12\/malla-anudada-fk-productos.webp\" class=\"attachment-full size-full wp-image-35799\" alt=\"Grillage nou\u00e9 FK MRT\u00ae\" srcset=\"https:\/\/moreda.com\/wp-content\/uploads\/2021\/12\/malla-anudada-fk-productos.webp 600w, https:\/\/moreda.com\/wp-content\/uploads\/2021\/12\/malla-anudada-fk-productos-300x200.webp 300w\" sizes=\"(max-width: 600px) 100vw, 600px\" \/>\t\t\t\t\t\t\t\t<\/a>\n\t\t\t\t\t\t\t\t\t\t\t<figcaption class=\"widget-image-caption wp-caption-text\">FK MRT\u00ae<\/figcaption>\n\t\t\t\t\t\t\t\t\t\t<\/figure>\n\t\t\t\t\t\t\t\t\t<\/div>\n\t\t\t\t<\/div>\n\t\t\t\t\t<\/div>\n\t\t<\/div>\n\t\t\t\t<div class=\"elementor-column elementor-col-33 elementor-top-column elementor-element elementor-element-4a12d8e\" data-id=\"4a12d8e\" data-element_type=\"column\" data-e-type=\"column\">\n\t\t\t<div class=\"elementor-widget-wrap elementor-element-populated\">\n\t\t\t\t\t\t<div class=\"elementor-element elementor-element-9f7aa7b productohome elementor-widget elementor-widget-image\" data-id=\"9f7aa7b\" data-element_type=\"widget\" data-e-type=\"widget\" data-widget_type=\"image.default\">\n\t\t\t\t<div class=\"elementor-widget-container\">\n\t\t\t\t\t\t\t\t\t\t\t\t<figure class=\"wp-caption\">\n\t\t\t\t\t\t\t\t\t\t\t<a href=\"https:\/\/moreda.com\/fr\/produits\/grillages-noues\/xk-mrt\/\">\n\t\t\t\t\t\t\t<img decoding=\"async\" width=\"600\" height=\"400\" src=\"https:\/\/moreda.com\/wp-content\/uploads\/2021\/12\/malla-anudada-xk-mrt.webp\" class=\"attachment-full size-full wp-image-35801\" alt=\"Grillage nou\u00e9 XK MRT\u00ae\" srcset=\"https:\/\/moreda.com\/wp-content\/uploads\/2021\/12\/malla-anudada-xk-mrt.webp 600w, https:\/\/moreda.com\/wp-content\/uploads\/2021\/12\/malla-anudada-xk-mrt-300x200.webp 300w\" sizes=\"(max-width: 600px) 100vw, 600px\" \/>\t\t\t\t\t\t\t\t<\/a>\n\t\t\t\t\t\t\t\t\t\t\t<figcaption class=\"widget-image-caption wp-caption-text\">XK MRT\u00ae<\/figcaption>\n\t\t\t\t\t\t\t\t\t\t<\/figure>\n\t\t\t\t\t\t\t\t\t<\/div>\n\t\t\t\t<\/div>\n\t\t\t\t\t<\/div>\n\t\t<\/div>\n\t\t\t\t\t<\/div>\n\t\t<\/section>\n\t\t\t\t<section class=\"elementor-section elementor-top-section elementor-element elementor-element-5515174 elementor-section-boxed elementor-section-height-default elementor-section-height-default\" data-id=\"5515174\" data-element_type=\"section\" data-e-type=\"section\">\n\t\t\t\t\t\t<div class=\"elementor-container elementor-column-gap-default\">\n\t\t\t\t\t<div class=\"elementor-column elementor-col-100 elementor-top-column elementor-element elementor-element-6f9418b\" data-id=\"6f9418b\" data-element_type=\"column\" data-e-type=\"column\">\n\t\t\t<div class=\"elementor-widget-wrap elementor-element-populated\">\n\t\t\t\t\t\t<div class=\"elementor-element elementor-element-43bb68f elementor-widget elementor-widget-spacer\" data-id=\"43bb68f\" data-element_type=\"widget\" data-e-type=\"widget\" data-widget_type=\"spacer.default\">\n\t\t\t\t<div class=\"elementor-widget-container\">\n\t\t\t\t\t\t\t<div class=\"elementor-spacer\">\n\t\t\t<div class=\"elementor-spacer-inner\"><\/div>\n\t\t<\/div>\n\t\t\t\t\t\t<\/div>\n\t\t\t\t<\/div>\n\t\t\t\t\t<\/div>\n\t\t<\/div>\n\t\t\t\t\t<\/div>\n\t\t<\/section>\n\t\t\t\t<section class=\"elementor-section elementor-top-section elementor-element elementor-element-c28f4aa elementor-section-boxed elementor-section-height-default elementor-section-height-default\" data-id=\"c28f4aa\" data-element_type=\"section\" data-e-type=\"section\">\n\t\t\t\t\t\t<div class=\"elementor-container elementor-column-gap-default\">\n\t\t\t\t\t<div class=\"elementor-column elementor-col-100 elementor-top-column elementor-element elementor-element-e3ea12f\" data-id=\"e3ea12f\" data-element_type=\"column\" data-e-type=\"column\">\n\t\t\t<div class=\"elementor-widget-wrap elementor-element-populated\">\n\t\t\t\t\t\t<div class=\"elementor-element elementor-element-0dbcd85 elementor-align-right elementor-widget__width-initial elementor-fixed elementor-invisible elementor-widget elementor-widget-global elementor-global-48526 elementor-global-29112 elementor-widget-button\" data-id=\"0dbcd85\" data-element_type=\"widget\" data-e-type=\"widget\" data-settings=\"{&quot;_position&quot;:&quot;fixed&quot;,&quot;_animation&quot;:&quot;fadeInUp&quot;}\" data-widget_type=\"button.default\">\n\t\t\t\t<div class=\"elementor-widget-container\">\n\t\t\t\t\t\t\t\t\t<div class=\"elementor-button-wrapper\">\n\t\t\t\t\t<a class=\"elementor-button elementor-button-link elementor-size-xl\" href=\"https:\/\/moreda.com\/fr\/contact\/contactez-nous\/#contacto-formulario-directo\">\n\t\t\t\t\t\t<span class=\"elementor-button-content-wrapper\">\n\t\t\t\t\t\t<span class=\"elementor-button-icon\">\n\t\t\t\t<i aria-hidden=\"true\" class=\"fas fa-envelope\"><\/i>\t\t\t<\/span>\n\t\t\t\t\t\t\t\t<\/span>\n\t\t\t\t\t<\/a>\n\t\t\t\t<\/div>\n\t\t\t\t\t\t\t\t<\/div>\n\t\t\t\t<\/div>\n\t\t\t\t\t<\/div>\n\t\t<\/div>\n\t\t\t\t\t<\/div>\n\t\t<\/section>\n\t\t\t\t<\/div>\n\t\t","protected":false},"excerpt":{"rendered":"<p>GRILLAGES NOU\u00c9S Home Les grillages nou\u00e9s se caract\u00e9risent par le fait que les fils horizontaux sont toujours continus, ce qui permet d&#8217;absorber les chocs. Ce type de grillage est utilis\u00e9 pour cl\u00f4turer de grandes surfaces. Certaines utilisations courantes consistent \u00e0 confiner le b\u00e9tail, par exemple les moutons, les vaches, les porcs et la volaille\u00a0; nous [&hellip;]<\/p>\n","protected":false},"author":1,"featured_media":35345,"parent":37133,"menu_order":0,"comment_status":"closed","ping_status":"open","template":"elementor_header_footer","meta":{"_acf_changed":false,"footnotes":""},"class_list":["post-37141","page","type-page","status-publish","has-post-thumbnail","hentry"],"acf":[],"yoast_head":"<!-- This site is optimized with the Yoast SEO plugin v27.2 - https:\/\/yoast.com\/product\/yoast-seo-wordpress\/ -->\n<title>Grillages nou\u00e9s - Moreda Riviere Trefiler\u00edas. Fabricante de vallas y alambres<\/title>\n<meta name=\"description\" content=\"Grillages nou\u00e9s avec diff\u00e9rents n\u0153uds, tailles et g\u00e9om\u00e9tries\u00a0: HJ MRT\u00ae, Agrotor\u00ae Premium, FK MRT\u00ae et XK MRT\u00ae.\" \/>\n<meta name=\"robots\" content=\"index, follow, max-snippet:-1, max-image-preview:large, max-video-preview:-1\" \/>\n<link rel=\"canonical\" href=\"https:\/\/moreda.com\/fr\/produits\/grillages-noues\/\" \/>\n<meta property=\"og:locale\" content=\"fr_FR\" \/>\n<meta property=\"og:type\" content=\"article\" \/>\n<meta property=\"og:title\" content=\"Grillages nou\u00e9s - Moreda Riviere Trefiler\u00edas. Fabricante de vallas y alambres\" \/>\n<meta property=\"og:description\" content=\"Grillages nou\u00e9s avec diff\u00e9rents n\u0153uds, tailles et g\u00e9om\u00e9tries\u00a0: HJ MRT\u00ae, Agrotor\u00ae Premium, FK MRT\u00ae et XK MRT\u00ae.\" \/>\n<meta property=\"og:url\" content=\"https:\/\/moreda.com\/fr\/produits\/grillages-noues\/\" \/>\n<meta property=\"og:site_name\" content=\"MRT\" \/>\n<meta property=\"article:publisher\" content=\"https:\/\/www.facebook.com\/moredarivieretrefileriassa\" \/>\n<meta property=\"article:modified_time\" content=\"2024-09-26T13:15:53+00:00\" \/>\n<meta property=\"og:image\" content=\"https:\/\/moreda.com\/wp-content\/uploads\/2021\/12\/malla-anudada-hj-mrt.webp\" \/>\n\t<meta property=\"og:image:width\" content=\"600\" \/>\n\t<meta property=\"og:image:height\" content=\"400\" \/>\n\t<meta property=\"og:image:type\" content=\"image\/webp\" \/>\n<meta name=\"twitter:card\" content=\"summary_large_image\" \/>\n<meta name=\"twitter:site\" content=\"@MoredaRiviere\" \/>\n<meta name=\"twitter:label1\" content=\"Dur\u00e9e de lecture estim\u00e9e\" \/>\n\t<meta name=\"twitter:data1\" content=\"2 minutes\" \/>\n<script type=\"application\/ld+json\" class=\"yoast-schema-graph\">{\"@context\":\"https:\/\/schema.org\",\"@graph\":[{\"@type\":\"WebPage\",\"@id\":\"https:\/\/moreda.com\/fr\/produits\/grillages-noues\/\",\"url\":\"https:\/\/moreda.com\/fr\/produits\/grillages-noues\/\",\"name\":\"Grillages nou\u00e9s - Moreda Riviere Trefiler\u00edas. Fabricante de vallas y alambres\",\"isPartOf\":{\"@id\":\"https:\/\/moreda.com\/fr\/#website\"},\"primaryImageOfPage\":{\"@id\":\"https:\/\/moreda.com\/fr\/produits\/grillages-noues\/#primaryimage\"},\"image\":{\"@id\":\"https:\/\/moreda.com\/fr\/produits\/grillages-noues\/#primaryimage\"},\"thumbnailUrl\":\"https:\/\/moreda.com\/wp-content\/uploads\/2021\/12\/malla-anudada-hj-mrt.webp\",\"datePublished\":\"2021-10-28T07:51:26+00:00\",\"dateModified\":\"2024-09-26T13:15:53+00:00\",\"description\":\"Grillages nou\u00e9s avec diff\u00e9rents n\u0153uds, tailles et g\u00e9om\u00e9tries\u00a0: HJ MRT\u00ae, Agrotor\u00ae Premium, FK MRT\u00ae et XK MRT\u00ae.\",\"breadcrumb\":{\"@id\":\"https:\/\/moreda.com\/fr\/produits\/grillages-noues\/#breadcrumb\"},\"inLanguage\":\"fr-FR\",\"potentialAction\":[{\"@type\":\"ReadAction\",\"target\":[\"https:\/\/moreda.com\/fr\/produits\/grillages-noues\/\"]}]},{\"@type\":\"ImageObject\",\"inLanguage\":\"fr-FR\",\"@id\":\"https:\/\/moreda.com\/fr\/produits\/grillages-noues\/#primaryimage\",\"url\":\"https:\/\/moreda.com\/wp-content\/uploads\/2021\/12\/malla-anudada-hj-mrt.webp\",\"contentUrl\":\"https:\/\/moreda.com\/wp-content\/uploads\/2021\/12\/malla-anudada-hj-mrt.webp\",\"width\":600,\"height\":400,\"caption\":\"HJ MRT\u00ae\"},{\"@type\":\"BreadcrumbList\",\"@id\":\"https:\/\/moreda.com\/fr\/produits\/grillages-noues\/#breadcrumb\",\"itemListElement\":[{\"@type\":\"ListItem\",\"position\":1,\"name\":\"Portada\",\"item\":\"https:\/\/moreda.com\/fr\/home\/\"},{\"@type\":\"ListItem\",\"position\":2,\"name\":\"Produits\",\"item\":\"https:\/\/moreda.com\/fr\/produits\/\"},{\"@type\":\"ListItem\",\"position\":3,\"name\":\"Grillages nou\u00e9s\"}]},{\"@type\":\"WebSite\",\"@id\":\"https:\/\/moreda.com\/fr\/#website\",\"url\":\"https:\/\/moreda.com\/fr\/\",\"name\":\"MRT - Moreda Riviere Trefiler\u00edas\",\"description\":\"Moreda Riviere Trefiler\u00edas. Fabricante de vallas y alambres\",\"publisher\":{\"@id\":\"https:\/\/moreda.com\/fr\/#organization\"},\"alternateName\":\"MRT\",\"potentialAction\":[{\"@type\":\"SearchAction\",\"target\":{\"@type\":\"EntryPoint\",\"urlTemplate\":\"https:\/\/moreda.com\/fr\/?s={search_term_string}\"},\"query-input\":{\"@type\":\"PropertyValueSpecification\",\"valueRequired\":true,\"valueName\":\"search_term_string\"}}],\"inLanguage\":\"fr-FR\"},{\"@type\":\"Organization\",\"@id\":\"https:\/\/moreda.com\/fr\/#organization\",\"name\":\"Moreda Riviere Trefiler\u00edas\",\"alternateName\":\"MRT\",\"url\":\"https:\/\/moreda.com\/fr\/\",\"logo\":{\"@type\":\"ImageObject\",\"inLanguage\":\"fr-FR\",\"@id\":\"https:\/\/moreda.com\/fr\/#\/schema\/logo\/image\/\",\"url\":\"https:\/\/moreda.com\/wp-content\/uploads\/2022\/05\/logo-moreda-stiky.svg\",\"contentUrl\":\"https:\/\/moreda.com\/wp-content\/uploads\/2022\/05\/logo-moreda-stiky.svg\",\"width\":541,\"height\":247,\"caption\":\"Moreda Riviere Trefiler\u00edas\"},\"image\":{\"@id\":\"https:\/\/moreda.com\/fr\/#\/schema\/logo\/image\/\"},\"sameAs\":[\"https:\/\/www.facebook.com\/moredarivieretrefileriassa\",\"https:\/\/x.com\/MoredaRiviere\",\"https:\/\/www.youtube.com\/user\/MOREDARIVIERE\",\"https:\/\/www.linkedin.com\/company\/trefilerias-moreda-riviere\",\"https:\/\/www.instagram.com\/moreda.riviere.trefilerias\/\"]}]}<\/script>\n<!-- \/ Yoast SEO plugin. -->","yoast_head_json":{"title":"Grillages nou\u00e9s - Moreda Riviere Trefiler\u00edas. Fabricante de vallas y alambres","description":"Grillages nou\u00e9s avec diff\u00e9rents n\u0153uds, tailles et g\u00e9om\u00e9tries\u00a0: HJ MRT\u00ae, Agrotor\u00ae Premium, FK MRT\u00ae et XK MRT\u00ae.","robots":{"index":"index","follow":"follow","max-snippet":"max-snippet:-1","max-image-preview":"max-image-preview:large","max-video-preview":"max-video-preview:-1"},"canonical":"https:\/\/moreda.com\/fr\/produits\/grillages-noues\/","og_locale":"fr_FR","og_type":"article","og_title":"Grillages nou\u00e9s - Moreda Riviere Trefiler\u00edas. Fabricante de vallas y alambres","og_description":"Grillages nou\u00e9s avec diff\u00e9rents n\u0153uds, tailles et g\u00e9om\u00e9tries\u00a0: HJ MRT\u00ae, Agrotor\u00ae Premium, FK MRT\u00ae et XK MRT\u00ae.","og_url":"https:\/\/moreda.com\/fr\/produits\/grillages-noues\/","og_site_name":"MRT","article_publisher":"https:\/\/www.facebook.com\/moredarivieretrefileriassa","article_modified_time":"2024-09-26T13:15:53+00:00","og_image":[{"width":600,"height":400,"url":"https:\/\/moreda.com\/wp-content\/uploads\/2021\/12\/malla-anudada-hj-mrt.webp","type":"image\/webp"}],"twitter_card":"summary_large_image","twitter_site":"@MoredaRiviere","twitter_misc":{"Dur\u00e9e de lecture estim\u00e9e":"2 minutes"},"schema":{"@context":"https:\/\/schema.org","@graph":[{"@type":"WebPage","@id":"https:\/\/moreda.com\/fr\/produits\/grillages-noues\/","url":"https:\/\/moreda.com\/fr\/produits\/grillages-noues\/","name":"Grillages nou\u00e9s - Moreda Riviere Trefiler\u00edas. Fabricante de vallas y alambres","isPartOf":{"@id":"https:\/\/moreda.com\/fr\/#website"},"primaryImageOfPage":{"@id":"https:\/\/moreda.com\/fr\/produits\/grillages-noues\/#primaryimage"},"image":{"@id":"https:\/\/moreda.com\/fr\/produits\/grillages-noues\/#primaryimage"},"thumbnailUrl":"https:\/\/moreda.com\/wp-content\/uploads\/2021\/12\/malla-anudada-hj-mrt.webp","datePublished":"2021-10-28T07:51:26+00:00","dateModified":"2024-09-26T13:15:53+00:00","description":"Grillages nou\u00e9s avec diff\u00e9rents n\u0153uds, tailles et g\u00e9om\u00e9tries\u00a0: HJ MRT\u00ae, Agrotor\u00ae Premium, FK MRT\u00ae et XK MRT\u00ae.","breadcrumb":{"@id":"https:\/\/moreda.com\/fr\/produits\/grillages-noues\/#breadcrumb"},"inLanguage":"fr-FR","potentialAction":[{"@type":"ReadAction","target":["https:\/\/moreda.com\/fr\/produits\/grillages-noues\/"]}]},{"@type":"ImageObject","inLanguage":"fr-FR","@id":"https:\/\/moreda.com\/fr\/produits\/grillages-noues\/#primaryimage","url":"https:\/\/moreda.com\/wp-content\/uploads\/2021\/12\/malla-anudada-hj-mrt.webp","contentUrl":"https:\/\/moreda.com\/wp-content\/uploads\/2021\/12\/malla-anudada-hj-mrt.webp","width":600,"height":400,"caption":"HJ MRT\u00ae"},{"@type":"BreadcrumbList","@id":"https:\/\/moreda.com\/fr\/produits\/grillages-noues\/#breadcrumb","itemListElement":[{"@type":"ListItem","position":1,"name":"Portada","item":"https:\/\/moreda.com\/fr\/home\/"},{"@type":"ListItem","position":2,"name":"Produits","item":"https:\/\/moreda.com\/fr\/produits\/"},{"@type":"ListItem","position":3,"name":"Grillages nou\u00e9s"}]},{"@type":"WebSite","@id":"https:\/\/moreda.com\/fr\/#website","url":"https:\/\/moreda.com\/fr\/","name":"MRT - Moreda Riviere Trefiler\u00edas","description":"Moreda Riviere Trefiler\u00edas. Fabricante de vallas y alambres","publisher":{"@id":"https:\/\/moreda.com\/fr\/#organization"},"alternateName":"MRT","potentialAction":[{"@type":"SearchAction","target":{"@type":"EntryPoint","urlTemplate":"https:\/\/moreda.com\/fr\/?s={search_term_string}"},"query-input":{"@type":"PropertyValueSpecification","valueRequired":true,"valueName":"search_term_string"}}],"inLanguage":"fr-FR"},{"@type":"Organization","@id":"https:\/\/moreda.com\/fr\/#organization","name":"Moreda Riviere Trefiler\u00edas","alternateName":"MRT","url":"https:\/\/moreda.com\/fr\/","logo":{"@type":"ImageObject","inLanguage":"fr-FR","@id":"https:\/\/moreda.com\/fr\/#\/schema\/logo\/image\/","url":"https:\/\/moreda.com\/wp-content\/uploads\/2022\/05\/logo-moreda-stiky.svg","contentUrl":"https:\/\/moreda.com\/wp-content\/uploads\/2022\/05\/logo-moreda-stiky.svg","width":541,"height":247,"caption":"Moreda Riviere Trefiler\u00edas"},"image":{"@id":"https:\/\/moreda.com\/fr\/#\/schema\/logo\/image\/"},"sameAs":["https:\/\/www.facebook.com\/moredarivieretrefileriassa","https:\/\/x.com\/MoredaRiviere","https:\/\/www.youtube.com\/user\/MOREDARIVIERE","https:\/\/www.linkedin.com\/company\/trefilerias-moreda-riviere","https:\/\/www.instagram.com\/moreda.riviere.trefilerias\/"]}]}},"_links":{"self":[{"href":"https:\/\/moreda.com\/fr\/wp-json\/wp\/v2\/pages\/37141","targetHints":{"allow":["GET"]}}],"collection":[{"href":"https:\/\/moreda.com\/fr\/wp-json\/wp\/v2\/pages"}],"about":[{"href":"https:\/\/moreda.com\/fr\/wp-json\/wp\/v2\/types\/page"}],"author":[{"embeddable":true,"href":"https:\/\/moreda.com\/fr\/wp-json\/wp\/v2\/users\/1"}],"replies":[{"embeddable":true,"href":"https:\/\/moreda.com\/fr\/wp-json\/wp\/v2\/comments?post=37141"}],"version-history":[{"count":31,"href":"https:\/\/moreda.com\/fr\/wp-json\/wp\/v2\/pages\/37141\/revisions"}],"predecessor-version":[{"id":51141,"href":"https:\/\/moreda.com\/fr\/wp-json\/wp\/v2\/pages\/37141\/revisions\/51141"}],"up":[{"embeddable":true,"href":"https:\/\/moreda.com\/fr\/wp-json\/wp\/v2\/pages\/37133"}],"wp:featuredmedia":[{"embeddable":true,"href":"https:\/\/moreda.com\/fr\/wp-json\/wp\/v2\/media\/35345"}],"wp:attachment":[{"href":"https:\/\/moreda.com\/fr\/wp-json\/wp\/v2\/media?parent=37141"}],"curies":[{"name":"wp","href":"https:\/\/api.w.org\/{rel}","templated":true}]}}